{"id":50757,"date":"2026-04-19T08:27:15","date_gmt":"2026-04-19T08:27:15","guid":{"rendered":"https:\/\/www.wallamascotas.com\/web3\/?post_type=product&#038;p=50757"},"modified":"2026-04-19T08:27:16","modified_gmt":"2026-04-19T08:27:16","slug":"matea","status":"publish","type":"product","link":"https:\/\/www.wallamascotas.com\/web3\/mascota\/matea\/","title":{"rendered":"MATEA"},"content":{"rendered":"<p><a href=\"http:\/\/chuchos-gr.org\/ficha-769\">http:\/\/chuchos-gr.org\/ficha-769<\/a><\/p>\n<p>Matea es tranquila, alegre, equilibrada. Una vez que coge confianza es cari\u00f1osa y mimosa. En la calle, es activa y ama el ejercicio y los paseos. Camina muy bien en correa, no se asusta del tr\u00e1fico ni de situaciones desconocidas. Se lleva bien con machos. No le gusta mucho, que haya varios perros a su alrededor, se pone un poco nerviosa.<\/p>\n<p>Su familia ideal tiene que ser activa, que hagan ejercicio, con hijos ya mayores y experiencia en perros. Despu\u00e9s de un per\u00edodo de adaptaci\u00f3n, podr\u00eda quedarse sola siempre que haya tenido suficiente actividad previamente. Ha sido abandonada.<\/p>\n<p><a href=\"https:\/\/www.wallamascotas.com\/web3\/wp-content\/uploads\/2026\/02\/u16-a_7691771173470.jpg\"><img decoding=\"async\" class=\"attachment-thumbnail size-thumbnail\" src=\"https:\/\/www.wallamascotas.com\/web3\/wp-content\/uploads\/2026\/02\/u16-a_7691771173470-150x150.jpg\" alt=\"\" \/><\/a> <a href=\"https:\/\/www.wallamascotas.com\/web3\/wp-content\/uploads\/2026\/02\/u16-a_7691771173039.jpg\"><img decoding=\"async\" class=\"attachment-thumbnail size-thumbnail\" src=\"https:\/\/www.wallamascotas.com\/web3\/wp-content\/uploads\/2026\/02\/u16-a_7691771173039-150x150.jpg\" alt=\"\" \/><\/a> <a href=\"https:\/\/www.wallamascotas.com\/web3\/wp-content\/uploads\/2026\/02\/u16-a_7691771173037.jpg\"><img decoding=\"async\" class=\"attachment-thumbnail size-thumbnail\" src=\"https:\/\/www.wallamascotas.com\/web3\/wp-content\/uploads\/2026\/02\/u16-a_7691771173037-150x150.jpg\" alt=\"\" \/><\/a><\/p>\n<p>#adoptanocompres<br \/>\n#adoptaunperro<br \/>\n#perrosenadopcion<br \/>\n#adopcionresponsable<br \/>\n#adoptame<br \/>\n#adoptaresamor<br \/>\n#rescatedeanimales<br \/>\n#perrosrescatados<br \/>\n#adopcionespana<br \/>\n#buscahogar<br \/>\n#adopcionurgente<br \/>\n#hogarparaunperro<br \/>\n#perrofeliz<br \/>\n#perrolovers<br \/>\n#perrosdeinstagram<br \/>\n#dogsofinstagram<br \/>\n#instadog<br \/>\n#doglover<br \/>\n#dogrescue<br \/>\n#rescuedog<br \/>\n#perroadulto<br \/>\n#cachorroenadopcion<br \/>\n#teckelenadopcion<br \/>\n#adopcionmadrid<br \/>\n#adopcionesmalaga<br \/>\n#adopcionesbarcelona<br \/>\n#adopcionesandalucia<br \/>\n#protectoradeanimales<br \/>\n#animalessinhogar<br \/>\n#wallamascotas<\/p>\n<ul class=\"wpuf_customs\">            <li class=\"wpuf-field-data wpuf-field-data-radio_field\">\n                                    <label>Tipo:<\/label>\n                                Perro            <\/li>\n                    <li class=\"wpuf-field-data wpuf-field-data-radio_field\">\n                                    <label>Es un perro:<\/label>\n                                Tranquilo            <\/li>\n                    <li class=\"wpuf-field-data wpuf-field-data-radio_field\">\n                                    <label>Amigable con perros:<\/label>\n                                Es amigo de tod@s            <\/li>\n                    <li class=\"wpuf-field-data wpuf-field-data-radio_field\">\n                                    <label>Con personas extra\u00f1as:<\/label>\n                                Amigable            <\/li>\n                    <li class=\"wpuf-field-data wpuf-field-data-radio_field\">\n                                    <label>Ladrador:<\/label>\n                                Desconocido            <\/li>\n                    <li class=\"wpuf-field-data wpuf-field-data-radio_field\">\n                                    <label>Necesita licencia PPP:<\/label>\n                                NO            <\/li>\n                    <li class=\"wpuf-field-data wpuf-field-data-checkbox_field\">\n                                    <label>Enfermedades:<\/label>\n                                Ninguna            <\/li>\n                    <li class=\"wpuf-field-data wpuf-field-data-checkbox_field\">\n                                    <label>Se entrega:<\/label>\n                                Con cartilla sanitaria | Vacunado | Esterilizado | Desparasitado | Microchip            <\/li>\n                    <li class=\"wpuf-field-data wpuf-field-data-checkbox_field\">\n                                    <label>M\u00e1s informaci\u00f3n:<\/label>\n                                Bueno con perros | Bueno en casa | Le gusta pasear            <\/li>\n                    <li class=\"wpuf-field-data wpuf-field-data-radio_field\">\n                                    <label>Se env\u00eda la mascota:<\/label>\n                                SI            <\/li>\n                    <li class=\"wpuf-field-data wpuf-field-data-radio_field\">\n                                    <label>En caso de env\u00edo, detallar:<\/label>\n                                A otra CCAA espa\u00f1ola            <\/li>\n                    <li class=\"wpuf-field-data wpuf-field-data-radio_field\">\n                                    <label>Origen:<\/label>\n                                Asociaci\u00f3n            <\/li>\n        <li><label>Fecha de publicaci\u00f3n:<\/label> 22\/02\/2026 16:34<\/li>            <li class=\"wpuf-field-data wpuf-field-data-radio_field\">\n                                    <label>La mascota ha sido adoptada:<\/label>\n                                NO            <\/li>\n                    <li class=\"wpuf-field-data wpuf-field-data-email_address\">\n                                    <label>Direcci\u00f3n de correo:<\/label>\n                                <a href=\"mailto:directiva@amigosdelosanimales.org.es\">directiva@amigosdelosanimales.org.es<\/a>            <\/li>\n        <\/ul>","protected":false},"excerpt":{"rendered":"<p>http:\/\/chuchos-gr.org\/ficha-769 Matea es tranquila, alegre, equilibrada. Una vez que coge confianza es cari\u00f1osa y mimosa. En la calle, es activa y ama el ejercicio y los paseos. Camina muy bien en correa, no se asusta del tr\u00e1fico ni de situaciones desconocidas. Se lleva bien con machos. No le gusta mucho, que haya varios perros a [&#8230;]\n","protected":false},"featured_media":50753,"template":"","meta":{"_acf_changed":false},"product_brand":[],"product_cat":[15,1000],"product_tag":[],"class_list":{"0":"post-50757","1":"product","2":"type-product","3":"status-publish","4":"has-post-thumbnail","6":"product_cat-adoptar_perro_adoptar_mascota","7":"product_cat-adoptar-perro-gato-adoptar-mascota-es","8":"pa_edad-b","9":"pa_fecha-nacimiento-ano-3398","10":"pa_fecha-nacimiento-mes-04-abril","11":"pa_origen-asociacion-ladridos-vagabundos","12":"pa_provincia-granada","13":"pa_raza-mestizo","14":"pa_sexo-hembra","15":"pa_tamano-d","17":"first","18":"instock","19":"taxable","20":"shipping-taxable","21":"product-type-simple"},"acf":[],"_links":{"self":[{"href":"https:\/\/www.wallamascotas.com\/web3\/wp-json\/wp\/v2\/product\/50757","targetHints":{"allow":["GET"]}}],"collection":[{"href":"https:\/\/www.wallamascotas.com\/web3\/wp-json\/wp\/v2\/product"}],"about":[{"href":"https:\/\/www.wallamascotas.com\/web3\/wp-json\/wp\/v2\/types\/product"}],"wp:featuredmedia":[{"embeddable":true,"href":"https:\/\/www.wallamascotas.com\/web3\/wp-json\/wp\/v2\/media\/50753"}],"wp:attachment":[{"href":"https:\/\/www.wallamascotas.com\/web3\/wp-json\/wp\/v2\/media?parent=50757"}],"wp:term":[{"taxonomy":"product_brand","embeddable":true,"href":"https:\/\/www.wallamascotas.com\/web3\/wp-json\/wp\/v2\/product_brand?post=50757"},{"taxonomy":"product_cat","embeddable":true,"href":"https:\/\/www.wallamascotas.com\/web3\/wp-json\/wp\/v2\/product_cat?post=50757"},{"taxonomy":"product_tag","embeddable":true,"href":"https:\/\/www.wallamascotas.com\/web3\/wp-json\/wp\/v2\/product_tag?post=50757"}],"curies":[{"name":"wp","href":"https:\/\/api.w.org\/{rel}","templated":true}]}}