{"id":50868,"date":"2026-02-25T23:56:04","date_gmt":"2026-02-25T23:56:04","guid":{"rendered":"https:\/\/www.wallamascotas.com\/web3\/?post_type=product&#038;p=50868"},"modified":"2026-02-25T23:56:05","modified_gmt":"2026-02-25T23:56:05","slug":"toby-2","status":"publish","type":"product","link":"https:\/\/www.wallamascotas.com\/web3\/mascota\/toby-2\/","title":{"rendered":"Toby"},"content":{"rendered":"<p>Es un perrito muy cari\u00f1oso y s\u00faper obediente, es un perrito que tiene mucha energ\u00eda y quisiera que quedara en un hogar donde tenga mucho espacio para correr por eso le encanta<\/p>\n<ul class=\"wpuf_customs\">            <li class=\"wpuf-field-data wpuf-field-data-radio_field\">\n                                    <label>Tipo:<\/label>\n                                Perro            <\/li>\n                    <li class=\"wpuf-field-data wpuf-field-data-radio_field\">\n                                    <label>Es un perro:<\/label>\n                                Cari\u00f1oso            <\/li>\n                    <li class=\"wpuf-field-data wpuf-field-data-radio_field\">\n                                    <label>Amigable con perros:<\/label>\n                                Es amigo de tod@s            <\/li>\n                    <li class=\"wpuf-field-data wpuf-field-data-radio_field\">\n                                    <label>Con personas extra\u00f1as:<\/label>\n                                Amigable            <\/li>\n                    <li class=\"wpuf-field-data wpuf-field-data-radio_field\">\n                                    <label>Ladrador:<\/label>\n                                Con timbre y poco m\u00e1s            <\/li>\n                    <li class=\"wpuf-field-data wpuf-field-data-radio_field\">\n                                    <label>Necesita licencia PPP:<\/label>\n                                NO            <\/li>\n                    <li class=\"wpuf-field-data wpuf-field-data-checkbox_field\">\n                                    <label>Enfermedades:<\/label>\n                                Ninguna            <\/li>\n                    <li class=\"wpuf-field-data wpuf-field-data-checkbox_field\">\n                                    <label>Se entrega:<\/label>\n                                Esterilizado | Solo la mascota sin paso previo por veterinario            <\/li>\n                    <li class=\"wpuf-field-data wpuf-field-data-checkbox_field\">\n                                    <label>M\u00e1s informaci\u00f3n:<\/label>\n                                Bueno con ni\u00f1os | Bueno en casa | Bueno en el coche | Le gusta pasear | Obediente            <\/li>\n                    <li class=\"wpuf-field-data wpuf-field-data-radio_field\">\n                                    <label>Se env\u00eda la mascota:<\/label>\n                                NO            <\/li>\n                    <li class=\"wpuf-field-data wpuf-field-data-radio_field\">\n                                    <label>Origen:<\/label>\n                                Particular            <\/li>\n        <li><label>Fecha de publicaci\u00f3n:<\/label> 27\/02\/2026 00:00<\/li>            <li class=\"wpuf-field-data wpuf-field-data-radio_field\">\n                                    <label>La mascota ha sido adoptada:<\/label>\n                                NO            <\/li>\n                    <li class=\"wpuf-field-data wpuf-field-data-email_address\">\n                                    <label>Direcci\u00f3n de correo:<\/label>\n                                <a href=\"mailto:jaquelinefajardo03@gmail.com\">jaquelinefajardo03@gmail.com<\/a>            <\/li>\n                    <li class=\"wpuf-field-data wpuf-field-data-numeric_text_field\">\n                                    <label>Tel\u00e9fono:<\/label>\n                                642741270            <\/li>\n        <\/ul>","protected":false},"excerpt":{"rendered":"<p>Es un perrito muy cari\u00f1oso y s\u00faper obediente, es un perrito que tiene mucha energ\u00eda y quisiera que quedara en un hogar donde tenga mucho espacio para correr por eso le encanta Tipo: Perro Es un perro: Cari\u00f1oso Amigable con perros: Es amigo de tod@s Con personas extra\u00f1as: Amigable Ladrador: Con timbre y poco m\u00e1s [&#8230;]\n","protected":false},"featured_media":50867,"template":"","meta":{"_acf_changed":false},"product_brand":[],"product_cat":[15,1000],"product_tag":[],"class_list":{"0":"post-50868","1":"product","2":"type-product","3":"status-publish","4":"has-post-thumbnail","6":"product_cat-adoptar_perro_adoptar_mascota","7":"product_cat-adoptar-perro-gato-adoptar-mascota-es","8":"pa_edad-c","9":"pa_fecha-nacimiento-ano-3401","10":"pa_fecha-nacimiento-mes-03-marzo","11":"pa_provincia-malaga","12":"pa_raza-yorkshire","13":"pa_sexo-macho","14":"pa_tamano-b","16":"first","17":"instock","18":"taxable","19":"shipping-taxable","20":"product-type-simple"},"acf":[],"_links":{"self":[{"href":"https:\/\/www.wallamascotas.com\/web3\/wp-json\/wp\/v2\/product\/50868","targetHints":{"allow":["GET"]}}],"collection":[{"href":"https:\/\/www.wallamascotas.com\/web3\/wp-json\/wp\/v2\/product"}],"about":[{"href":"https:\/\/www.wallamascotas.com\/web3\/wp-json\/wp\/v2\/types\/product"}],"wp:featuredmedia":[{"embeddable":true,"href":"https:\/\/www.wallamascotas.com\/web3\/wp-json\/wp\/v2\/media\/50867"}],"wp:attachment":[{"href":"https:\/\/www.wallamascotas.com\/web3\/wp-json\/wp\/v2\/media?parent=50868"}],"wp:term":[{"taxonomy":"product_brand","embeddable":true,"href":"https:\/\/www.wallamascotas.com\/web3\/wp-json\/wp\/v2\/product_brand?post=50868"},{"taxonomy":"product_cat","embeddable":true,"href":"https:\/\/www.wallamascotas.com\/web3\/wp-json\/wp\/v2\/product_cat?post=50868"},{"taxonomy":"product_tag","embeddable":true,"href":"https:\/\/www.wallamascotas.com\/web3\/wp-json\/wp\/v2\/product_tag?post=50868"}],"curies":[{"name":"wp","href":"https:\/\/api.w.org\/{rel}","templated":true}]}}