{"id":50870,"date":"2026-02-26T15:21:17","date_gmt":"2026-02-26T15:21:17","guid":{"rendered":"https:\/\/www.wallamascotas.com\/web3\/?post_type=product&#038;p=50870"},"modified":"2026-02-26T15:21:19","modified_gmt":"2026-02-26T15:21:19","slug":"jerry","status":"publish","type":"product","link":"https:\/\/www.wallamascotas.com\/web3\/mascota\/jerry\/","title":{"rendered":"Jerry"},"content":{"rendered":"<p>Jerry es un perrete fant\u00e1stico! Es un cruce adulto, pero sigue muy activo y juguet\u00f3n, le encanta salir, olfatear, hacer el loquillo y descubrir entorno nuevo.<\/p>\n<p>Es muyyy cari\u00f1oso y sociable con todo el mundo. Se porta genial con ni\u00f1os \ud83d\udc67\ud83d\udc66<\/p>\n<p>No es un perro grande, es de tama\u00f1o mediano, unos 20kg.<\/p>\n<p>Se lleva bien con otros perrillos si son tranquilos, no es apto con gatos. Sin embargo, se lleva genial con otros animales dom\u00e9sticos como cabras y caballos \ud83d\udc34<\/p>\n<p>Rescatamos a Jerry en el estado de absoluto abandono, lo hemos preparado en todos los aspectos para que pueda ir con su futura familia \u2705<br \/>\n\u2022 ha aprendido a pasear con la correa<br \/>\n\u2022 puede viajar sin problema en coche<br \/>\n\u2022 tiene puestos las vacunas y el chip<br \/>\n\u2022 est\u00e1 desparasitado y castrado, lleva Seresto<\/p>\n<p>\ud83d\udccdPara recogerlo \u27a1\ufe0f Sevilla, sino lo trasladamos con el transporte oficial donde sea necesario<\/p>\n<p>JERRY ES UN PERRETE FANT\u00c1STICO, TE VA A ENCANTAR SU VITALIDAD \u2734\ufe0f VEN A CONOCERLO<\/p>\n<ul class=\"wpuf_customs\">            <li class=\"wpuf-field-data wpuf-field-data-radio_field\">\n                                    <label>Tipo:<\/label>\n                                Perro            <\/li>\n                    <li class=\"wpuf-field-data wpuf-field-data-radio_field\">\n                                    <label>Es un perro:<\/label>\n                                Cari\u00f1oso            <\/li>\n                    <li class=\"wpuf-field-data wpuf-field-data-radio_field\">\n                                    <label>Amigable con perros:<\/label>\n                                Solo con perras            <\/li>\n                    <li class=\"wpuf-field-data wpuf-field-data-radio_field\">\n                                    <label>Con personas extra\u00f1as:<\/label>\n                                Amigable            <\/li>\n                    <li class=\"wpuf-field-data wpuf-field-data-radio_field\">\n                                    <label>Ladrador:<\/label>\n                                Calladito            <\/li>\n                    <li class=\"wpuf-field-data wpuf-field-data-radio_field\">\n                                    <label>Necesita licencia PPP:<\/label>\n                                NO            <\/li>\n                    <li class=\"wpuf-field-data wpuf-field-data-checkbox_field\">\n                                    <label>Enfermedades:<\/label>\n                                Ninguna            <\/li>\n                    <li class=\"wpuf-field-data wpuf-field-data-checkbox_field\">\n                                    <label>Se entrega:<\/label>\n                                Con cartilla sanitaria | Vacunado | Esterilizado | Desparasitado | Microchip            <\/li>\n                    <li class=\"wpuf-field-data wpuf-field-data-checkbox_field\">\n                                    <label>M\u00e1s informaci\u00f3n:<\/label>\n                                Bueno con ni\u00f1os | Bueno en casa | Bueno en el coche | Le gusta pasear | Independiente            <\/li>\n                    <li class=\"wpuf-field-data wpuf-field-data-radio_field\">\n                                    <label>Se env\u00eda la mascota:<\/label>\n                                SI            <\/li>\n                    <li class=\"wpuf-field-data wpuf-field-data-radio_field\">\n                                    <label>En caso de env\u00edo, detallar:<\/label>\n                                A otra CCAA espa\u00f1ola            <\/li>\n                    <li class=\"wpuf-field-data wpuf-field-data-radio_field\">\n                                    <label>Origen:<\/label>\n                                Particular            <\/li>\n        <li><label>Fecha de publicaci\u00f3n:<\/label> 26\/02\/2026 13:33<\/li>            <li class=\"wpuf-field-data wpuf-field-data-radio_field\">\n                                    <label>La mascota ha sido adoptada:<\/label>\n                                NO            <\/li>\n                    <li class=\"wpuf-field-data wpuf-field-data-email_address\">\n                                    <label>Direcci\u00f3n de correo:<\/label>\n                                <a href=\"mailto:nataliia.nefedova@gmail.com\">nataliia.nefedova@gmail.com<\/a>            <\/li>\n                    <li class=\"wpuf-field-data wpuf-field-data-numeric_text_field\">\n                                    <label>Tel\u00e9fono:<\/label>\n                                665319474            <\/li>\n        <\/ul>","protected":false},"excerpt":{"rendered":"<p>Jerry es un perrete fant\u00e1stico! Es un cruce adulto, pero sigue muy activo y juguet\u00f3n, le encanta salir, olfatear, hacer el loquillo y descubrir entorno nuevo. Es muyyy cari\u00f1oso y sociable con todo el mundo. Se porta genial con ni\u00f1os \ud83d\udc67\ud83d\udc66 No es un perro grande, es de tama\u00f1o mediano, unos 20kg. Se lleva bien [&#8230;]\n","protected":false},"featured_media":50869,"template":"","meta":{"_acf_changed":false},"product_brand":[],"product_cat":[15,1000],"product_tag":[],"class_list":{"0":"post-50870","1":"product","2":"type-product","3":"status-publish","4":"has-post-thumbnail","6":"product_cat-adoptar_perro_adoptar_mascota","7":"product_cat-adoptar-perro-gato-adoptar-mascota-es","8":"pa_edad-c","9":"pa_fecha-nacimiento-ano-3401","10":"pa_fecha-nacimiento-mes-01-enero","11":"pa_provincia-sevilla","12":"pa_raza-mestizo","13":"pa_sexo-macho","14":"pa_tamano-c","16":"first","17":"instock","18":"taxable","19":"shipping-taxable","20":"product-type-simple"},"acf":[],"_links":{"self":[{"href":"https:\/\/www.wallamascotas.com\/web3\/wp-json\/wp\/v2\/product\/50870","targetHints":{"allow":["GET"]}}],"collection":[{"href":"https:\/\/www.wallamascotas.com\/web3\/wp-json\/wp\/v2\/product"}],"about":[{"href":"https:\/\/www.wallamascotas.com\/web3\/wp-json\/wp\/v2\/types\/product"}],"wp:featuredmedia":[{"embeddable":true,"href":"https:\/\/www.wallamascotas.com\/web3\/wp-json\/wp\/v2\/media\/50869"}],"wp:attachment":[{"href":"https:\/\/www.wallamascotas.com\/web3\/wp-json\/wp\/v2\/media?parent=50870"}],"wp:term":[{"taxonomy":"product_brand","embeddable":true,"href":"https:\/\/www.wallamascotas.com\/web3\/wp-json\/wp\/v2\/product_brand?post=50870"},{"taxonomy":"product_cat","embeddable":true,"href":"https:\/\/www.wallamascotas.com\/web3\/wp-json\/wp\/v2\/product_cat?post=50870"},{"taxonomy":"product_tag","embeddable":true,"href":"https:\/\/www.wallamascotas.com\/web3\/wp-json\/wp\/v2\/product_tag?post=50870"}],"curies":[{"name":"wp","href":"https:\/\/api.w.org\/{rel}","templated":true}]}}