{"id":50961,"date":"2026-03-02T12:42:38","date_gmt":"2026-03-02T12:42:38","guid":{"rendered":"https:\/\/www.wallamascotas.com\/web3\/?post_type=product&#038;p=50961"},"modified":"2026-03-08T17:47:04","modified_gmt":"2026-03-08T17:47:04","slug":"katzenreich-ciudad-real","status":"publish","type":"product","link":"https:\/\/www.wallamascotas.com\/web3\/mascota\/katzenreich-ciudad-real\/","title":{"rendered":"KATZENREICH"},"content":{"rendered":"<p>Katzenreich<\/p>\n<div dir=\"auto\">\n<div class=\"v1elementToProof\">Protecci\u00f3n y defensa de los animales, especialmente aquellos en situaci\u00f3n de abandono, maltrato o riesgo. Desarrolla su actividad principalmente en la provincia de Ciudad Real, pudiendo actuar en otras zonas cuando las circunstancias lo requieran.<\/div>\n<div class=\"v1elementToProof\"><\/div>\n<div class=\"v1elementToProof\">Su labor consiste en el rescate de animales en situaci\u00f3n vulnerable, su atenci\u00f3n veterinaria integral (incluyendo desparasitaci\u00f3n, vacunaci\u00f3n, esterilizaci\u00f3n, pruebas diagn\u00f3sticas, tratamientos y cirug\u00edas), as\u00ed como su recuperaci\u00f3n f\u00edsica y conductual.<\/div>\n<div class=\"v1elementToProof\"><\/div>\n<div class=\"v1elementToProof\">La entidad funciona a trav\u00e9s de una red de casas de acogida, ya que no dispone de instalaciones propias, ofreciendo as\u00ed un entorno m\u00e1s adecuado para la rehabilitaci\u00f3n y socializaci\u00f3n de los animales.<\/div>\n<div class=\"v1elementToProof\"><\/div>\n<div class=\"v1elementToProof\">Asimismo, gestiona procesos de adopci\u00f3n responsable mediante cuestionario previo, contrato formal y seguimiento posterior, garantizando que cada animal sea entregado en condiciones de seguridad, bienestar y compromiso a largo plazo.<\/div>\n<div class=\"v1elementToProof\"><\/div>\n<div class=\"v1elementToProof\">Entre sus objetivos tambi\u00e9n se encuentra la concienciaci\u00f3n social sobre la esterilizaci\u00f3n, tenencia responsable y la prevenci\u00f3n del abandono, promoviendo campa\u00f1as informativas y acciones educativas.<\/div>\n<div class=\"v1elementToProof\"><\/div>\n<div class=\"v1elementToProof\">La asociaci\u00f3n carece de \u00e1nimo de lucro y se financia exclusivamente mediante donaciones, colaboraciones, aportaciones voluntarias y adopciones.<\/div>\n<\/div>\n<p>Email: <a href=\"mailto:katzenreichcats@outlook.com\">katzenreichcats@outlook.com<\/a><b><\/b><\/p>\n<p>TLFs: 711 21 94 30 \/ 658 68 46 32<\/p>\n<p>CIUDAD REAL<\/p>\n<a href=\"https:\/\/www.wallamascotas.com\/web3\/mascotas\/adoptar-perro-gato-adoptar-mascota-es\/adoptar_perro_adoptar_mascota\/?filter_origen=katzenreich\" class=\"button primary is-primary is-medium\"  >\n    <span>VER PERROS EN ADOPCI\u00d3N DE LA ASOCIACI\u00d3N<\/span>\n  <\/a>\n\n<a href=\"https:\/\/www.wallamascotas.com\/web3\/mascotas\/adoptar-perro-gato-adoptar-mascota-es\/adoptargato\/?filter_origen=katzenreich\" class=\"button primary is-primary is-medium\"  >\n    <span>VER GATOS EN ADOPCI\u00d3N DE LA ASOCIACI\u00d3N<\/span>\n  <\/a>\n\n","protected":false},"excerpt":{"rendered":"<p>&nbsp;<\/p>\n<p>&nbsp;<\/p>\n","protected":false},"featured_media":50962,"template":"","meta":{"_acf_changed":false},"product_brand":[],"product_cat":[1000,1798],"product_tag":[],"class_list":{"0":"post-50961","1":"product","2":"type-product","3":"status-publish","4":"has-post-thumbnail","6":"product_cat-adoptar-perro-gato-adoptar-mascota-es","7":"product_cat-asociaciones","8":"pa_origen-katzenreich","9":"pa_pais-espana","10":"pa_provincia-ciudad-real","12":"first","13":"instock","14":"taxable","15":"shipping-taxable","16":"product-type-simple"},"acf":[],"_links":{"self":[{"href":"https:\/\/www.wallamascotas.com\/web3\/wp-json\/wp\/v2\/product\/50961","targetHints":{"allow":["GET"]}}],"collection":[{"href":"https:\/\/www.wallamascotas.com\/web3\/wp-json\/wp\/v2\/product"}],"about":[{"href":"https:\/\/www.wallamascotas.com\/web3\/wp-json\/wp\/v2\/types\/product"}],"wp:featuredmedia":[{"embeddable":true,"href":"https:\/\/www.wallamascotas.com\/web3\/wp-json\/wp\/v2\/media\/50962"}],"wp:attachment":[{"href":"https:\/\/www.wallamascotas.com\/web3\/wp-json\/wp\/v2\/media?parent=50961"}],"wp:term":[{"taxonomy":"product_brand","embeddable":true,"href":"https:\/\/www.wallamascotas.com\/web3\/wp-json\/wp\/v2\/product_brand?post=50961"},{"taxonomy":"product_cat","embeddable":true,"href":"https:\/\/www.wallamascotas.com\/web3\/wp-json\/wp\/v2\/product_cat?post=50961"},{"taxonomy":"product_tag","embeddable":true,"href":"https:\/\/www.wallamascotas.com\/web3\/wp-json\/wp\/v2\/product_tag?post=50961"}],"curies":[{"name":"wp","href":"https:\/\/api.w.org\/{rel}","templated":true}]}}