{"id":50975,"date":"2026-03-03T08:13:44","date_gmt":"2026-03-03T08:13:44","guid":{"rendered":"https:\/\/www.wallamascotas.com\/web3\/?post_type=product&#038;p=50975"},"modified":"2026-03-03T08:13:46","modified_gmt":"2026-03-03T08:13:46","slug":"toby-3","status":"publish","type":"product","link":"https:\/\/www.wallamascotas.com\/web3\/mascota\/toby-3\/","title":{"rendered":"Toby"},"content":{"rendered":"<p>Buenas, Toby es un perro muy listo, no se lleva con otros machos, y con las hembras hay que tener paciencia. Lo adopt\u00e9 con un a\u00f1o y en menos de un mes se adapt\u00f3 muy bien a m\u00ed. Tiene un car\u00e1cter muy peculiar, un poco miedoso, pero muy amigable y cari\u00f1oso. Debido a un cambio en el horario laboral familiar, est\u00e1 m\u00e1s desatendido de lo habitual, pasamos demasiado poco tiempo con el, me gustar\u00eda que estuviera mejor atendi\u00f3. Yo apenas tengo ni una hora para el en todo el d\u00eda .<\/p>\n<ul class=\"wpuf_customs\">            <li class=\"wpuf-field-data wpuf-field-data-radio_field\">\n                                    <label>Tipo:<\/label>\n                                Perro            <\/li>\n                    <li class=\"wpuf-field-data wpuf-field-data-radio_field\">\n                                    <label>Es un perro:<\/label>\n                                Cari\u00f1oso            <\/li>\n                    <li class=\"wpuf-field-data wpuf-field-data-radio_field\">\n                                    <label>Amigable con perros:<\/label>\n                                Mejor no cruzarse con ninguno            <\/li>\n                    <li class=\"wpuf-field-data wpuf-field-data-radio_field\">\n                                    <label>Con personas extra\u00f1as:<\/label>\n                                Miedoso            <\/li>\n                    <li class=\"wpuf-field-data wpuf-field-data-radio_field\">\n                                    <label>Ladrador:<\/label>\n                                Calladito            <\/li>\n                    <li class=\"wpuf-field-data wpuf-field-data-radio_field\">\n                                    <label>Necesita licencia PPP:<\/label>\n                                NO            <\/li>\n                    <li class=\"wpuf-field-data wpuf-field-data-checkbox_field\">\n                                    <label>Enfermedades:<\/label>\n                                Ninguna            <\/li>\n                    <li class=\"wpuf-field-data wpuf-field-data-checkbox_field\">\n                                    <label>Se entrega:<\/label>\n                                Con cartilla sanitaria | Solo la mascota sin paso previo por veterinario            <\/li>\n                    <li class=\"wpuf-field-data wpuf-field-data-checkbox_field\">\n                                    <label>M\u00e1s informaci\u00f3n:<\/label>\n                                Bueno con ni\u00f1os | Bueno en casa | Bueno en el coche | Le gusta pasear            <\/li>\n                    <li class=\"wpuf-field-data wpuf-field-data-radio_field\">\n                                    <label>Se env\u00eda la mascota:<\/label>\n                                NO            <\/li>\n                    <li class=\"wpuf-field-data wpuf-field-data-radio_field\">\n                                    <label>Origen:<\/label>\n                                Particular            <\/li>\n        <li><label>Fecha de publicaci\u00f3n:<\/label> 02\/03\/2026<\/li>            <li class=\"wpuf-field-data wpuf-field-data-radio_field\">\n                                    <label>La mascota ha sido adoptada:<\/label>\n                                NO            <\/li>\n                    <li class=\"wpuf-field-data wpuf-field-data-email_address\">\n                                    <label>Direcci\u00f3n de correo:<\/label>\n                                <a href=\"mailto:danidll69@gmail.com\">danidll69@gmail.com<\/a>            <\/li>\n                    <li class=\"wpuf-field-data wpuf-field-data-numeric_text_field\">\n                                    <label>Tel\u00e9fono:<\/label>\n                                663363310            <\/li>\n        <\/ul>","protected":false},"excerpt":{"rendered":"<p>Buenas, Toby es un perro muy listo, no se lleva con otros machos, y con las hembras hay que tener paciencia. Lo adopt\u00e9 con un a\u00f1o y en menos de un mes se adapt\u00f3 muy bien a m\u00ed. Tiene un car\u00e1cter muy peculiar, un poco miedoso, pero muy amigable y cari\u00f1oso. Debido a un cambio [&#8230;]\n","protected":false},"featured_media":50974,"template":"","meta":{"_acf_changed":false},"product_brand":[],"product_cat":[15,1000],"product_tag":[],"class_list":{"0":"post-50975","1":"product","2":"type-product","3":"status-publish","4":"has-post-thumbnail","6":"product_cat-adoptar_perro_adoptar_mascota","7":"product_cat-adoptar-perro-gato-adoptar-mascota-es","8":"pa_edad-b","9":"pa_fecha-nacimiento-ano-3398","10":"pa_fecha-nacimiento-mes-07-julio","11":"pa_provincia-gerona","12":"pa_raza-yorkshire","13":"pa_sexo-macho","14":"pa_tamano-b","16":"first","17":"instock","18":"taxable","19":"shipping-taxable","20":"product-type-simple"},"acf":[],"_links":{"self":[{"href":"https:\/\/www.wallamascotas.com\/web3\/wp-json\/wp\/v2\/product\/50975","targetHints":{"allow":["GET"]}}],"collection":[{"href":"https:\/\/www.wallamascotas.com\/web3\/wp-json\/wp\/v2\/product"}],"about":[{"href":"https:\/\/www.wallamascotas.com\/web3\/wp-json\/wp\/v2\/types\/product"}],"wp:featuredmedia":[{"embeddable":true,"href":"https:\/\/www.wallamascotas.com\/web3\/wp-json\/wp\/v2\/media\/50974"}],"wp:attachment":[{"href":"https:\/\/www.wallamascotas.com\/web3\/wp-json\/wp\/v2\/media?parent=50975"}],"wp:term":[{"taxonomy":"product_brand","embeddable":true,"href":"https:\/\/www.wallamascotas.com\/web3\/wp-json\/wp\/v2\/product_brand?post=50975"},{"taxonomy":"product_cat","embeddable":true,"href":"https:\/\/www.wallamascotas.com\/web3\/wp-json\/wp\/v2\/product_cat?post=50975"},{"taxonomy":"product_tag","embeddable":true,"href":"https:\/\/www.wallamascotas.com\/web3\/wp-json\/wp\/v2\/product_tag?post=50975"}],"curies":[{"name":"wp","href":"https:\/\/api.w.org\/{rel}","templated":true}]}}