{"id":50998,"date":"2026-03-03T21:04:09","date_gmt":"2026-03-03T21:04:09","guid":{"rendered":"https:\/\/www.wallamascotas.com\/web3\/?post_type=product&#038;p=50998"},"modified":"2026-03-03T21:04:10","modified_gmt":"2026-03-03T21:04:10","slug":"chipi","status":"publish","type":"product","link":"https:\/\/www.wallamascotas.com\/web3\/mascota\/chipi\/","title":{"rendered":"Chipi"},"content":{"rendered":"<p>CHIPI \ud83d\udda4 \u2014 El que sobrevivi\u00f3<\/p>\n<p>Chipi lleg\u00f3 a manos de Tamara (rescatista de \u00cdcaro, Koll y Finn) con solo 4 semanas de vida. Su madre lo trajo a \u00e9l y a su hermanita buscando ayuda. Ella no consigui\u00f3 sobrevivir\u2026 pero \u00e9l s\u00ed. Y desde entonces es un peque\u00f1o luchador.<\/p>\n<p>Es un gatito especial. Tiene un ojito delicado; ve bien, pero eso no le impide hacer vida completamente normal. Juega, explora, busca mimos\u2026 y conf\u00eda.<\/p>\n<p>Est\u00e1:<br \/>\n\u2714\ufe0f Testado (leucemia y dem\u00e1s \u2014 documentaci\u00f3n disponible)<br \/>\n\u2714\ufe0f Con primera vacuna trivalente puesta<br \/>\n\u2714\ufe0f Con primera dosis de leucemia (faltar\u00eda el refuerzo)<br \/>\n\u2714\ufe0f Castrado<\/p>\n<p>Chipi no es \u201cperfecto\u201d seg\u00fan los est\u00e1ndares absurdos que a veces impone la gente. Es real. Es fuerte. Es superviviente.<\/p>\n<p>Ha perdido demasiado siendo tan peque\u00f1o. Ahora solo necesita una familia que no vuelva a fallarle.<\/p>\n<p>Si quieres conocer a Chipi y darle el hogar que merece, escr\u00edbenos \ud83e\udd0d\ud83d\udc3e<\/p>\n<p>\u2e3b<\/p>\n<p>\ud83d\udc3e \u00bfQuieres adoptar?<\/p>\n<p>Si est\u00e1s pensando en darles un hogar, escr\u00edbenos por privado o rellena nuestro formulario de adopci\u00f3n \ud83d\udcdd<\/p>\n<p>\ud83d\udc8c \u00bfNo puedes adoptar pero quieres ayudar?<\/p>\n<p>Difundir tambi\u00e9n salva vidas \ud83d\udcf2<\/p>\n<p>\ud83d\udcb3 C\u00f3mo ayudar<br \/>\n\u2022 Donaciones: +34 711 21 94 30<br \/>\n\u2022 Materiales: pienso, comida h\u00fameda, mantas, empapadores, transportines\u2026<br \/>\n\u2022 Voluntariado y casas de acogida \ud83c\udfe1<\/p>\n<p>Gracias por mirar con el coraz\u00f3n \ud83d\udc95<\/p>\n<ul class=\"wpuf_customs\">            <li class=\"wpuf-field-data wpuf-field-data-radio_field\">\n                                    <label>Tipo:<\/label>\n                                Gato            <\/li>\n                    <li class=\"wpuf-field-data wpuf-field-data-radio_field\">\n                                    <label>Es un perro:<\/label>\n                                Cari\u00f1oso            <\/li>\n                    <li class=\"wpuf-field-data wpuf-field-data-radio_field\">\n                                    <label>Amigable con perros:<\/label>\n                                Mejor no cruzarse con ninguno            <\/li>\n                    <li class=\"wpuf-field-data wpuf-field-data-radio_field\">\n                                    <label>Con personas extra\u00f1as:<\/label>\n                                Amigable            <\/li>\n                    <li class=\"wpuf-field-data wpuf-field-data-radio_field\">\n                                    <label>Ladrador:<\/label>\n                                Calladito            <\/li>\n                    <li class=\"wpuf-field-data wpuf-field-data-radio_field\">\n                                    <label>Necesita licencia PPP:<\/label>\n                                NO            <\/li>\n                    <li class=\"wpuf-field-data wpuf-field-data-checkbox_field\">\n                                    <label>Enfermedades:<\/label>\n                                Ninguna            <\/li>\n                    <li class=\"wpuf-field-data wpuf-field-data-checkbox_field\">\n                                    <label>Se entrega:<\/label>\n                                Vacunado | Esterilizado | Desparasitado | Microchip            <\/li>\n                    <li class=\"wpuf-field-data wpuf-field-data-checkbox_field\">\n                                    <label>M\u00e1s informaci\u00f3n:<\/label>\n                                Bueno con gatos | Bueno con ni\u00f1os | Bueno en casa | Bueno en el coche            <\/li>\n                    <li class=\"wpuf-field-data wpuf-field-data-radio_field\">\n                                    <label>Se env\u00eda la mascota:<\/label>\n                                SI            <\/li>\n                    <li class=\"wpuf-field-data wpuf-field-data-radio_field\">\n                                    <label>En caso de env\u00edo, detallar:<\/label>\n                                A otra CCAA espa\u00f1ola            <\/li>\n                    <li class=\"wpuf-field-data wpuf-field-data-radio_field\">\n                                    <label>Origen:<\/label>\n                                Asociaci\u00f3n            <\/li>\n        <li><label>Fecha de publicaci\u00f3n:<\/label> 03\/03\/2026 13:31<\/li>            <li class=\"wpuf-field-data wpuf-field-data-radio_field\">\n                                    <label>La mascota ha sido adoptada:<\/label>\n                                NO            <\/li>\n                    <li class=\"wpuf-field-data wpuf-field-data-email_address\">\n                                    <label>Direcci\u00f3n de correo:<\/label>\n                                <a href=\"mailto:katzenreichcats@outlook.com\">katzenreichcats@outlook.com<\/a>            <\/li>\n                    <li class=\"wpuf-field-data wpuf-field-data-numeric_text_field\">\n                                    <label>Tel\u00e9fono:<\/label>\n                                711219430            <\/li>\n        <\/ul>","protected":false},"excerpt":{"rendered":"<p>CHIPI \ud83d\udda4 \u2014 El que sobrevivi\u00f3 Chipi lleg\u00f3 a manos de Tamara (rescatista de \u00cdcaro, Koll y Finn) con solo 4 semanas de vida. Su madre lo trajo a \u00e9l y a su hermanita buscando ayuda. Ella no consigui\u00f3 sobrevivir\u2026 pero \u00e9l s\u00ed. Y desde entonces es un peque\u00f1o luchador. Es un gatito especial. Tiene [&#8230;]\n","protected":false},"featured_media":50997,"template":"","meta":{"_acf_changed":false},"product_brand":[],"product_cat":[16,1000],"product_tag":[],"class_list":{"0":"post-50998","1":"product","2":"type-product","3":"status-publish","4":"has-post-thumbnail","6":"product_cat-adoptargato","7":"product_cat-adoptar-perro-gato-adoptar-mascota-es","8":"pa_edad-a","9":"pa_fecha-nacimiento-ano-3513","10":"pa_fecha-nacimiento-mes-10-octubre","11":"pa_origen-katzenreich","12":"pa_provincia-ciudad-real","13":"pa_raza-gato-comun-europeo","14":"pa_sexo-macho","15":"pa_tamano-b","17":"first","18":"instock","19":"taxable","20":"shipping-taxable","21":"product-type-simple"},"acf":[],"_links":{"self":[{"href":"https:\/\/www.wallamascotas.com\/web3\/wp-json\/wp\/v2\/product\/50998","targetHints":{"allow":["GET"]}}],"collection":[{"href":"https:\/\/www.wallamascotas.com\/web3\/wp-json\/wp\/v2\/product"}],"about":[{"href":"https:\/\/www.wallamascotas.com\/web3\/wp-json\/wp\/v2\/types\/product"}],"wp:featuredmedia":[{"embeddable":true,"href":"https:\/\/www.wallamascotas.com\/web3\/wp-json\/wp\/v2\/media\/50997"}],"wp:attachment":[{"href":"https:\/\/www.wallamascotas.com\/web3\/wp-json\/wp\/v2\/media?parent=50998"}],"wp:term":[{"taxonomy":"product_brand","embeddable":true,"href":"https:\/\/www.wallamascotas.com\/web3\/wp-json\/wp\/v2\/product_brand?post=50998"},{"taxonomy":"product_cat","embeddable":true,"href":"https:\/\/www.wallamascotas.com\/web3\/wp-json\/wp\/v2\/product_cat?post=50998"},{"taxonomy":"product_tag","embeddable":true,"href":"https:\/\/www.wallamascotas.com\/web3\/wp-json\/wp\/v2\/product_tag?post=50998"}],"curies":[{"name":"wp","href":"https:\/\/api.w.org\/{rel}","templated":true}]}}