{"id":5104,"date":"2018-06-26T08:11:28","date_gmt":"2018-06-26T08:11:28","guid":{"rendered":"http:\/\/www.wallamascotas.com\/web3\/?post_type=product&#038;p=5104"},"modified":"2026-03-25T18:20:09","modified_gmt":"2026-03-25T18:20:09","slug":"aisha-mes-y-medio-murcia","status":"publish","type":"product","link":"https:\/\/www.wallamascotas.com\/web3\/mascota\/aisha-mes-y-medio-murcia\/","title":{"rendered":"AISHA \u2013 MES Y MEDIO"},"content":{"rendered":"<p><span style=\"color: #33cccc;\"><strong><span style=\"font-size: 130%;\">ADOPTADA<\/span><\/strong><\/span><\/p>\n<p style=\"text-align: justify;\">AISHA tiene un mesecito y medio<br \/>\nFecha nacimiento aprox. 05\/05\/18<br \/>\nA esta chiquitina la dejaron solita en el veterinario despu\u00e9s de ser recatado, porque era CAREY<br \/>\nLa protectora que se hizo cargo de toda la camada se llev\u00f3 a sus hermanitos rubios y dej\u00f3 a esta chiquit\u00edn solita =(<br \/>\nAisha es t\u00edmida al principio, no comprende porqu\u00e9 est\u00e1 tan solo y necesita una familia que le d\u00e9 mimitos<\/p>\n<p>\u00bfQuieres ser el \u00e1ngel de Aisha?<\/p>\n","protected":false},"excerpt":{"rendered":"<p style=\"text-align: justify;\"><span style=\"color: #33cccc;\"><strong>ADOPTADA.<\/strong><\/span> Quieres ser el \u00e1ngel de Aisha<\/p>\n","protected":false},"featured_media":0,"template":"","meta":{"_acf_changed":false},"product_brand":[],"product_cat":[51,1000],"product_tag":[],"class_list":{"0":"post-5104","1":"product","2":"type-product","3":"status-publish","5":"product_cat-adoptados","6":"product_cat-adoptar-perro-gato-adoptar-mascota-es","7":"pa_chip-si","8":"pa_fecha_nacimiento-mes-y-medio","9":"pa_fecha-alta-26-06-2018","10":"pa_origen-asociacion-gatos-abandonados-murcia","11":"pa_pais-espana","12":"pa_provincia-murcia","13":"pa_sexo-macho","14":"pa_tamano-a","16":"first","17":"instock","18":"taxable","19":"shipping-taxable","20":"product-type-simple"},"acf":[],"_links":{"self":[{"href":"https:\/\/www.wallamascotas.com\/web3\/wp-json\/wp\/v2\/product\/5104","targetHints":{"allow":["GET"]}}],"collection":[{"href":"https:\/\/www.wallamascotas.com\/web3\/wp-json\/wp\/v2\/product"}],"about":[{"href":"https:\/\/www.wallamascotas.com\/web3\/wp-json\/wp\/v2\/types\/product"}],"wp:attachment":[{"href":"https:\/\/www.wallamascotas.com\/web3\/wp-json\/wp\/v2\/media?parent=5104"}],"wp:term":[{"taxonomy":"product_brand","embeddable":true,"href":"https:\/\/www.wallamascotas.com\/web3\/wp-json\/wp\/v2\/product_brand?post=5104"},{"taxonomy":"product_cat","embeddable":true,"href":"https:\/\/www.wallamascotas.com\/web3\/wp-json\/wp\/v2\/product_cat?post=5104"},{"taxonomy":"product_tag","embeddable":true,"href":"https:\/\/www.wallamascotas.com\/web3\/wp-json\/wp\/v2\/product_tag?post=5104"}],"curies":[{"name":"wp","href":"https:\/\/api.w.org\/{rel}","templated":true}]}}