{"id":51147,"date":"2026-03-06T19:34:09","date_gmt":"2026-03-06T19:34:09","guid":{"rendered":"https:\/\/www.wallamascotas.com\/web3\/?post_type=product&#038;p=51147"},"modified":"2026-03-06T19:34:12","modified_gmt":"2026-03-06T19:34:12","slug":"chispita","status":"publish","type":"product","link":"https:\/\/www.wallamascotas.com\/web3\/mascota\/chispita\/","title":{"rendered":"Chispita"},"content":{"rendered":"<p>Gata de casi 2 a\u00f1os que convive con otra gata mayor (13-14 a\u00f1os) y un ni\u00f1o de 2 a\u00f1os.<\/p>\n<p>Por su edad, es muy activa y necesita jugar, por lo que a menudo intenta jugar con la otra gata, que siendo tan mayor no quiere jugar a nada, o intenta jugar con el ni\u00f1o que es demasiado peque\u00f1o para interactuar correctamente con Chispita.<\/p>\n<p>Hemos tenido problemas porque le ha ara\u00f1ado en varias ocasiones e incluso le intenta morder cuando el peque\u00f1o se pone a llorar por el motivo que sea, por lo que consideramos que es una gata que no es apta para estar con ni\u00f1os peque\u00f1os.<\/p>\n<p>En s\u00ed es cari\u00f1osa y es muy suave, de pelo bastante largo, pero necesita un ambiente donde no reciba la sobreestimulaci\u00f3n que le aporta un ni\u00f1o peque\u00f1o y se le de la atenci\u00f3n y juego que necesita.<\/p>\n<p>La pod\u00e9is venir a ver a Bilbao sin compromiso alguno.<\/p>\n<p>Est\u00e1 esterilizada y desparasitada, tiene pasaporte y vacuna de la rabia, con chip. La podemos llevar a un veterinario si quereis con su nuevo adoptante para el cambio de nombre y que veais que est\u00e1 bien.<\/p>\n<p>Me pod\u00e9is escribir por WhatsApp si os es m\u00e1s c\u00f3modo.<\/p>\n<ul class=\"wpuf_customs\">            <li class=\"wpuf-field-data wpuf-field-data-radio_field\">\n                                    <label>Tipo:<\/label>\n                                Gato            <\/li>\n                    <li class=\"wpuf-field-data wpuf-field-data-radio_field\">\n                                    <label>Es un perro:<\/label>\n                                Cari\u00f1oso            <\/li>\n                    <li class=\"wpuf-field-data wpuf-field-data-radio_field\">\n                                    <label>Amigable con perros:<\/label>\n                                Mejor no cruzarse con ninguno            <\/li>\n                    <li class=\"wpuf-field-data wpuf-field-data-radio_field\">\n                                    <label>Con personas extra\u00f1as:<\/label>\n                                Miedoso            <\/li>\n                    <li class=\"wpuf-field-data wpuf-field-data-radio_field\">\n                                    <label>Ladrador:<\/label>\n                                Calladito            <\/li>\n                    <li class=\"wpuf-field-data wpuf-field-data-radio_field\">\n                                    <label>Necesita licencia PPP:<\/label>\n                                NO            <\/li>\n                    <li class=\"wpuf-field-data wpuf-field-data-checkbox_field\">\n                                    <label>Enfermedades:<\/label>\n                                Ninguna | Otra            <\/li>\n                    <li class=\"wpuf-field-data wpuf-field-data-checkbox_field\">\n                                    <label>Se entrega:<\/label>\n                                Vacunado | Esterilizado | Microchip            <\/li>\n                    <li class=\"wpuf-field-data wpuf-field-data-radio_field\">\n                                    <label>Se env\u00eda la mascota:<\/label>\n                                NO            <\/li>\n                    <li class=\"wpuf-field-data wpuf-field-data-radio_field\">\n                                    <label>Origen:<\/label>\n                                Particular            <\/li>\n        <li><label>Fecha de publicaci\u00f3n:<\/label> 06\/03\/2026 18:21<\/li>            <li class=\"wpuf-field-data wpuf-field-data-radio_field\">\n                                    <label>La mascota ha sido adoptada:<\/label>\n                                NO            <\/li>\n                    <li class=\"wpuf-field-data wpuf-field-data-email_address\">\n                                    <label>Direcci\u00f3n de correo:<\/label>\n                                <a href=\"mailto:jlongaron1haad@gmail.com\">jlongaron1haad@gmail.com<\/a>            <\/li>\n                    <li class=\"wpuf-field-data wpuf-field-data-numeric_text_field\">\n                                    <label>Tel\u00e9fono:<\/label>\n                                640568410            <\/li>\n        <\/ul>","protected":false},"excerpt":{"rendered":"<p>Gata de casi 2 a\u00f1os que convive con otra gata mayor (13-14 a\u00f1os) y un ni\u00f1o de 2 a\u00f1os. Por su edad, es muy activa y necesita jugar, por lo que a menudo intenta jugar con la otra gata, que siendo tan mayor no quiere jugar a nada, o intenta jugar con el ni\u00f1o que [&#8230;]\n","protected":false},"featured_media":51145,"template":"","meta":{"_acf_changed":false},"product_brand":[],"product_cat":[16,1000],"product_tag":[],"class_list":{"0":"post-51147","1":"product","2":"type-product","3":"status-publish","4":"has-post-thumbnail","6":"product_cat-adoptargato","7":"product_cat-adoptar-perro-gato-adoptar-mascota-es","8":"pa_edad-b","9":"pa_fecha-nacimiento-ano-3473","10":"pa_fecha-nacimiento-mes-06-junio","11":"pa_provincia-vizcaya","12":"pa_raza-carey","13":"pa_sexo-hembra","14":"pa_tamano-b","16":"first","17":"instock","18":"taxable","19":"shipping-taxable","20":"product-type-simple"},"acf":[],"_links":{"self":[{"href":"https:\/\/www.wallamascotas.com\/web3\/wp-json\/wp\/v2\/product\/51147","targetHints":{"allow":["GET"]}}],"collection":[{"href":"https:\/\/www.wallamascotas.com\/web3\/wp-json\/wp\/v2\/product"}],"about":[{"href":"https:\/\/www.wallamascotas.com\/web3\/wp-json\/wp\/v2\/types\/product"}],"wp:featuredmedia":[{"embeddable":true,"href":"https:\/\/www.wallamascotas.com\/web3\/wp-json\/wp\/v2\/media\/51145"}],"wp:attachment":[{"href":"https:\/\/www.wallamascotas.com\/web3\/wp-json\/wp\/v2\/media?parent=51147"}],"wp:term":[{"taxonomy":"product_brand","embeddable":true,"href":"https:\/\/www.wallamascotas.com\/web3\/wp-json\/wp\/v2\/product_brand?post=51147"},{"taxonomy":"product_cat","embeddable":true,"href":"https:\/\/www.wallamascotas.com\/web3\/wp-json\/wp\/v2\/product_cat?post=51147"},{"taxonomy":"product_tag","embeddable":true,"href":"https:\/\/www.wallamascotas.com\/web3\/wp-json\/wp\/v2\/product_tag?post=51147"}],"curies":[{"name":"wp","href":"https:\/\/api.w.org\/{rel}","templated":true}]}}