{"id":51677,"date":"2026-04-03T23:02:07","date_gmt":"2026-04-03T23:02:07","guid":{"rendered":"https:\/\/www.wallamascotas.com\/web3\/?post_type=product&#038;p=51677"},"modified":"2026-04-03T23:02:08","modified_gmt":"2026-04-03T23:02:08","slug":"pierre-y-marie","status":"publish","type":"product","link":"https:\/\/www.wallamascotas.com\/web3\/mascota\/pierre-y-marie\/","title":{"rendered":"Pierre y Marie"},"content":{"rendered":"<p>\ud83d\udc3e PIERRE &amp; MARIE BUSCAN FAMILIA \ud83d\udc3e<br \/>\n(la pareja Curie \ud83d\udc9b)<\/p>\n<p>Estos dos peque\u00f1os, de apenas 3 meses, vienen del mismo lugar que muchos otros\u2026 una casa sin control, sin cuidados y, probablemente, con mucho dolor detr\u00e1s \ud83d\udc94<\/p>\n<p>Han llegado aterrorizados, con much\u00edsimo miedo. Todo apunta a que han sufrido maltrato\u2026 pero aun as\u00ed:<\/p>\n<p>\ud83d\udc49 son absolutamente nobles<br \/>\n\ud83d\udc49 se dejan hacer de todo<br \/>\n\ud83d\udc49 jam\u00e1s han intentado morder<\/p>\n<p>&#8212;<\/p>\n<p>\ud83d\udc9b C\u00d3MO SON<\/p>\n<p>\u2728 Marie<br \/>\nVa confiando poquito a poco, empieza a abrirse y a entender que no todo es malo.<\/p>\n<p>\u2728 Pierre<br \/>\nLe est\u00e1 costando m\u00e1s\u2026 su miedo es m\u00e1s profundo, pero tambi\u00e9n necesita tiempo y alguien que no se rinda con \u00e9l.<\/p>\n<p>&#8212;<\/p>\n<p>\ud83d\udc36 Son de tama\u00f1o peque\u00f1o\/mediano-peque\u00f1o y no crecer\u00e1n mucho m\u00e1s.<\/p>\n<p>&#8212;<\/p>\n<p>\ud83d\udc9b QU\u00c9 NECESITAN<\/p>\n<p>No buscan una familia cualquiera.<br \/>\nBuscan una familia que:<\/p>\n<p>\u2714 tenga paciencia<br \/>\n\u2714 entienda el miedo<br \/>\n\u2714 respete sus tiempos<br \/>\n\u2714 les ense\u00f1e lo que es sentirse seguros<\/p>\n<p>Porque no necesitan nada m\u00e1s que eso:<br \/>\n\ud83d\udc49 confianza, calma y amor<\/p>\n<p>&#8212;<\/p>\n<p>\ud83d\udccd Se entregan con protocolo de adopci\u00f3n (cuestionario, contrato, seguimiento y costes)<br \/>\n\ud83d\udccd Preferiblemente recogida en Ciudad Real<\/p>\n<p>&#8212;<\/p>\n<p>Pierre y Marie no han conocido lo bueno\u2026<br \/>\npero est\u00e1n esperando a alguien que les ense\u00f1e que existe \ud83c\udfe1\ud83d\udc3e<\/p>\n<p>\ud83d\udce9 Escr\u00edbenos si quieres cambiar sus vidas<\/p>\n<ul class=\"wpuf_customs\">            <li class=\"wpuf-field-data wpuf-field-data-radio_field\">\n                                    <label>Tipo:<\/label>\n                                Perro            <\/li>\n                    <li class=\"wpuf-field-data wpuf-field-data-radio_field\">\n                                    <label>Es un perro:<\/label>\n                                Tranquilo            <\/li>\n                    <li class=\"wpuf-field-data wpuf-field-data-radio_field\">\n                                    <label>Amigable con perros:<\/label>\n                                Es amigo de tod@s            <\/li>\n                    <li class=\"wpuf-field-data wpuf-field-data-radio_field\">\n                                    <label>Con personas extra\u00f1as:<\/label>\n                                Miedoso            <\/li>\n                    <li class=\"wpuf-field-data wpuf-field-data-radio_field\">\n                                    <label>Ladrador:<\/label>\n                                Calladito            <\/li>\n                    <li class=\"wpuf-field-data wpuf-field-data-radio_field\">\n                                    <label>Necesita licencia PPP:<\/label>\n                                NO            <\/li>\n                    <li class=\"wpuf-field-data wpuf-field-data-checkbox_field\">\n                                    <label>Enfermedades:<\/label>\n                                Ninguna            <\/li>\n                    <li class=\"wpuf-field-data wpuf-field-data-checkbox_field\">\n                                    <label>Se entrega:<\/label>\n                                Con cartilla sanitaria | Desparasitado | Microchip            <\/li>\n                    <li class=\"wpuf-field-data wpuf-field-data-checkbox_field\">\n                                    <label>M\u00e1s informaci\u00f3n:<\/label>\n                                Bueno con perros | Bueno con gatos | Bueno con ni\u00f1os | Bueno en casa | Bueno en el coche | Le gusta pasear            <\/li>\n                    <li class=\"wpuf-field-data wpuf-field-data-radio_field\">\n                                    <label>Se env\u00eda la mascota:<\/label>\n                                SI            <\/li>\n                    <li class=\"wpuf-field-data wpuf-field-data-radio_field\">\n                                    <label>En caso de env\u00edo, detallar:<\/label>\n                                A otra CCAA espa\u00f1ola            <\/li>\n                    <li class=\"wpuf-field-data wpuf-field-data-radio_field\">\n                                    <label>Origen:<\/label>\n                                Asociaci\u00f3n            <\/li>\n        <li><label>Fecha de publicaci\u00f3n:<\/label> 03\/04\/2026 20:28<\/li>            <li class=\"wpuf-field-data wpuf-field-data-radio_field\">\n                                    <label>La mascota ha sido adoptada:<\/label>\n                                NO            <\/li>\n                    <li class=\"wpuf-field-data wpuf-field-data-email_address\">\n                                    <label>Direcci\u00f3n de correo:<\/label>\n                                <a href=\"mailto:Katzenreichcats@outlook.com\">Katzenreichcats@outlook.com<\/a>            <\/li>\n                    <li class=\"wpuf-field-data wpuf-field-data-numeric_text_field\">\n                                    <label>Tel\u00e9fono:<\/label>\n                                711219430            <\/li>\n        <\/ul>","protected":false},"excerpt":{"rendered":"<p>\ud83d\udc3e PIERRE &amp; MARIE BUSCAN FAMILIA \ud83d\udc3e (la pareja Curie \ud83d\udc9b) Estos dos peque\u00f1os, de apenas 3 meses, vienen del mismo lugar que muchos otros\u2026 una casa sin control, sin cuidados y, probablemente, con mucho dolor detr\u00e1s \ud83d\udc94 Han llegado aterrorizados, con much\u00edsimo miedo. Todo apunta a que han sufrido maltrato\u2026 pero aun as\u00ed: \ud83d\udc49 [&#8230;]\n","protected":false},"featured_media":51676,"template":"","meta":{"_acf_changed":false},"product_brand":[],"product_cat":[15,1000],"product_tag":[],"class_list":{"0":"post-51677","1":"product","2":"type-product","3":"status-publish","4":"has-post-thumbnail","6":"product_cat-adoptar_perro_adoptar_mascota","7":"product_cat-adoptar-perro-gato-adoptar-mascota-es","8":"pa_edad-a","9":"pa_fecha-nacimiento-ano-3537","10":"pa_fecha-nacimiento-mes-01-enero","11":"pa_origen-katzenreich","12":"pa_provincia-ciudad-real","13":"pa_raza-mestizo","14":"pa_sexo-hembra","15":"pa_tamano-b","17":"first","18":"instock","19":"taxable","20":"shipping-taxable","21":"product-type-simple"},"acf":[],"_links":{"self":[{"href":"https:\/\/www.wallamascotas.com\/web3\/wp-json\/wp\/v2\/product\/51677","targetHints":{"allow":["GET"]}}],"collection":[{"href":"https:\/\/www.wallamascotas.com\/web3\/wp-json\/wp\/v2\/product"}],"about":[{"href":"https:\/\/www.wallamascotas.com\/web3\/wp-json\/wp\/v2\/types\/product"}],"wp:featuredmedia":[{"embeddable":true,"href":"https:\/\/www.wallamascotas.com\/web3\/wp-json\/wp\/v2\/media\/51676"}],"wp:attachment":[{"href":"https:\/\/www.wallamascotas.com\/web3\/wp-json\/wp\/v2\/media?parent=51677"}],"wp:term":[{"taxonomy":"product_brand","embeddable":true,"href":"https:\/\/www.wallamascotas.com\/web3\/wp-json\/wp\/v2\/product_brand?post=51677"},{"taxonomy":"product_cat","embeddable":true,"href":"https:\/\/www.wallamascotas.com\/web3\/wp-json\/wp\/v2\/product_cat?post=51677"},{"taxonomy":"product_tag","embeddable":true,"href":"https:\/\/www.wallamascotas.com\/web3\/wp-json\/wp\/v2\/product_tag?post=51677"}],"curies":[{"name":"wp","href":"https:\/\/api.w.org\/{rel}","templated":true}]}}