{"id":51736,"date":"2026-04-04T21:26:32","date_gmt":"2026-04-04T21:26:32","guid":{"rendered":"https:\/\/www.wallamascotas.com\/web3\/?post_type=product&#038;p=51736"},"modified":"2026-04-04T21:26:33","modified_gmt":"2026-04-04T21:26:33","slug":"champi","status":"publish","type":"product","link":"https:\/\/www.wallamascotas.com\/web3\/mascota\/champi\/","title":{"rendered":"Champi"},"content":{"rendered":"<p>Champi es una abuelita que viv\u00eda en una calle de Sa Cabaneta, un d\u00eda, estaba durmiendo debajo de un coche, y debido a su sordera no escuch\u00f3 que el coche arrancaba, y la atropell\u00f3, la rescatamos y la operamos, y ahora lleva m\u00e1s de un a\u00f1o recuperada y buscando adopci\u00f3n<\/p>\n<ul class=\"wpuf_customs\">            <li class=\"wpuf-field-data wpuf-field-data-radio_field\">\n                                    <label>Tipo:<\/label>\n                                Gato            <\/li>\n                    <li class=\"wpuf-field-data wpuf-field-data-radio_field\">\n                                    <label>Es un perro:<\/label>\n                                Cari\u00f1oso            <\/li>\n                    <li class=\"wpuf-field-data wpuf-field-data-radio_field\">\n                                    <label>Amigable con perros:<\/label>\n                                Desconocido            <\/li>\n                    <li class=\"wpuf-field-data wpuf-field-data-radio_field\">\n                                    <label>Con personas extra\u00f1as:<\/label>\n                                Amigable            <\/li>\n                    <li class=\"wpuf-field-data wpuf-field-data-radio_field\">\n                                    <label>Ladrador:<\/label>\n                                Desconocido            <\/li>\n                    <li class=\"wpuf-field-data wpuf-field-data-radio_field\">\n                                    <label>Necesita licencia PPP:<\/label>\n                                NO            <\/li>\n                    <li class=\"wpuf-field-data wpuf-field-data-checkbox_field\">\n                                    <label>Enfermedades:<\/label>\n                                Ninguna            <\/li>\n                    <li class=\"wpuf-field-data wpuf-field-data-checkbox_field\">\n                                    <label>Se entrega:<\/label>\n                                Esterilizado | Desparasitado            <\/li>\n                    <li class=\"wpuf-field-data wpuf-field-data-checkbox_field\">\n                                    <label>M\u00e1s informaci\u00f3n:<\/label>\n                                Bueno con gatos | Bueno con ni\u00f1os | Bueno en casa            <\/li>\n                    <li class=\"wpuf-field-data wpuf-field-data-radio_field\">\n                                    <label>Se env\u00eda la mascota:<\/label>\n                                NO            <\/li>\n                    <li class=\"wpuf-field-data wpuf-field-data-radio_field\">\n                                    <label>Origen:<\/label>\n                                Asociaci\u00f3n            <\/li>\n        <li><label>Fecha de publicaci\u00f3n:<\/label> 04\/04\/2026 18:36<\/li>            <li class=\"wpuf-field-data wpuf-field-data-radio_field\">\n                                    <label>La mascota ha sido adoptada:<\/label>\n                                NO            <\/li>\n                    <li class=\"wpuf-field-data wpuf-field-data-email_address\">\n                                    <label>Direcci\u00f3n de correo:<\/label>\n                                <a href=\"mailto:moixetsdemarratxi@hotmail.com\">moixetsdemarratxi@hotmail.com<\/a>            <\/li>\n        <\/ul>","protected":false},"excerpt":{"rendered":"<p>Champi es una abuelita que viv\u00eda en una calle de Sa Cabaneta, un d\u00eda, estaba durmiendo debajo de un coche, y debido a su sordera no escuch\u00f3 que el coche arrancaba, y la atropell\u00f3, la rescatamos y la operamos, y ahora lleva m\u00e1s de un a\u00f1o recuperada y buscando adopci\u00f3n Tipo: Gato Es un perro: [&#8230;]\n","protected":false},"featured_media":51735,"template":"","meta":{"_acf_changed":false},"product_brand":[],"product_cat":[16,1000],"product_tag":[],"class_list":{"0":"post-51736","1":"product","2":"type-product","3":"status-publish","4":"has-post-thumbnail","6":"product_cat-adoptargato","7":"product_cat-adoptar-perro-gato-adoptar-mascota-es","8":"pa_edad-c","9":"pa_fecha-nacimiento-ano-3401","10":"pa_fecha-nacimiento-mes-07-julio","11":"pa_origen-moixets-de-marratxi","12":"pa_provincia-espana-baleares-mallorca","13":"pa_raza-gato-comun-europeo","14":"pa_sexo-hembra","15":"pa_tamano-b","17":"first","18":"instock","19":"taxable","20":"shipping-taxable","21":"product-type-simple"},"acf":[],"_links":{"self":[{"href":"https:\/\/www.wallamascotas.com\/web3\/wp-json\/wp\/v2\/product\/51736","targetHints":{"allow":["GET"]}}],"collection":[{"href":"https:\/\/www.wallamascotas.com\/web3\/wp-json\/wp\/v2\/product"}],"about":[{"href":"https:\/\/www.wallamascotas.com\/web3\/wp-json\/wp\/v2\/types\/product"}],"wp:featuredmedia":[{"embeddable":true,"href":"https:\/\/www.wallamascotas.com\/web3\/wp-json\/wp\/v2\/media\/51735"}],"wp:attachment":[{"href":"https:\/\/www.wallamascotas.com\/web3\/wp-json\/wp\/v2\/media?parent=51736"}],"wp:term":[{"taxonomy":"product_brand","embeddable":true,"href":"https:\/\/www.wallamascotas.com\/web3\/wp-json\/wp\/v2\/product_brand?post=51736"},{"taxonomy":"product_cat","embeddable":true,"href":"https:\/\/www.wallamascotas.com\/web3\/wp-json\/wp\/v2\/product_cat?post=51736"},{"taxonomy":"product_tag","embeddable":true,"href":"https:\/\/www.wallamascotas.com\/web3\/wp-json\/wp\/v2\/product_tag?post=51736"}],"curies":[{"name":"wp","href":"https:\/\/api.w.org\/{rel}","templated":true}]}}