{"id":51822,"date":"2026-04-07T17:03:25","date_gmt":"2026-04-07T17:03:25","guid":{"rendered":"https:\/\/www.wallamascotas.com\/web3\/?post_type=product&#038;p=51822"},"modified":"2026-04-07T17:03:27","modified_gmt":"2026-04-07T17:03:27","slug":"jiban","status":"publish","type":"product","link":"https:\/\/www.wallamascotas.com\/web3\/mascota\/jiban\/","title":{"rendered":"Jiban"},"content":{"rendered":"<p><a href=\"https:\/\/www.wallamascotas.com\/web3\/wp-content\/uploads\/2026\/04\/u10018-WhatsApp-Image-2026-04-07-at-15.54.49.jpeg\"><img decoding=\"async\" class=\"attachment-thumbnail size-thumbnail\" src=\"https:\/\/www.wallamascotas.com\/web3\/wp-content\/uploads\/2026\/04\/u10018-WhatsApp-Image-2026-04-07-at-15.54.49-150x150.jpeg\" alt=\"\" \/><\/a><a href=\"https:\/\/www.wallamascotas.com\/web3\/wp-content\/uploads\/2026\/04\/u10018-WhatsApp-Image-2026-04-07-at-15.55.23.jpeg\"><img decoding=\"async\" class=\"attachment-thumbnail size-thumbnail\" src=\"https:\/\/www.wallamascotas.com\/web3\/wp-content\/uploads\/2026\/04\/u10018-WhatsApp-Image-2026-04-07-at-15.55.23-150x150.jpeg\" alt=\"\" \/><\/a><\/p>\n<p>&nbsp;<\/p>\n<p>ADOPCI\u00d3N \u2013 REDOV\u00c1N<br \/>\n\u2764\ufe0f LEER<br \/>\n\u00c9l es Jiban, tiene 11 meses y es un aut\u00e9ntico amor \u2764\ufe0f<br \/>\nUn perrito muy cari\u00f1oso, mimoso y sociable. Le encanta salir a pasear y disfruta much\u00edsimo cuando lo acarician \ud83d\ude0d<br \/>\n\ud83d\udc36 Car\u00e1cter:<br \/>\n\u2013 Con los ni\u00f1os es genial, aunque a veces es un poco bruto\u2026 cosas de cachorro \ud83d\ude05<br \/>\n\u2013 Travieso, divertido y muy bueno<br \/>\n\u2013 Cuando se queda solo tiende a buscar entretenimiento por su cuenta, algo normal a su edad y que se puede trabajar con rutina y paciencia<br \/>\n\u2714\ufe0f Vacunas al d\u00eda<\/p>\n<p>Jiban es una maravilla \u2764\ufe0f Solo necesita una familia que entienda que todav\u00eda es un cachorro, con energ\u00eda, ganas de aprender y much\u00edsimo amor para dar. Necesita mucho tiempo y actividad diaria.<br \/>\n\ud83d\udccd Se encuentra en Redov\u00e1n(Alicante)<\/p>\n<p>La persona interesada tendr\u00eda que venir a por \u00e9l<\/p>\n<p>&nbsp;<\/p>\n<p><a href=\"https:\/\/www.wallamascotas.com\/web3\/wp-content\/uploads\/2026\/04\/u10018-WhatsApp-Image-2026-04-07-at-15.55.23-1.jpeg\"><img decoding=\"async\" class=\"attachment-thumbnail size-thumbnail\" src=\"https:\/\/www.wallamascotas.com\/web3\/wp-content\/uploads\/2026\/04\/u10018-WhatsApp-Image-2026-04-07-at-15.55.23-1-150x150.jpeg\" alt=\"\" \/><\/a><\/p>\n<ul class=\"wpuf_customs\">            <li class=\"wpuf-field-data wpuf-field-data-radio_field\">\n                                    <label>Tipo:<\/label>\n                                Perro            <\/li>\n                    <li class=\"wpuf-field-data wpuf-field-data-radio_field\">\n                                    <label>Es un perro:<\/label>\n                                Nervioso            <\/li>\n                    <li class=\"wpuf-field-data wpuf-field-data-radio_field\">\n                                    <label>Amigable con perros:<\/label>\n                                Mejor no cruzarse con ninguno            <\/li>\n                    <li class=\"wpuf-field-data wpuf-field-data-radio_field\">\n                                    <label>Con personas extra\u00f1as:<\/label>\n                                Amigable            <\/li>\n                    <li class=\"wpuf-field-data wpuf-field-data-radio_field\">\n                                    <label>Ladrador:<\/label>\n                                Ladrador            <\/li>\n                    <li class=\"wpuf-field-data wpuf-field-data-radio_field\">\n                                    <label>Necesita licencia PPP:<\/label>\n                                SI            <\/li>\n                    <li class=\"wpuf-field-data wpuf-field-data-checkbox_field\">\n                                    <label>Enfermedades:<\/label>\n                                Ninguna            <\/li>\n                    <li class=\"wpuf-field-data wpuf-field-data-checkbox_field\">\n                                    <label>Se entrega:<\/label>\n                                Con cartilla sanitaria | Vacunado | Microchip            <\/li>\n                    <li class=\"wpuf-field-data wpuf-field-data-checkbox_field\">\n                                    <label>M\u00e1s informaci\u00f3n:<\/label>\n                                Le gusta pasear | Escapista            <\/li>\n                    <li class=\"wpuf-field-data wpuf-field-data-radio_field\">\n                                    <label>Se env\u00eda la mascota:<\/label>\n                                NO            <\/li>\n                    <li class=\"wpuf-field-data wpuf-field-data-radio_field\">\n                                    <label>Origen:<\/label>\n                                Particular            <\/li>\n        <li><label>Fecha de publicaci\u00f3n:<\/label> 07\/04\/2026 16:03<\/li>            <li class=\"wpuf-field-data wpuf-field-data-radio_field\">\n                                    <label>La mascota ha sido adoptada:<\/label>\n                                NO            <\/li>\n                    <li class=\"wpuf-field-data wpuf-field-data-email_address\">\n                                    <label>Direcci\u00f3n de correo:<\/label>\n                                <a href=\"mailto:stefhyta12@gmail.com\">stefhyta12@gmail.com<\/a>            <\/li>\n                    <li class=\"wpuf-field-data wpuf-field-data-numeric_text_field\">\n                                    <label>Tel\u00e9fono:<\/label>\n                                662590350            <\/li>\n        <\/ul>","protected":false},"excerpt":{"rendered":"<p>&nbsp; ADOPCI\u00d3N \u2013 REDOV\u00c1N \u2764\ufe0f LEER \u00c9l es Jiban, tiene 11 meses y es un aut\u00e9ntico amor \u2764\ufe0f Un perrito muy cari\u00f1oso, mimoso y sociable. Le encanta salir a pasear y disfruta much\u00edsimo cuando lo acarician \ud83d\ude0d \ud83d\udc36 Car\u00e1cter: \u2013 Con los ni\u00f1os es genial, aunque a veces es un poco bruto\u2026 cosas de cachorro [&#8230;]\n","protected":false},"featured_media":51820,"template":"","meta":{"_acf_changed":false},"product_brand":[],"product_cat":[15,1000],"product_tag":[],"class_list":{"0":"post-51822","1":"product","2":"type-product","3":"status-publish","4":"has-post-thumbnail","6":"product_cat-adoptar_perro_adoptar_mascota","7":"product_cat-adoptar-perro-gato-adoptar-mascota-es","8":"pa_edad-a","9":"pa_fecha-nacimiento-ano-3513","10":"pa_fecha-nacimiento-mes-04-abril","11":"pa_provincia-alicante","12":"pa_raza-pitbull","13":"pa_sexo-macho","14":"pa_tamano-e","16":"first","17":"instock","18":"taxable","19":"shipping-taxable","20":"product-type-simple"},"acf":[],"_links":{"self":[{"href":"https:\/\/www.wallamascotas.com\/web3\/wp-json\/wp\/v2\/product\/51822","targetHints":{"allow":["GET"]}}],"collection":[{"href":"https:\/\/www.wallamascotas.com\/web3\/wp-json\/wp\/v2\/product"}],"about":[{"href":"https:\/\/www.wallamascotas.com\/web3\/wp-json\/wp\/v2\/types\/product"}],"wp:featuredmedia":[{"embeddable":true,"href":"https:\/\/www.wallamascotas.com\/web3\/wp-json\/wp\/v2\/media\/51820"}],"wp:attachment":[{"href":"https:\/\/www.wallamascotas.com\/web3\/wp-json\/wp\/v2\/media?parent=51822"}],"wp:term":[{"taxonomy":"product_brand","embeddable":true,"href":"https:\/\/www.wallamascotas.com\/web3\/wp-json\/wp\/v2\/product_brand?post=51822"},{"taxonomy":"product_cat","embeddable":true,"href":"https:\/\/www.wallamascotas.com\/web3\/wp-json\/wp\/v2\/product_cat?post=51822"},{"taxonomy":"product_tag","embeddable":true,"href":"https:\/\/www.wallamascotas.com\/web3\/wp-json\/wp\/v2\/product_tag?post=51822"}],"curies":[{"name":"wp","href":"https:\/\/api.w.org\/{rel}","templated":true}]}}