{"id":51914,"date":"2026-04-10T19:28:55","date_gmt":"2026-04-10T19:28:55","guid":{"rendered":"https:\/\/www.wallamascotas.com\/web3\/?post_type=product&#038;p=51914"},"modified":"2026-04-10T19:28:57","modified_gmt":"2026-04-10T19:28:57","slug":"lebron","status":"publish","type":"product","link":"https:\/\/www.wallamascotas.com\/web3\/mascota\/lebron\/","title":{"rendered":"Lebron"},"content":{"rendered":"<p>Perro macho nacido en diciembre de 2019, cruce de Shar Pei y American Staffordshire. Muy bueno, cari\u00f1oso, protector y juguet\u00f3n con ni\u00f1os. Acostumbrado a vida en hogar. Esterilizado, con chip y documentaci\u00f3n en regla.<\/p>\n<p>Se busca adopci\u00f3n responsable por alergia de un ni\u00f1o peque\u00f1o en el hogar. Se valorar\u00e1 experiencia con perros grandes y compromiso .<\/p>\n<p>#adoptanocompres<br \/>\n#adoptaunperro<br \/>\n#perrosenadopcion<br \/>\n#adopcionresponsable<br \/>\n#adoptame<br \/>\n#adoptaresamor<br \/>\n#rescatedeanimales<br \/>\n#perrosrescatados<br \/>\n#adopcionespana<br \/>\n#buscahogar<br \/>\n#adopcionurgente<br \/>\n#hogarparaunperro<br \/>\n#perrofeliz<br \/>\n#perrolovers<br \/>\n#perrosdeinstagram<br \/>\n#dogsofinstagram<br \/>\n#instadog<br \/>\n#doglover<br \/>\n#dogrescue<br \/>\n#rescuedog<br \/>\n#perroadulto<br \/>\n#cachorroenadopcion<br \/>\n#teckelenadopcion<br \/>\n#adopcionmadrid<br \/>\n#adopcionesmalaga<br \/>\n#adopcionesbarcelona<br \/>\n#adopcionesandalucia<br \/>\n#protectoradeanimales<br \/>\n#animalessinhogar<br \/>\n#wallamascotas<\/p>\n<ul class=\"wpuf_customs\">            <li class=\"wpuf-field-data wpuf-field-data-radio_field\">\n                                    <label>Tipo:<\/label>\n                                Perro            <\/li>\n                    <li class=\"wpuf-field-data wpuf-field-data-radio_field\">\n                                    <label>Es un perro:<\/label>\n                                Nervioso            <\/li>\n                    <li class=\"wpuf-field-data wpuf-field-data-radio_field\">\n                                    <label>Amigable con perros:<\/label>\n                                Solo con perras            <\/li>\n                    <li class=\"wpuf-field-data wpuf-field-data-radio_field\">\n                                    <label>Con personas extra\u00f1as:<\/label>\n                                Protector            <\/li>\n                    <li class=\"wpuf-field-data wpuf-field-data-radio_field\">\n                                    <label>Ladrador:<\/label>\n                                Con timbre y poco m\u00e1s            <\/li>\n                    <li class=\"wpuf-field-data wpuf-field-data-radio_field\">\n                                    <label>Necesita licencia PPP:<\/label>\n                                NO            <\/li>\n                    <li class=\"wpuf-field-data wpuf-field-data-checkbox_field\">\n                                    <label>Enfermedades:<\/label>\n                                Ninguna            <\/li>\n                    <li class=\"wpuf-field-data wpuf-field-data-checkbox_field\">\n                                    <label>Se entrega:<\/label>\n                                Con cartilla sanitaria | Vacunado | Esterilizado | Desparasitado | Microchip            <\/li>\n                    <li class=\"wpuf-field-data wpuf-field-data-checkbox_field\">\n                                    <label>M\u00e1s informaci\u00f3n:<\/label>\n                                Bueno con ni\u00f1os | Bueno en casa | Bueno en el coche | Le gusta pasear | Obediente            <\/li>\n                    <li class=\"wpuf-field-data wpuf-field-data-radio_field\">\n                                    <label>Se env\u00eda la mascota:<\/label>\n                                NO            <\/li>\n                    <li class=\"wpuf-field-data wpuf-field-data-radio_field\">\n                                    <label>Origen:<\/label>\n                                Particular            <\/li>\n        <li><label>Fecha de publicaci\u00f3n:<\/label> 17\/04\/2026 00:00<\/li>            <li class=\"wpuf-field-data wpuf-field-data-radio_field\">\n                                    <label>La mascota ha sido adoptada:<\/label>\n                                NO            <\/li>\n                    <li class=\"wpuf-field-data wpuf-field-data-email_address\">\n                                    <label>Direcci\u00f3n de correo:<\/label>\n                                <a href=\"mailto:andreeaiulianaivan@gmail.com\">andreeaiulianaivan@gmail.com<\/a>            <\/li>\n                    <li class=\"wpuf-field-data wpuf-field-data-numeric_text_field\">\n                                    <label>Tel\u00e9fono:<\/label>\n                                642654682            <\/li>\n        <\/ul>","protected":false},"excerpt":{"rendered":"<p>Perro macho nacido en diciembre de 2019, cruce de Shar Pei y American Staffordshire. Muy bueno, cari\u00f1oso, protector y juguet\u00f3n con ni\u00f1os. Acostumbrado a vida en hogar. Esterilizado, con chip y documentaci\u00f3n en regla. Se busca adopci\u00f3n responsable por alergia de un ni\u00f1o peque\u00f1o en el hogar. Se valorar\u00e1 experiencia con perros grandes y compromiso [&#8230;]\n","protected":false},"featured_media":51913,"template":"","meta":{"_acf_changed":false},"product_brand":[],"product_cat":[15,1000],"product_tag":[],"class_list":{"0":"post-51914","1":"product","2":"type-product","3":"status-publish","4":"has-post-thumbnail","6":"product_cat-adoptar_perro_adoptar_mascota","7":"product_cat-adoptar-perro-gato-adoptar-mascota-es","8":"pa_edad-b","9":"pa_fecha-nacimiento-ano-3398","10":"pa_fecha-nacimiento-mes-12-diciembre","11":"pa_provincia-madrid","12":"pa_raza-shar-pei","13":"pa_sexo-macho","14":"pa_tamano-d","16":"first","17":"instock","18":"taxable","19":"shipping-taxable","20":"product-type-simple"},"acf":[],"_links":{"self":[{"href":"https:\/\/www.wallamascotas.com\/web3\/wp-json\/wp\/v2\/product\/51914","targetHints":{"allow":["GET"]}}],"collection":[{"href":"https:\/\/www.wallamascotas.com\/web3\/wp-json\/wp\/v2\/product"}],"about":[{"href":"https:\/\/www.wallamascotas.com\/web3\/wp-json\/wp\/v2\/types\/product"}],"wp:featuredmedia":[{"embeddable":true,"href":"https:\/\/www.wallamascotas.com\/web3\/wp-json\/wp\/v2\/media\/51913"}],"wp:attachment":[{"href":"https:\/\/www.wallamascotas.com\/web3\/wp-json\/wp\/v2\/media?parent=51914"}],"wp:term":[{"taxonomy":"product_brand","embeddable":true,"href":"https:\/\/www.wallamascotas.com\/web3\/wp-json\/wp\/v2\/product_brand?post=51914"},{"taxonomy":"product_cat","embeddable":true,"href":"https:\/\/www.wallamascotas.com\/web3\/wp-json\/wp\/v2\/product_cat?post=51914"},{"taxonomy":"product_tag","embeddable":true,"href":"https:\/\/www.wallamascotas.com\/web3\/wp-json\/wp\/v2\/product_tag?post=51914"}],"curies":[{"name":"wp","href":"https:\/\/api.w.org\/{rel}","templated":true}]}}