{"id":52232,"date":"2026-04-22T12:20:50","date_gmt":"2026-04-22T12:20:50","guid":{"rendered":"https:\/\/www.wallamascotas.com\/web3\/?post_type=product&#038;p=52232"},"modified":"2026-04-22T12:20:51","modified_gmt":"2026-04-22T12:20:51","slug":"laila","status":"publish","type":"product","link":"https:\/\/www.wallamascotas.com\/web3\/mascota\/laila\/","title":{"rendered":"Laila"},"content":{"rendered":"<p>LAILA \ud83d\udc9a<\/p>\n<p>Peque\u00f1ita (7 kg), elegante (Pinscher) y con 5 a\u00f1os de experiencia en la vida.<\/p>\n<p>Vamos, que soy una edici\u00f3n limitada con mucho arte y una historia que contar.<\/p>\n<p>\ud83d\udc51 Durante a\u00f1os fui mam\u00e1 a jornada completa (sin descansos ni festivos\u2026 ejem \ud83d\ude05), pero ahora me he jubilado oficialmente y estoy lista para mi nuevo puesto: **REINA ABSOLUTA DE TU CASA**<\/p>\n<p>\u2728 **Mi personalidad (spoiler: te voy a enamorar):**<\/p>\n<p>\u2714\ufe0f Cari\u00f1osa, buena y muy lista (aprendo rapid\u00edsimo).<\/p>\n<p>\u2714\ufe0f Fan total de humanos\u2026 sobre todo de mis chicas \ud83d\udc81\u200d\u2640\ufe0f<\/p>\n<p>\u2714\ufe0f Con los chicos voy poco a poco\u2026 pero cuando conf\u00edo, soy puro amor \ud83d\udc9b<\/p>\n<p>\u2714\ufe0f Sociable nivel experta con perros y gatos \ud83d\udc36\ud83d\udc31\ud83e\udd1d<\/p>\n<p>\ud83d\ude05 **Peque\u00f1os \u201cdetallitos\u201d que me hacen \u00fanica:**<\/p>\n<p>\ud83d\ude97 Coches y motos\u2026 uff, a\u00fan me parecen dragones ruidosos \ud83d\udc09<\/p>\n<p>\ud83e\uddf9 Escobas y fregonas\u2026 mejor lejos, gracias \ud83d\ude02<\/p>\n<p>\ud83d\udcaa **Y ahora lo importante: soy una campeona**<\/p>\n<p>Tengo leishmania, S\u00cd\u2026 pero tambi\u00e9n tengo una fuerza incre\u00edble \ud83d\udca5<\/p>\n<p>Estoy en Sevilla pero puedo viajar mediante transporte animalista \ud83d\ude90\ud83d\udc15 dentro de la pen\u00ednsula all\u00ed donde est\u00e9s<\/p>\n<p>Solo necesito mi pastillita de Alopurinol que son muy baratitas y listo. Estoy controlada, sana y con unas ganas enormes de vivir y ser feliz.<\/p>\n<p>Llevo much\u00edsimo tiempo en acogida, solo necesito una oportunidad. un hogar donde ser feliz lo para siempre \ud83e\udd70<\/p>\n<p>\u203c\ufe0f\u203c\ufe0fSI QUIERES DARME UN HOGAR PARA SIEMPRE ESCRIBE A LAS HUMANAS AL EMAIL \ud83d\udce7 adopcionesvidanimalis@gmail.com Y TE INFORMARAN DE TODO EL PROCESO DE ADOPCI\u00d3N PARA QUE ME LLEVES A TU CASA\u203c\ufe0f\u203c\ufe0f<\/p>\n<ul class=\"wpuf_customs\">            <li class=\"wpuf-field-data wpuf-field-data-radio_field\">\n                                    <label>Tipo:<\/label>\n                                Perro            <\/li>\n                    <li class=\"wpuf-field-data wpuf-field-data-radio_field\">\n                                    <label>Es un perro:<\/label>\n                                Cari\u00f1oso            <\/li>\n                    <li class=\"wpuf-field-data wpuf-field-data-radio_field\">\n                                    <label>Amigable con perros:<\/label>\n                                Es amigo de tod@s            <\/li>\n                    <li class=\"wpuf-field-data wpuf-field-data-radio_field\">\n                                    <label>Con personas extra\u00f1as:<\/label>\n                                Amigable            <\/li>\n                    <li class=\"wpuf-field-data wpuf-field-data-radio_field\">\n                                    <label>Ladrador:<\/label>\n                                Con timbre y poco m\u00e1s            <\/li>\n                    <li class=\"wpuf-field-data wpuf-field-data-radio_field\">\n                                    <label>Necesita licencia PPP:<\/label>\n                                NO            <\/li>\n                    <li class=\"wpuf-field-data wpuf-field-data-checkbox_field\">\n                                    <label>Enfermedades:<\/label>\n                                Positivo en Leishmania            <\/li>\n                    <li class=\"wpuf-field-data wpuf-field-data-checkbox_field\">\n                                    <label>Se entrega:<\/label>\n                                Con cartilla sanitaria | Vacunado | Esterilizado | Desparasitado | Microchip            <\/li>\n                    <li class=\"wpuf-field-data wpuf-field-data-checkbox_field\">\n                                    <label>M\u00e1s informaci\u00f3n:<\/label>\n                                Bueno con perros | Bueno con gatos | Bueno con ni\u00f1os | Bueno en casa | Bueno en el coche | Le gusta pasear | Obediente            <\/li>\n                    <li class=\"wpuf-field-data wpuf-field-data-radio_field\">\n                                    <label>Se env\u00eda la mascota:<\/label>\n                                SI            <\/li>\n                    <li class=\"wpuf-field-data wpuf-field-data-radio_field\">\n                                    <label>En caso de env\u00edo, detallar:<\/label>\n                                A otra CCAA espa\u00f1ola            <\/li>\n                    <li class=\"wpuf-field-data wpuf-field-data-radio_field\">\n                                    <label>Origen:<\/label>\n                                Asociaci\u00f3n            <\/li>\n        <li><label>Fecha de publicaci\u00f3n:<\/label> 22\/04\/2026 00:00<\/li>            <li class=\"wpuf-field-data wpuf-field-data-radio_field\">\n                                    <label>La mascota ha sido adoptada:<\/label>\n                                NO            <\/li>\n                    <li class=\"wpuf-field-data wpuf-field-data-email_address\">\n                                    <label>Direcci\u00f3n de correo:<\/label>\n                                <a href=\"mailto:adopcionesvidanimalis@gmail.com\">adopcionesvidanimalis@gmail.com<\/a>            <\/li>\n        <\/ul>","protected":false},"excerpt":{"rendered":"<p>LAILA \ud83d\udc9a Peque\u00f1ita (7 kg), elegante (Pinscher) y con 5 a\u00f1os de experiencia en la vida. Vamos, que soy una edici\u00f3n limitada con mucho arte y una historia que contar. \ud83d\udc51 Durante a\u00f1os fui mam\u00e1 a jornada completa (sin descansos ni festivos\u2026 ejem \ud83d\ude05), pero ahora me he jubilado oficialmente y estoy lista para mi [&#8230;]\n","protected":false},"featured_media":52230,"template":"","meta":{"_acf_changed":false},"product_brand":[],"product_cat":[15,1000],"product_tag":[],"class_list":{"0":"post-52232","1":"product","2":"type-product","3":"status-publish","4":"has-post-thumbnail","6":"product_cat-adoptar_perro_adoptar_mascota","7":"product_cat-adoptar-perro-gato-adoptar-mascota-es","8":"pa_edad-b","9":"pa_fecha-nacimiento-ano-3443","10":"pa_fecha-nacimiento-mes-04-abril","11":"pa_origen-vidaanimalis","12":"pa_provincia-sevilla","13":"pa_raza-pincher","14":"pa_sexo-hembra","15":"pa_tamano-b","17":"first","18":"instock","19":"taxable","20":"shipping-taxable","21":"product-type-simple"},"acf":[],"_links":{"self":[{"href":"https:\/\/www.wallamascotas.com\/web3\/wp-json\/wp\/v2\/product\/52232","targetHints":{"allow":["GET"]}}],"collection":[{"href":"https:\/\/www.wallamascotas.com\/web3\/wp-json\/wp\/v2\/product"}],"about":[{"href":"https:\/\/www.wallamascotas.com\/web3\/wp-json\/wp\/v2\/types\/product"}],"wp:featuredmedia":[{"embeddable":true,"href":"https:\/\/www.wallamascotas.com\/web3\/wp-json\/wp\/v2\/media\/52230"}],"wp:attachment":[{"href":"https:\/\/www.wallamascotas.com\/web3\/wp-json\/wp\/v2\/media?parent=52232"}],"wp:term":[{"taxonomy":"product_brand","embeddable":true,"href":"https:\/\/www.wallamascotas.com\/web3\/wp-json\/wp\/v2\/product_brand?post=52232"},{"taxonomy":"product_cat","embeddable":true,"href":"https:\/\/www.wallamascotas.com\/web3\/wp-json\/wp\/v2\/product_cat?post=52232"},{"taxonomy":"product_tag","embeddable":true,"href":"https:\/\/www.wallamascotas.com\/web3\/wp-json\/wp\/v2\/product_tag?post=52232"}],"curies":[{"name":"wp","href":"https:\/\/api.w.org\/{rel}","templated":true}]}}