{"id":52320,"date":"2026-04-29T06:47:37","date_gmt":"2026-04-29T06:47:37","guid":{"rendered":"https:\/\/www.wallamascotas.com\/web3\/?post_type=product&#038;p=52320"},"modified":"2026-04-29T06:47:38","modified_gmt":"2026-04-29T06:47:38","slug":"kiwi","status":"publish","type":"product","link":"https:\/\/www.wallamascotas.com\/web3\/mascota\/kiwi\/","title":{"rendered":"Kiwi"},"content":{"rendered":"<p>\ud83d\udc39 <strong>H\u00e1mster en adopci\u00f3n en Barcelona<\/strong><\/p>\n<p>Regalo h\u00e1mster(macho) de 6 meses por viaje.<br \/>\nEs sano y est\u00e1 bien cuidado.<\/p>\n<p>Incluyo su jaula y accesorios, para que pueda adaptarse f\u00e1cilmente a su nuevo hogar.<\/p>\n<p>Busco una persona responsable que se comprometa a cuidarlo bien.<\/p>\n<p>\ud83d\udccd Barcelona, Poblenou<br \/>\nInteresados, escribir por mensaje privado.<\/p>\n<ul class=\"wpuf_customs\">            <li class=\"wpuf-field-data wpuf-field-data-radio_field\">\n                                    <label>Tipo:<\/label>\n                                Otra mascota            <\/li>\n                    <li class=\"wpuf-field-data wpuf-field-data-radio_field\">\n                                    <label>Es un perro:<\/label>\n                                Tranquilo            <\/li>\n                    <li class=\"wpuf-field-data wpuf-field-data-radio_field\">\n                                    <label>Amigable con perros:<\/label>\n                                Es amigo de tod@s            <\/li>\n                    <li class=\"wpuf-field-data wpuf-field-data-radio_field\">\n                                    <label>Con personas extra\u00f1as:<\/label>\n                                Amigable            <\/li>\n                    <li class=\"wpuf-field-data wpuf-field-data-radio_field\">\n                                    <label>Ladrador:<\/label>\n                                Calladito            <\/li>\n                    <li class=\"wpuf-field-data wpuf-field-data-radio_field\">\n                                    <label>Necesita licencia PPP:<\/label>\n                                NO            <\/li>\n                    <li class=\"wpuf-field-data wpuf-field-data-checkbox_field\">\n                                    <label>Enfermedades:<\/label>\n                                Ninguna            <\/li>\n                    <li class=\"wpuf-field-data wpuf-field-data-checkbox_field\">\n                                    <label>Se entrega:<\/label>\n                                Solo la mascota sin paso previo por veterinario            <\/li>\n                    <li class=\"wpuf-field-data wpuf-field-data-checkbox_field\">\n                                    <label>M\u00e1s informaci\u00f3n:<\/label>\n                                Independiente            <\/li>\n                    <li class=\"wpuf-field-data wpuf-field-data-radio_field\">\n                                    <label>Se env\u00eda la mascota:<\/label>\n                                NO            <\/li>\n                    <li class=\"wpuf-field-data wpuf-field-data-radio_field\">\n                                    <label>Origen:<\/label>\n                                Particular            <\/li>\n        <li><label>Fecha de publicaci\u00f3n:<\/label> 27\/04\/2026 00:00<\/li>            <li class=\"wpuf-field-data wpuf-field-data-radio_field\">\n                                    <label>La mascota ha sido adoptada:<\/label>\n                                NO            <\/li>\n                    <li class=\"wpuf-field-data wpuf-field-data-email_address\">\n                                    <label>Direcci\u00f3n de correo:<\/label>\n                                <a href=\"mailto:robertonava@gmail.com\">robertonava@gmail.com<\/a>            <\/li>\n                    <li class=\"wpuf-field-data wpuf-field-data-numeric_text_field\">\n                                    <label>Tel\u00e9fono:<\/label>\n                                625686893            <\/li>\n        <\/ul>","protected":false},"excerpt":{"rendered":"<p>\ud83d\udc39 H\u00e1mster en adopci\u00f3n en Barcelona Regalo h\u00e1mster(macho) de 6 meses por viaje. Es sano y est\u00e1 bien cuidado. Incluyo su jaula y accesorios, para que pueda adaptarse f\u00e1cilmente a su nuevo hogar. Busco una persona responsable que se comprometa a cuidarlo bien. \ud83d\udccd Barcelona, Poblenou Interesados, escribir por mensaje privado. Tipo: Otra mascota Es [&#8230;]\n","protected":false},"featured_media":52319,"template":"","meta":{"_acf_changed":false},"product_brand":[],"product_cat":[17,1000],"product_tag":[],"class_list":{"0":"post-52320","1":"product","2":"type-product","3":"status-publish","4":"has-post-thumbnail","6":"product_cat-adoptarotrasmascotas","7":"product_cat-adoptar-perro-gato-adoptar-mascota-es","8":"pa_edad-b","9":"pa_fecha-nacimiento-ano-3513","10":"pa_fecha-nacimiento-mes-11-noviembre","11":"pa_provincia-barcelona","12":"pa_raza-hamster-ruso","13":"pa_sexo-macho","14":"pa_tamano-b","16":"first","17":"instock","18":"taxable","19":"shipping-taxable","20":"product-type-simple"},"acf":[],"_links":{"self":[{"href":"https:\/\/www.wallamascotas.com\/web3\/wp-json\/wp\/v2\/product\/52320","targetHints":{"allow":["GET"]}}],"collection":[{"href":"https:\/\/www.wallamascotas.com\/web3\/wp-json\/wp\/v2\/product"}],"about":[{"href":"https:\/\/www.wallamascotas.com\/web3\/wp-json\/wp\/v2\/types\/product"}],"wp:featuredmedia":[{"embeddable":true,"href":"https:\/\/www.wallamascotas.com\/web3\/wp-json\/wp\/v2\/media\/52319"}],"wp:attachment":[{"href":"https:\/\/www.wallamascotas.com\/web3\/wp-json\/wp\/v2\/media?parent=52320"}],"wp:term":[{"taxonomy":"product_brand","embeddable":true,"href":"https:\/\/www.wallamascotas.com\/web3\/wp-json\/wp\/v2\/product_brand?post=52320"},{"taxonomy":"product_cat","embeddable":true,"href":"https:\/\/www.wallamascotas.com\/web3\/wp-json\/wp\/v2\/product_cat?post=52320"},{"taxonomy":"product_tag","embeddable":true,"href":"https:\/\/www.wallamascotas.com\/web3\/wp-json\/wp\/v2\/product_tag?post=52320"}],"curies":[{"name":"wp","href":"https:\/\/api.w.org\/{rel}","templated":true}]}}