{"id":52332,"date":"2026-04-29T12:03:34","date_gmt":"2026-04-29T12:03:34","guid":{"rendered":"https:\/\/www.wallamascotas.com\/web3\/?post_type=product&#038;p=52332"},"modified":"2026-04-29T12:03:35","modified_gmt":"2026-04-29T12:03:35","slug":"harina-y-bollo","status":"publish","type":"product","link":"https:\/\/www.wallamascotas.com\/web3\/mascota\/harina-y-bollo\/","title":{"rendered":"Harina y Bollo"},"content":{"rendered":"<p><a href=\"https:\/\/www.wallamascotas.com\/web3\/wp-content\/uploads\/2026\/04\/u10185-IMG_1507-scaled.png\"><img decoding=\"async\" class=\"attachment-thumbnail size-thumbnail\" src=\"https:\/\/www.wallamascotas.com\/web3\/wp-content\/uploads\/2026\/04\/u10185-IMG_1507-150x150.png\" alt=\"\" \/><\/a><\/p>\n<p>\ud83d\udc3e Harina &amp; Bollo \u2013 adopci\u00f3n conjunta<\/p>\n<p>Harina y Bollo son dos hermanitos inseparables, mezcla de raza british, con un car\u00e1cter dulce, tranquilo y muy especial. Desde el primer momento han crecido juntos, se buscan constantemente, duermen abrazados y se dan seguridad el uno al otro \ud83e\udd0d<\/p>\n<p>Por eso, se entregan en adopci\u00f3n conjunta s\u00ed o s\u00ed. No contemplamos separarlos.<\/p>\n<p>Son dos gatitos muy nobles, cari\u00f1osos y con esa esencia calmada t\u00edpica de los british, pero tambi\u00e9n curiosos y juguetones como buenos cachorros. Necesitan un hogar donde se les respete, cuide y quiera como se merecen.<\/p>\n<p>\ud83d\udea8 Requisitos IMPORTANTES<\/p>\n<ul>\n<li>\ud83e\ude9f Protecciones en ventanas OBLIGATORIAS (no negociable)<\/li>\n<li>\ud83c\udfe1 Hogar responsable y comprometido<\/li>\n<li>\ud83d\udc9b Paciencia y cari\u00f1o (son beb\u00e9s a\u00fan)<\/li>\n<li>\ud83d\udc3e Compromiso de adopci\u00f3n conjunta<\/li>\n<\/ul>\n<p>\ud83d\udcac Qu\u00e9 buscamos<\/p>\n<p>Buscamos una familia que entienda que no son \u201cgatitos bonitos\u201d, sino dos vidas que dependen el uno del otro. Que valore su v\u00ednculo y est\u00e9 dispuesta a darles estabilidad para siempre.<\/p>\n<p>\u2728 Ellos no necesitan mucho\u2026<\/p>\n<p>Solo un hogar seguro, calorcito, mimos y alguien que los quiera para toda la vida.<\/p>\n<p>Si sientes que puedes ser su familia, escr\u00edbenos \ud83d\udc8c<br \/>\nHarina y Bollo est\u00e1n listos para empezar su nueva vida juntos \ud83d\udc3e\ud83e\udd0d<\/p>\n<ul class=\"wpuf_customs\">            <li class=\"wpuf-field-data wpuf-field-data-radio_field\">\n                                    <label>Tipo:<\/label>\n                                Gato            <\/li>\n                    <li class=\"wpuf-field-data wpuf-field-data-radio_field\">\n                                    <label>Es un perro:<\/label>\n                                Tranquilo            <\/li>\n                    <li class=\"wpuf-field-data wpuf-field-data-radio_field\">\n                                    <label>Amigable con perros:<\/label>\n                                Es amigo de tod@s            <\/li>\n                    <li class=\"wpuf-field-data wpuf-field-data-radio_field\">\n                                    <label>Con personas extra\u00f1as:<\/label>\n                                Amigable            <\/li>\n                    <li class=\"wpuf-field-data wpuf-field-data-radio_field\">\n                                    <label>Ladrador:<\/label>\n                                Calladito            <\/li>\n                    <li class=\"wpuf-field-data wpuf-field-data-radio_field\">\n                                    <label>Necesita licencia PPP:<\/label>\n                                NO            <\/li>\n                    <li class=\"wpuf-field-data wpuf-field-data-checkbox_field\">\n                                    <label>Enfermedades:<\/label>\n                                Ninguna            <\/li>\n                    <li class=\"wpuf-field-data wpuf-field-data-checkbox_field\">\n                                    <label>Se entrega:<\/label>\n                                Con cartilla sanitaria            <\/li>\n                    <li class=\"wpuf-field-data wpuf-field-data-checkbox_field\">\n                                    <label>M\u00e1s informaci\u00f3n:<\/label>\n                                Bueno con perros | Bueno con gatos | Bueno con ni\u00f1os | Bueno en casa | Bueno en el coche | Obediente            <\/li>\n                    <li class=\"wpuf-field-data wpuf-field-data-radio_field\">\n                                    <label>Se env\u00eda la mascota:<\/label>\n                                SI            <\/li>\n                    <li class=\"wpuf-field-data wpuf-field-data-radio_field\">\n                                    <label>En caso de env\u00edo, detallar:<\/label>\n                                A otra CCAA espa\u00f1ola            <\/li>\n                    <li class=\"wpuf-field-data wpuf-field-data-radio_field\">\n                                    <label>Origen:<\/label>\n                                Asociaci\u00f3n            <\/li>\n        <li><label>Fecha de publicaci\u00f3n:<\/label> 28\/04\/2026 12:14<\/li>            <li class=\"wpuf-field-data wpuf-field-data-radio_field\">\n                                    <label>La mascota ha sido adoptada:<\/label>\n                                NO            <\/li>\n                    <li class=\"wpuf-field-data wpuf-field-data-email_address\">\n                                    <label>Direcci\u00f3n de correo:<\/label>\n                                <a href=\"mailto:Katzenreichcats@outlook.com\">Katzenreichcats@outlook.com<\/a>            <\/li>\n                    <li class=\"wpuf-field-data wpuf-field-data-numeric_text_field\">\n                                    <label>Tel\u00e9fono:<\/label>\n                                711219430            <\/li>\n        <\/ul>","protected":false},"excerpt":{"rendered":"<p>\ud83d\udc3e Harina &amp; Bollo \u2013 adopci\u00f3n conjunta Harina y Bollo son dos hermanitos inseparables, mezcla de raza british, con un car\u00e1cter dulce, tranquilo y muy especial. Desde el primer momento han crecido juntos, se buscan constantemente, duermen abrazados y se dan seguridad el uno al otro \ud83e\udd0d Por eso, se entregan en adopci\u00f3n conjunta s\u00ed [&#8230;]\n","protected":false},"featured_media":52330,"template":"","meta":{"_acf_changed":false},"product_brand":[],"product_cat":[16,1000],"product_tag":[],"class_list":{"0":"post-52332","1":"product","2":"type-product","3":"status-publish","4":"has-post-thumbnail","6":"product_cat-adoptargato","7":"product_cat-adoptar-perro-gato-adoptar-mascota-es","8":"pa_edad-a","9":"pa_fecha-nacimiento-ano-3537","10":"pa_fecha-nacimiento-mes-02-febrero","11":"pa_origen-katzenreich","12":"pa_provincia-ciudad-real","13":"pa_raza-gato-comun","14":"pa_sexo-macho","15":"pa_tamano-b","17":"first","18":"instock","19":"taxable","20":"shipping-taxable","21":"product-type-simple"},"acf":[],"_links":{"self":[{"href":"https:\/\/www.wallamascotas.com\/web3\/wp-json\/wp\/v2\/product\/52332","targetHints":{"allow":["GET"]}}],"collection":[{"href":"https:\/\/www.wallamascotas.com\/web3\/wp-json\/wp\/v2\/product"}],"about":[{"href":"https:\/\/www.wallamascotas.com\/web3\/wp-json\/wp\/v2\/types\/product"}],"wp:featuredmedia":[{"embeddable":true,"href":"https:\/\/www.wallamascotas.com\/web3\/wp-json\/wp\/v2\/media\/52330"}],"wp:attachment":[{"href":"https:\/\/www.wallamascotas.com\/web3\/wp-json\/wp\/v2\/media?parent=52332"}],"wp:term":[{"taxonomy":"product_brand","embeddable":true,"href":"https:\/\/www.wallamascotas.com\/web3\/wp-json\/wp\/v2\/product_brand?post=52332"},{"taxonomy":"product_cat","embeddable":true,"href":"https:\/\/www.wallamascotas.com\/web3\/wp-json\/wp\/v2\/product_cat?post=52332"},{"taxonomy":"product_tag","embeddable":true,"href":"https:\/\/www.wallamascotas.com\/web3\/wp-json\/wp\/v2\/product_tag?post=52332"}],"curies":[{"name":"wp","href":"https:\/\/api.w.org\/{rel}","templated":true}]}}