{"id":52648,"date":"2026-05-10T07:51:12","date_gmt":"2026-05-10T07:51:12","guid":{"rendered":"https:\/\/www.wallamascotas.com\/web3\/?post_type=product&#038;p=52648"},"modified":"2026-05-10T07:51:14","modified_gmt":"2026-05-10T07:51:14","slug":"slay","status":"publish","type":"product","link":"https:\/\/www.wallamascotas.com\/web3\/mascota\/slay\/","title":{"rendered":"Slay"},"content":{"rendered":"<p>Es un perrito muy muy cari\u00f1oso, le encantan las caricias y jugar. Se lleva bien con otros perros, y con las personas, no es desconfiado, y es muy inteligente!<\/p>\n<div data-ogsc=\"rgb(0, 0, 0)\">Pertenec\u00eda a mi hermano, pero recientemente se ha mudado y se lo ha podido llev\u00e1rselo, ya que ahora vive en una habitaci\u00f3n compartida.<\/div>\n<div dir=\"ltr\" data-ogsc=\"rgb(0, 0, 0)\"><\/div>\n<div data-ogsc=\"rgb(0, 0, 0)\">Mis padres son personas muy mayores y no pueden hacerse cargo de \u00e9l adecuadamente.<\/div>\n<div data-ogsc=\"rgb(0, 0, 0)\">Me preocupa su bienestar, ya que es un perro joven que necesita paseos, actividad y atenci\u00f3n, y en este momento no podemos\u00a0ofrecerle la vida que merece&#8230;<\/div>\n<ul class=\"wpuf_customs\">            <li class=\"wpuf-field-data wpuf-field-data-radio_field\">\n                                    <label>Tipo:<\/label>\n                                Perro            <\/li>\n                    <li class=\"wpuf-field-data wpuf-field-data-radio_field\">\n                                    <label>Es un perro:<\/label>\n                                Cari\u00f1oso            <\/li>\n                    <li class=\"wpuf-field-data wpuf-field-data-radio_field\">\n                                    <label>Amigable con perros:<\/label>\n                                Es amigo de tod@s            <\/li>\n                    <li class=\"wpuf-field-data wpuf-field-data-radio_field\">\n                                    <label>Con personas extra\u00f1as:<\/label>\n                                Amigable            <\/li>\n                    <li class=\"wpuf-field-data wpuf-field-data-radio_field\">\n                                    <label>Ladrador:<\/label>\n                                Con timbre y poco m\u00e1s            <\/li>\n                    <li class=\"wpuf-field-data wpuf-field-data-radio_field\">\n                                    <label>Necesita licencia PPP:<\/label>\n                                NO            <\/li>\n                    <li class=\"wpuf-field-data wpuf-field-data-checkbox_field\">\n                                    <label>Enfermedades:<\/label>\n                                Ninguna            <\/li>\n                    <li class=\"wpuf-field-data wpuf-field-data-checkbox_field\">\n                                    <label>Se entrega:<\/label>\n                                Con cartilla sanitaria | Vacunado | Esterilizado | Desparasitado | Microchip            <\/li>\n                    <li class=\"wpuf-field-data wpuf-field-data-checkbox_field\">\n                                    <label>M\u00e1s informaci\u00f3n:<\/label>\n                                Bueno con perros | Bueno con ni\u00f1os | Bueno en el coche | Le gusta pasear | Obediente | Independiente            <\/li>\n                    <li class=\"wpuf-field-data wpuf-field-data-radio_field\">\n                                    <label>Se env\u00eda la mascota:<\/label>\n                                SI            <\/li>\n                    <li class=\"wpuf-field-data wpuf-field-data-radio_field\">\n                                    <label>En caso de env\u00edo, detallar:<\/label>\n                                Dentro de la provincia            <\/li>\n                    <li class=\"wpuf-field-data wpuf-field-data-radio_field\">\n                                    <label>Origen:<\/label>\n                                Particular            <\/li>\n        <li><label>Fecha de publicaci\u00f3n:<\/label> 10\/05\/2026 09:00<\/li>            <li class=\"wpuf-field-data wpuf-field-data-radio_field\">\n                                    <label>La mascota ha sido adoptada:<\/label>\n                                NO            <\/li>\n                    <li class=\"wpuf-field-data wpuf-field-data-email_address\">\n                                    <label>Direcci\u00f3n de correo:<\/label>\n                                <a href=\"mailto:mouniatij@live.fr\">mouniatij@live.fr<\/a>            <\/li>\n                    <li class=\"wpuf-field-data wpuf-field-data-numeric_text_field\">\n                                    <label>Tel\u00e9fono:<\/label>\n                                602845935            <\/li>\n        <\/ul>","protected":false},"excerpt":{"rendered":"<p>Es un perrito muy muy cari\u00f1oso, le encantan las caricias y jugar. Se lleva bien con otros perros, y con las personas, no es desconfiado, y es muy inteligente! Pertenec\u00eda a mi hermano, pero recientemente se ha mudado y se lo ha podido llev\u00e1rselo, ya que ahora vive en una habitaci\u00f3n compartida. Mis padres son [&#8230;]\n","protected":false},"featured_media":52647,"template":"","meta":{"_acf_changed":false},"product_brand":[],"product_cat":[15,1000],"product_tag":[],"class_list":{"0":"post-52648","1":"product","2":"type-product","3":"status-publish","4":"has-post-thumbnail","6":"product_cat-adoptar_perro_adoptar_mascota","7":"product_cat-adoptar-perro-gato-adoptar-mascota-es","8":"pa_edad-b","9":"pa_fecha-nacimiento-ano-3513","10":"pa_fecha-nacimiento-mes-03-marzo","11":"pa_provincia-barcelona","12":"pa_raza-mestizo","13":"pa_sexo-macho","14":"pa_tamano-d","15":"pa_tamano-c","17":"first","18":"instock","19":"taxable","20":"shipping-taxable","21":"product-type-simple"},"acf":[],"_links":{"self":[{"href":"https:\/\/www.wallamascotas.com\/web3\/wp-json\/wp\/v2\/product\/52648","targetHints":{"allow":["GET"]}}],"collection":[{"href":"https:\/\/www.wallamascotas.com\/web3\/wp-json\/wp\/v2\/product"}],"about":[{"href":"https:\/\/www.wallamascotas.com\/web3\/wp-json\/wp\/v2\/types\/product"}],"wp:featuredmedia":[{"embeddable":true,"href":"https:\/\/www.wallamascotas.com\/web3\/wp-json\/wp\/v2\/media\/52647"}],"wp:attachment":[{"href":"https:\/\/www.wallamascotas.com\/web3\/wp-json\/wp\/v2\/media?parent=52648"}],"wp:term":[{"taxonomy":"product_brand","embeddable":true,"href":"https:\/\/www.wallamascotas.com\/web3\/wp-json\/wp\/v2\/product_brand?post=52648"},{"taxonomy":"product_cat","embeddable":true,"href":"https:\/\/www.wallamascotas.com\/web3\/wp-json\/wp\/v2\/product_cat?post=52648"},{"taxonomy":"product_tag","embeddable":true,"href":"https:\/\/www.wallamascotas.com\/web3\/wp-json\/wp\/v2\/product_tag?post=52648"}],"curies":[{"name":"wp","href":"https:\/\/api.w.org\/{rel}","templated":true}]}}