{"id":52650,"date":"2026-05-10T07:53:33","date_gmt":"2026-05-10T07:53:33","guid":{"rendered":"https:\/\/www.wallamascotas.com\/web3\/?post_type=product&#038;p=52650"},"modified":"2026-05-10T07:53:34","modified_gmt":"2026-05-10T07:53:34","slug":"trosky","status":"publish","type":"product","link":"https:\/\/www.wallamascotas.com\/web3\/mascota\/trosky\/","title":{"rendered":"Trosky"},"content":{"rendered":"<p>TROSKY \ud83d\udc9a<\/p>\n<p>Hola amidogs, soy Trosky y alguna vez tuve una familia, lo \u00fanico es que imagino que se cansar\u00edan de m\u00ed y me echaron a la calle. La polic\u00eda me recogi\u00f3 y me llevaban directo a la perrera pero las humanas del refugio no permitieron que eso pasara y aqu\u00ed est\u00e1n, busc\u00e1ndome un hogar y una verdadera familia para m\u00ed \ud83e\udd70<\/p>\n<p>Soy un mestizo chihuahua muy simp\u00e1tico, peso aprox unos 4&#8217;5kg y tengo unos 3 a\u00f1os, soy muy joven y con mucha vida por delante \ud83d\ude0a. Me llevo genial con todo ser viviente y adem\u00e1s soy apto con michis \ud83d\ude3b\ud83d\ude38<\/p>\n<p>Me encuentro en \ud83d\udccdCantillana ( Sevilla ) pero puedo viajar mediante transporte animalista dentro de la pen\u00ednsula \ud83d\ude90\ud83d\udc15<\/p>\n<p>\u203c\ufe0f\u203c\ufe0fSI QUIERES DARME UNA FAMILIA ESCR\u00cdBE A LAS HUMANAS AL EMAIL \ud83d\udce7 adopcionesvidanimalis@gmail.com Y TE INFORMAR\u00c1N DE TODO EL PROCESO DE MI ADOPCI\u00d3N\u203c\ufe0f\u203c\ufe0f<\/p>\n<ul class=\"wpuf_customs\">            <li class=\"wpuf-field-data wpuf-field-data-radio_field\">\n                                    <label>Tipo:<\/label>\n                                Perro            <\/li>\n                    <li class=\"wpuf-field-data wpuf-field-data-radio_field\">\n                                    <label>Es un perro:<\/label>\n                                Cari\u00f1oso            <\/li>\n                    <li class=\"wpuf-field-data wpuf-field-data-radio_field\">\n                                    <label>Amigable con perros:<\/label>\n                                Es amigo de tod@s            <\/li>\n                    <li class=\"wpuf-field-data wpuf-field-data-radio_field\">\n                                    <label>Con personas extra\u00f1as:<\/label>\n                                Protector            <\/li>\n                    <li class=\"wpuf-field-data wpuf-field-data-radio_field\">\n                                    <label>Ladrador:<\/label>\n                                Con timbre y poco m\u00e1s            <\/li>\n                    <li class=\"wpuf-field-data wpuf-field-data-radio_field\">\n                                    <label>Necesita licencia PPP:<\/label>\n                                NO            <\/li>\n                    <li class=\"wpuf-field-data wpuf-field-data-checkbox_field\">\n                                    <label>Enfermedades:<\/label>\n                                Ninguna            <\/li>\n                    <li class=\"wpuf-field-data wpuf-field-data-checkbox_field\">\n                                    <label>Se entrega:<\/label>\n                                Con cartilla sanitaria | Vacunado | Esterilizado | Desparasitado | Microchip            <\/li>\n                    <li class=\"wpuf-field-data wpuf-field-data-checkbox_field\">\n                                    <label>M\u00e1s informaci\u00f3n:<\/label>\n                                Bueno con perros | Bueno con gatos | Bueno con ni\u00f1os | Bueno en casa | Bueno en el coche | Le gusta pasear | Obediente            <\/li>\n                    <li class=\"wpuf-field-data wpuf-field-data-radio_field\">\n                                    <label>Se env\u00eda la mascota:<\/label>\n                                SI            <\/li>\n                    <li class=\"wpuf-field-data wpuf-field-data-radio_field\">\n                                    <label>En caso de env\u00edo, detallar:<\/label>\n                                A otra CCAA espa\u00f1ola            <\/li>\n                    <li class=\"wpuf-field-data wpuf-field-data-radio_field\">\n                                    <label>Origen:<\/label>\n                                Asociaci\u00f3n            <\/li>\n        <li><label>Fecha de publicaci\u00f3n:<\/label> 10\/05\/2026 00:00<\/li>            <li class=\"wpuf-field-data wpuf-field-data-radio_field\">\n                                    <label>La mascota ha sido adoptada:<\/label>\n                                NO            <\/li>\n                    <li class=\"wpuf-field-data wpuf-field-data-email_address\">\n                                    <label>Direcci\u00f3n de correo:<\/label>\n                                <a href=\"mailto:adopcionesvidanimalis@gmail.com\">adopcionesvidanimalis@gmail.com<\/a>            <\/li>\n        <\/ul>","protected":false},"excerpt":{"rendered":"<p>TROSKY \ud83d\udc9a Hola amidogs, soy Trosky y alguna vez tuve una familia, lo \u00fanico es que imagino que se cansar\u00edan de m\u00ed y me echaron a la calle. La polic\u00eda me recogi\u00f3 y me llevaban directo a la perrera pero las humanas del refugio no permitieron que eso pasara y aqu\u00ed est\u00e1n, busc\u00e1ndome un hogar [&#8230;]\n","protected":false},"featured_media":52649,"template":"","meta":{"_acf_changed":false},"product_brand":[],"product_cat":[15,1000],"product_tag":[],"class_list":{"0":"post-52650","1":"product","2":"type-product","3":"status-publish","4":"has-post-thumbnail","6":"product_cat-adoptar_perro_adoptar_mascota","7":"product_cat-adoptar-perro-gato-adoptar-mascota-es","8":"pa_edad-b","9":"pa_fecha-nacimiento-ano-3460","10":"pa_fecha-nacimiento-mes-05-mayo","11":"pa_origen-vidanimalis","12":"pa_provincia-sevilla","13":"pa_raza-mestizo","14":"pa_sexo-macho","15":"pa_tamano-a","17":"first","18":"instock","19":"taxable","20":"shipping-taxable","21":"product-type-simple"},"acf":[],"_links":{"self":[{"href":"https:\/\/www.wallamascotas.com\/web3\/wp-json\/wp\/v2\/product\/52650","targetHints":{"allow":["GET"]}}],"collection":[{"href":"https:\/\/www.wallamascotas.com\/web3\/wp-json\/wp\/v2\/product"}],"about":[{"href":"https:\/\/www.wallamascotas.com\/web3\/wp-json\/wp\/v2\/types\/product"}],"wp:featuredmedia":[{"embeddable":true,"href":"https:\/\/www.wallamascotas.com\/web3\/wp-json\/wp\/v2\/media\/52649"}],"wp:attachment":[{"href":"https:\/\/www.wallamascotas.com\/web3\/wp-json\/wp\/v2\/media?parent=52650"}],"wp:term":[{"taxonomy":"product_brand","embeddable":true,"href":"https:\/\/www.wallamascotas.com\/web3\/wp-json\/wp\/v2\/product_brand?post=52650"},{"taxonomy":"product_cat","embeddable":true,"href":"https:\/\/www.wallamascotas.com\/web3\/wp-json\/wp\/v2\/product_cat?post=52650"},{"taxonomy":"product_tag","embeddable":true,"href":"https:\/\/www.wallamascotas.com\/web3\/wp-json\/wp\/v2\/product_tag?post=52650"}],"curies":[{"name":"wp","href":"https:\/\/api.w.org\/{rel}","templated":true}]}}