{"id":52700,"date":"2026-05-11T20:39:27","date_gmt":"2026-05-11T20:39:27","guid":{"rendered":"https:\/\/www.wallamascotas.com\/web3\/?post_type=product&#038;p=52700"},"modified":"2026-05-11T20:39:28","modified_gmt":"2026-05-11T20:39:28","slug":"sukar-y-alira-2","status":"publish","type":"product","link":"https:\/\/www.wallamascotas.com\/web3\/mascota\/sukar-y-alira-2\/","title":{"rendered":"Sukar y Alira"},"content":{"rendered":"<p>\ud83d\udea8 URGENTE: NECESITAMOS ACOGIDA O ADOPCI\u00d3N CONJUNTA \ud83d\udea8<\/p>\n<p>Estas dos hermanitas de apenas un a\u00f1o necesitan ayuda \ud83d\udc94<\/p>\n<p>Hasta hace nada viv\u00edan con una familia que quer\u00eda deshacerse de ellas. Un chico las cogi\u00f3 por su cuenta a trav\u00e9s de Facebook\u2026 como si fueran un objeto\u2026 pero apenas un d\u00eda despu\u00e9s nos ha escrito diciendo que no las quiere, que \u201cse pelean\u201d y que solo se quedar\u00eda con una.<\/p>\n<p>Lo m\u00e1s fuerte es que, revisando el chat, nos hemos dado cuenta de que es el mismo chico que hace apenas unas semanas nos escribi\u00f3 para adoptar a otros dos hermanitos. En aquel momento no quiso completar el protocolo de adopci\u00f3n porque dec\u00eda que hac\u00edamos demasiadas preguntas y que el cuestionario no hac\u00eda falta. Finalmente no seguimos adelante con la adopci\u00f3n.<\/p>\n<p>Y sinceramente\u2026 esto vuelve a demostrarnos por qu\u00e9 los protocolos son importantes.<br \/>\nPorque adoptar no es improvisar ni actuar por impulso. Los animales no son algo que se prueba un d\u00eda y se devuelve cuando aparece el primer problema.<\/p>\n<p>Adem\u00e1s, creemos que gran parte de la tensi\u00f3n entre ellas viene de que no est\u00e1n esterilizadas, algo fundamental en convivencia y bienestar. Porque mientras por un lado nos dicen que \u201cse pelean\u201d, por otro recibimos fotos de ellas abrazadas, juntas y busc\u00e1ndose constantemente \ud83e\udd7a\ud83e\udd0d<\/p>\n<p>Por eso NO queremos separarlas.<\/p>\n<p>Ahora necesitamos urgentemente:<br \/>\n\ud83c\udfe1 acogida conjunta<br \/>\n\ud83c\udfe1 o adopci\u00f3n conjunta responsable<\/p>\n<p>Sabemos que ahora todo el mundo mira a los cachorros y las camadas peque\u00f1as\u2026 pero ellas tambi\u00e9n merecen una oportunidad.<\/p>\n<p>Son dos gatas incre\u00edblemente cari\u00f1osas, buenas y adorables. Quien les d\u00e9 una oportunidad va a descubrir dos compa\u00f1eras maravillosas \ud83d\udc3e\u2728<\/p>\n<p>Por favor, ayudemos a que no terminen separadas \ud83d\udc94<\/p>\n<p>\u2e3b<\/p>\n<p>\ud83d\udc3e \u00bfQuieres adoptar?<\/p>\n<p>Si est\u00e1s pensando en darles un hogar, escr\u00edbenos por privado o rellena nuestro formulario de adopci\u00f3n \ud83d\udcdd<\/p>\n<p>\ud83d\udc8c \u00bfNo puedes adoptar pero quieres ayudar?<\/p>\n<p>Difundir tambi\u00e9n salva vidas \ud83d\udcf2<\/p>\n<p>\ud83d\udcb3 C\u00f3mo ayudar<br \/>\n\u2022 Donaciones: +34 711 21 94 30<br \/>\n\u2022 Materiales: pienso, comida h\u00fameda, mantas, empapadores, transportines\u2026<br \/>\n\u2022 Voluntariado y casas de acogida \ud83c\udfe1<\/p>\n<p>Gracias por mirar con el coraz\u00f3n \ud83d\udc95<\/p>\n<p>#ayuda #gato #cat #espa\u00f1a #azulruso<!--more--><a href=\"https:\/\/www.wallamascotas.com\/web3\/wp-content\/uploads\/2026\/05\/u10185-85A81BDE-F498-43BE-BE1A-3FB109CB43B3-1.png\"><img decoding=\"async\" class=\"attachment-thumbnail size-thumbnail\" src=\"https:\/\/www.wallamascotas.com\/web3\/wp-content\/uploads\/2026\/05\/u10185-85A81BDE-F498-43BE-BE1A-3FB109CB43B3-1-150x150.png\" alt=\"\" \/><\/a><a href=\"https:\/\/www.wallamascotas.com\/web3\/wp-content\/uploads\/2026\/05\/u10185-5439495a-5583-427e-b200-546ae19db337-1.jpeg\"><img decoding=\"async\" class=\"attachment-thumbnail size-thumbnail\" src=\"https:\/\/www.wallamascotas.com\/web3\/wp-content\/uploads\/2026\/05\/u10185-5439495a-5583-427e-b200-546ae19db337-1-150x150.jpeg\" alt=\"\" \/><\/a><\/p>\n<ul class=\"wpuf_customs\">            <li class=\"wpuf-field-data wpuf-field-data-radio_field\">\n                                    <label>Tipo:<\/label>\n                                Gato            <\/li>\n                    <li class=\"wpuf-field-data wpuf-field-data-radio_field\">\n                                    <label>Es un perro:<\/label>\n                                Cari\u00f1oso            <\/li>\n                    <li class=\"wpuf-field-data wpuf-field-data-radio_field\">\n                                    <label>Amigable con perros:<\/label>\n                                Es amigo de tod@s            <\/li>\n                    <li class=\"wpuf-field-data wpuf-field-data-radio_field\">\n                                    <label>Con personas extra\u00f1as:<\/label>\n                                Amigable            <\/li>\n                    <li class=\"wpuf-field-data wpuf-field-data-radio_field\">\n                                    <label>Ladrador:<\/label>\n                                Calladito            <\/li>\n                    <li class=\"wpuf-field-data wpuf-field-data-radio_field\">\n                                    <label>Necesita licencia PPP:<\/label>\n                                NO            <\/li>\n                    <li class=\"wpuf-field-data wpuf-field-data-checkbox_field\">\n                                    <label>Enfermedades:<\/label>\n                                Ninguna            <\/li>\n                    <li class=\"wpuf-field-data wpuf-field-data-checkbox_field\">\n                                    <label>Se entrega:<\/label>\n                                Con cartilla sanitaria            <\/li>\n                    <li class=\"wpuf-field-data wpuf-field-data-checkbox_field\">\n                                    <label>M\u00e1s informaci\u00f3n:<\/label>\n                                Bueno con gatos | Bueno con ni\u00f1os | Bueno en casa | Bueno en el coche | Obediente            <\/li>\n                    <li class=\"wpuf-field-data wpuf-field-data-radio_field\">\n                                    <label>Se env\u00eda la mascota:<\/label>\n                                NO            <\/li>\n                    <li class=\"wpuf-field-data wpuf-field-data-radio_field\">\n                                    <label>Origen:<\/label>\n                                Asociaci\u00f3n            <\/li>\n        <li><label>Fecha de publicaci\u00f3n:<\/label> 11\/05\/2026 11:43<\/li>            <li class=\"wpuf-field-data wpuf-field-data-radio_field\">\n                                    <label>La mascota ha sido adoptada:<\/label>\n                                NO            <\/li>\n                    <li class=\"wpuf-field-data wpuf-field-data-email_address\">\n                                    <label>Direcci\u00f3n de correo:<\/label>\n                                <a href=\"mailto:Katzenreichcats@outlook.com\">Katzenreichcats@outlook.com<\/a>            <\/li>\n                    <li class=\"wpuf-field-data wpuf-field-data-numeric_text_field\">\n                                    <label>Tel\u00e9fono:<\/label>\n                                711219430            <\/li>\n        <\/ul>","protected":false},"excerpt":{"rendered":"<p>\ud83d\udea8 URGENTE: NECESITAMOS ACOGIDA O ADOPCI\u00d3N CONJUNTA \ud83d\udea8 Estas dos hermanitas de apenas un a\u00f1o necesitan ayuda \ud83d\udc94 Hasta hace nada viv\u00edan con una familia que quer\u00eda deshacerse de ellas. Un chico las cogi\u00f3 por su cuenta a trav\u00e9s de Facebook\u2026 como si fueran un objeto\u2026 pero apenas un d\u00eda despu\u00e9s nos ha escrito diciendo [&#8230;]\n","protected":false},"featured_media":52697,"template":"","meta":{"_acf_changed":false},"product_brand":[],"product_cat":[16,1000],"product_tag":[],"class_list":{"0":"post-52700","1":"product","2":"type-product","3":"status-publish","4":"has-post-thumbnail","6":"product_cat-adoptargato","7":"product_cat-adoptar-perro-gato-adoptar-mascota-es","8":"pa_edad-a","9":"pa_fecha-nacimiento-ano-3513","10":"pa_fecha-nacimiento-mes-06-junio","11":"pa_origen-katzenreich","12":"pa_provincia-ciudad-real","13":"pa_raza-gato-siames","14":"pa_sexo-hembra","15":"pa_tamano-a","17":"first","18":"instock","19":"taxable","20":"shipping-taxable","21":"product-type-simple"},"acf":[],"_links":{"self":[{"href":"https:\/\/www.wallamascotas.com\/web3\/wp-json\/wp\/v2\/product\/52700","targetHints":{"allow":["GET"]}}],"collection":[{"href":"https:\/\/www.wallamascotas.com\/web3\/wp-json\/wp\/v2\/product"}],"about":[{"href":"https:\/\/www.wallamascotas.com\/web3\/wp-json\/wp\/v2\/types\/product"}],"wp:featuredmedia":[{"embeddable":true,"href":"https:\/\/www.wallamascotas.com\/web3\/wp-json\/wp\/v2\/media\/52697"}],"wp:attachment":[{"href":"https:\/\/www.wallamascotas.com\/web3\/wp-json\/wp\/v2\/media?parent=52700"}],"wp:term":[{"taxonomy":"product_brand","embeddable":true,"href":"https:\/\/www.wallamascotas.com\/web3\/wp-json\/wp\/v2\/product_brand?post=52700"},{"taxonomy":"product_cat","embeddable":true,"href":"https:\/\/www.wallamascotas.com\/web3\/wp-json\/wp\/v2\/product_cat?post=52700"},{"taxonomy":"product_tag","embeddable":true,"href":"https:\/\/www.wallamascotas.com\/web3\/wp-json\/wp\/v2\/product_tag?post=52700"}],"curies":[{"name":"wp","href":"https:\/\/api.w.org\/{rel}","templated":true}]}}