{"id":52754,"date":"2026-05-12T10:56:39","date_gmt":"2026-05-12T10:56:39","guid":{"rendered":"https:\/\/www.wallamascotas.com\/web3\/?post_type=product&#038;p=52754"},"modified":"2026-05-12T10:56:40","modified_gmt":"2026-05-12T10:56:40","slug":"simba-3","status":"publish","type":"product","link":"https:\/\/www.wallamascotas.com\/web3\/mascota\/simba-3\/","title":{"rendered":"Simba"},"content":{"rendered":"<p>Simba es un mast\u00edn de 3 a\u00f1os de edad\u2026 Es un perrito juguet\u00f3n y sociable con otros perretes \ud83d\udc36 Le gusta mucho los ni\u00f1os, es muy protector con ellos y los suyos.<\/p>\n<p>Le encanta ser mimado, tanto como de su futura familia y los dem\u00e1s\u2026 \ud83d\udc36\ud83d\udc95 Por motivos personales no podr\u00e9 tenerlo m\u00e1s, Me sienta mal dejarlo, pero por eso, busco una familia para que se encargue de \u00e9l lo que le queda de vida \ud83e\udd0e\ud83e\udd0d\ud83e\udd0e porque s\u00e9 que le brindar\u00e1n mucho amor a este mast\u00edn<\/p>\n<p>Para m\u00e1s informaci\u00f3n les dejo mi WhatsApp: +34612520107 vivimos en Madrid \ud83d\ude42 pueden escribirme que respondo al instante\u2026<br \/>\nGracias \ud83d\udc3e<\/p>\n<ul class=\"wpuf_customs\">            <li class=\"wpuf-field-data wpuf-field-data-radio_field\">\n                                    <label>Tipo:<\/label>\n                                Perro            <\/li>\n                    <li class=\"wpuf-field-data wpuf-field-data-radio_field\">\n                                    <label>Es un perro:<\/label>\n                                Tranquilo            <\/li>\n                    <li class=\"wpuf-field-data wpuf-field-data-radio_field\">\n                                    <label>Amigable con perros:<\/label>\n                                Es amigo de tod@s            <\/li>\n                    <li class=\"wpuf-field-data wpuf-field-data-radio_field\">\n                                    <label>Con personas extra\u00f1as:<\/label>\n                                Protector            <\/li>\n                    <li class=\"wpuf-field-data wpuf-field-data-radio_field\">\n                                    <label>Ladrador:<\/label>\n                                Calladito            <\/li>\n                    <li class=\"wpuf-field-data wpuf-field-data-radio_field\">\n                                    <label>Necesita licencia PPP:<\/label>\n                                NO            <\/li>\n                    <li class=\"wpuf-field-data wpuf-field-data-checkbox_field\">\n                                    <label>Enfermedades:<\/label>\n                                Ninguna            <\/li>\n                    <li class=\"wpuf-field-data wpuf-field-data-checkbox_field\">\n                                    <label>Se entrega:<\/label>\n                                Con cartilla sanitaria | Desparasitado | Microchip | Solo la mascota sin paso previo por veterinario            <\/li>\n                    <li class=\"wpuf-field-data wpuf-field-data-checkbox_field\">\n                                    <label>M\u00e1s informaci\u00f3n:<\/label>\n                                Bueno con perros | Bueno con ni\u00f1os | Bueno en casa | Le gusta pasear            <\/li>\n                    <li class=\"wpuf-field-data wpuf-field-data-radio_field\">\n                                    <label>Se env\u00eda la mascota:<\/label>\n                                NO            <\/li>\n                    <li class=\"wpuf-field-data wpuf-field-data-radio_field\">\n                                    <label>Origen:<\/label>\n                                Asociaci\u00f3n            <\/li>\n        <li><label>Fecha de publicaci\u00f3n:<\/label> 11\/03\/2026<\/li>            <li class=\"wpuf-field-data wpuf-field-data-radio_field\">\n                                    <label>La mascota ha sido adoptada:<\/label>\n                                NO            <\/li>\n                    <li class=\"wpuf-field-data wpuf-field-data-email_address\">\n                                    <label>Direcci\u00f3n de correo:<\/label>\n                                <a href=\"mailto:dinajazminn@gmail.com\">dinajazminn@gmail.com<\/a>            <\/li>\n                    <li class=\"wpuf-field-data wpuf-field-data-numeric_text_field\">\n                                    <label>Tel\u00e9fono:<\/label>\n                                612520107            <\/li>\n        <\/ul>","protected":false},"excerpt":{"rendered":"<p>Simba es un mast\u00edn de 3 a\u00f1os de edad\u2026 Es un perrito juguet\u00f3n y sociable con otros perretes \ud83d\udc36 Le gusta mucho los ni\u00f1os, es muy protector con ellos y los suyos. Le encanta ser mimado, tanto como de su futura familia y los dem\u00e1s\u2026 \ud83d\udc36\ud83d\udc95 Por motivos personales no podr\u00e9 tenerlo m\u00e1s, Me sienta [&#8230;]\n","protected":false},"featured_media":52751,"template":"","meta":{"_acf_changed":false},"product_brand":[],"product_cat":[15,1000],"product_tag":[],"class_list":{"0":"post-52754","1":"product","2":"type-product","3":"status-publish","4":"has-post-thumbnail","6":"product_cat-adoptar_perro_adoptar_mascota","7":"product_cat-adoptar-perro-gato-adoptar-mascota-es","8":"pa_edad-b","9":"pa_fecha-nacimiento-ano-3460","10":"pa_fecha-nacimiento-mes-12-diciembre","11":"pa_provincia-madrid","12":"pa_raza-mestizo-mastin","13":"pa_sexo-macho","14":"pa_tamano-d","16":"first","17":"instock","18":"taxable","19":"shipping-taxable","20":"product-type-simple"},"acf":[],"_links":{"self":[{"href":"https:\/\/www.wallamascotas.com\/web3\/wp-json\/wp\/v2\/product\/52754","targetHints":{"allow":["GET"]}}],"collection":[{"href":"https:\/\/www.wallamascotas.com\/web3\/wp-json\/wp\/v2\/product"}],"about":[{"href":"https:\/\/www.wallamascotas.com\/web3\/wp-json\/wp\/v2\/types\/product"}],"wp:featuredmedia":[{"embeddable":true,"href":"https:\/\/www.wallamascotas.com\/web3\/wp-json\/wp\/v2\/media\/52751"}],"wp:attachment":[{"href":"https:\/\/www.wallamascotas.com\/web3\/wp-json\/wp\/v2\/media?parent=52754"}],"wp:term":[{"taxonomy":"product_brand","embeddable":true,"href":"https:\/\/www.wallamascotas.com\/web3\/wp-json\/wp\/v2\/product_brand?post=52754"},{"taxonomy":"product_cat","embeddable":true,"href":"https:\/\/www.wallamascotas.com\/web3\/wp-json\/wp\/v2\/product_cat?post=52754"},{"taxonomy":"product_tag","embeddable":true,"href":"https:\/\/www.wallamascotas.com\/web3\/wp-json\/wp\/v2\/product_tag?post=52754"}],"curies":[{"name":"wp","href":"https:\/\/api.w.org\/{rel}","templated":true}]}}