{"id":52787,"date":"2026-05-14T07:19:48","date_gmt":"2026-05-14T07:19:48","guid":{"rendered":"https:\/\/www.wallamascotas.com\/web3\/?post_type=product&#038;p=52787"},"modified":"2026-05-14T07:19:50","modified_gmt":"2026-05-14T07:19:50","slug":"diego","status":"publish","type":"product","link":"https:\/\/www.wallamascotas.com\/web3\/mascota\/diego\/","title":{"rendered":"Diego"},"content":{"rendered":"<p>DIEGO \ud83d\udc9a<\/p>\n<p>\u00c9l nos ha demostrado que los milagros existen, jam\u00e1s pens\u00e1bamos que estar\u00eda tan bien despu\u00e9s del estado tan lamentable en el que lo recogimos. Al borde de la muerte, desnutrido, con una anemia brutal y sin apenas mantenerse en pie. Pero todo \u00e9so pas\u00f3 y ahora solo necesita encontrar una familia \ud83e\udd70<\/p>\n<p>Es positivo a leishmania y requiere pastillas para su bienestar, no es un tratamiento caro, y aunque es una enfermedad incurable, no le impide hacer su vida totalmente normal. Solo necesita su medicaci\u00f3n y controles anal\u00edticos para ver qu\u00e9 todo va marchando bien. \u00c9l es feliz con poco, solo necesita un hogar donde lo amen para siempre \u267e\ufe0f\ud83d\udc96<\/p>\n<p>Un mast\u00edn super cari\u00f1oso y cabezota, sin traumas a pesar de todo lo que ha tenido que sufrir. Nacido aprox. en 2022. Es un perro joven con muchas ganas de vivir \ud83e\udef6\ud83c\udffc. Convive genial con otros perros pero a los michis no los quiere ni ver \ud83d\ude45\ud83c\udffb\u200d\u2640\ufe0f\ud83d\udc08\ud83d\udeab<\/p>\n<p>Se encuentra en \ud83d\udccdJa\u00e9n, en una acogida estupenda, pero puede viajar mediante transporte animalista dentro de la pen\u00ednsula \ud83d\ude90\ud83d\udc15<\/p>\n<p>\u203c\ufe0f\u203c\ufe0f SI QUIERES DARLE A DIEGO LA OPORTUNIDAD QUE SE MERECE ESCR\u00cdBENOS AL EMAIL \ud83d\udce7 adopcionesvidanimalis@gmail.com Y TE INFORMAMOS DE TODO EL PROCESO DE ADOPCI\u00d3N \u203c\ufe0f\u203c\ufe0f<\/p>\n<ul class=\"wpuf_customs\">            <li class=\"wpuf-field-data wpuf-field-data-radio_field\">\n                                    <label>Tipo:<\/label>\n                                Perro            <\/li>\n                    <li class=\"wpuf-field-data wpuf-field-data-radio_field\">\n                                    <label>Es un perro:<\/label>\n                                Cari\u00f1oso            <\/li>\n                    <li class=\"wpuf-field-data wpuf-field-data-radio_field\">\n                                    <label>Amigable con perros:<\/label>\n                                Es amigo de tod@s            <\/li>\n                    <li class=\"wpuf-field-data wpuf-field-data-radio_field\">\n                                    <label>Con personas extra\u00f1as:<\/label>\n                                Amigable            <\/li>\n                    <li class=\"wpuf-field-data wpuf-field-data-radio_field\">\n                                    <label>Ladrador:<\/label>\n                                Con timbre y poco m\u00e1s            <\/li>\n                    <li class=\"wpuf-field-data wpuf-field-data-radio_field\">\n                                    <label>Necesita licencia PPP:<\/label>\n                                NO            <\/li>\n                    <li class=\"wpuf-field-data wpuf-field-data-checkbox_field\">\n                                    <label>Enfermedades:<\/label>\n                                En tratamiento m\u00e9dico | Positivo en Leishmania            <\/li>\n                    <li class=\"wpuf-field-data wpuf-field-data-checkbox_field\">\n                                    <label>Se entrega:<\/label>\n                                Con cartilla sanitaria | Vacunado | Esterilizado | Desparasitado | Microchip            <\/li>\n                    <li class=\"wpuf-field-data wpuf-field-data-checkbox_field\">\n                                    <label>M\u00e1s informaci\u00f3n:<\/label>\n                                Bueno con perros | Bueno con ni\u00f1os | Bueno en casa | Bueno en el coche | Le gusta pasear | Obediente | Independiente            <\/li>\n                    <li class=\"wpuf-field-data wpuf-field-data-radio_field\">\n                                    <label>Se env\u00eda la mascota:<\/label>\n                                SI            <\/li>\n                    <li class=\"wpuf-field-data wpuf-field-data-radio_field\">\n                                    <label>En caso de env\u00edo, detallar:<\/label>\n                                A otra CCAA espa\u00f1ola            <\/li>\n                    <li class=\"wpuf-field-data wpuf-field-data-radio_field\">\n                                    <label>Origen:<\/label>\n                                Asociaci\u00f3n            <\/li>\n        <li><label>Fecha de publicaci\u00f3n:<\/label> 13\/05\/2026 00:00<\/li>            <li class=\"wpuf-field-data wpuf-field-data-radio_field\">\n                                    <label>La mascota ha sido adoptada:<\/label>\n                                NO            <\/li>\n                    <li class=\"wpuf-field-data wpuf-field-data-email_address\">\n                                    <label>Direcci\u00f3n de correo:<\/label>\n                                <a href=\"mailto:adopcionesvidanimalis@gmail.com\">adopcionesvidanimalis@gmail.com<\/a>            <\/li>\n        <\/ul>","protected":false},"excerpt":{"rendered":"<p>DIEGO \ud83d\udc9a \u00c9l nos ha demostrado que los milagros existen, jam\u00e1s pens\u00e1bamos que estar\u00eda tan bien despu\u00e9s del estado tan lamentable en el que lo recogimos. Al borde de la muerte, desnutrido, con una anemia brutal y sin apenas mantenerse en pie. Pero todo \u00e9so pas\u00f3 y ahora solo necesita encontrar una familia \ud83e\udd70 Es [&#8230;]\n","protected":false},"featured_media":52784,"template":"","meta":{"_acf_changed":false},"product_brand":[],"product_cat":[15,1000],"product_tag":[],"class_list":{"0":"post-52787","1":"product","2":"type-product","3":"status-publish","4":"has-post-thumbnail","6":"product_cat-adoptar_perro_adoptar_mascota","7":"product_cat-adoptar-perro-gato-adoptar-mascota-es","8":"pa_edad-b","9":"pa_fecha-nacimiento-ano-3447","10":"pa_fecha-nacimiento-mes-05-mayo","11":"pa_origen-vidanimalis","12":"pa_provincia-jaen","13":"pa_raza-mastin","14":"pa_sexo-macho","15":"pa_tamano-d","17":"first","18":"instock","19":"taxable","20":"shipping-taxable","21":"product-type-simple"},"acf":[],"_links":{"self":[{"href":"https:\/\/www.wallamascotas.com\/web3\/wp-json\/wp\/v2\/product\/52787","targetHints":{"allow":["GET"]}}],"collection":[{"href":"https:\/\/www.wallamascotas.com\/web3\/wp-json\/wp\/v2\/product"}],"about":[{"href":"https:\/\/www.wallamascotas.com\/web3\/wp-json\/wp\/v2\/types\/product"}],"wp:featuredmedia":[{"embeddable":true,"href":"https:\/\/www.wallamascotas.com\/web3\/wp-json\/wp\/v2\/media\/52784"}],"wp:attachment":[{"href":"https:\/\/www.wallamascotas.com\/web3\/wp-json\/wp\/v2\/media?parent=52787"}],"wp:term":[{"taxonomy":"product_brand","embeddable":true,"href":"https:\/\/www.wallamascotas.com\/web3\/wp-json\/wp\/v2\/product_brand?post=52787"},{"taxonomy":"product_cat","embeddable":true,"href":"https:\/\/www.wallamascotas.com\/web3\/wp-json\/wp\/v2\/product_cat?post=52787"},{"taxonomy":"product_tag","embeddable":true,"href":"https:\/\/www.wallamascotas.com\/web3\/wp-json\/wp\/v2\/product_tag?post=52787"}],"curies":[{"name":"wp","href":"https:\/\/api.w.org\/{rel}","templated":true}]}}