{"id":52809,"date":"2026-05-15T09:46:51","date_gmt":"2026-05-15T09:46:51","guid":{"rendered":"https:\/\/www.wallamascotas.com\/web3\/?post_type=product&#038;p=52809"},"modified":"2026-05-15T09:46:52","modified_gmt":"2026-05-15T09:46:52","slug":"lilly","status":"publish","type":"product","link":"https:\/\/www.wallamascotas.com\/web3\/mascota\/lilly\/","title":{"rendered":"Lilly"},"content":{"rendered":"<p>Busco una familia responsable y cari\u00f1osa para mi gato \ud83e\udde1\ud83d\udc31<\/p>\n<p>Me duele much\u00edsimo tomar esta decisi\u00f3n, pero sinceramente siento que merece una vida mejor de la que ahora mismo puedo darle. Entre la falta de tiempo y el espacio reducido de casa, no puedo dedicarle toda la atenci\u00f3n y estimulaci\u00f3n que necesita.<\/p>\n<p>Es un gato s\u00faper cari\u00f1oso, sociable y muy apegado a las personas. Le encanta estar acompa\u00f1ado, recibir mimos y formar parte de la rutina diaria. Tiene una personalidad muy dulce y necesita una familia que pueda darle tiempo, cari\u00f1o y atenci\u00f3n de verdad.<\/p>\n<p>Quiero encontrarle un hogar tranquilo y responsable donde lo quieran much\u00edsimo y pueda estar feliz, cuidado y acompa\u00f1ado como se merece<\/p>\n<p>Solo personas realmente interesadas y responsables, por favor.<\/p>\n<ul class=\"wpuf_customs\">            <li class=\"wpuf-field-data wpuf-field-data-radio_field\">\n                                    <label>Tipo:<\/label>\n                                Gato            <\/li>\n                    <li class=\"wpuf-field-data wpuf-field-data-radio_field\">\n                                    <label>Es un perro:<\/label>\n                                Cari\u00f1oso            <\/li>\n                    <li class=\"wpuf-field-data wpuf-field-data-radio_field\">\n                                    <label>Amigable con perros:<\/label>\n                                Es amigo de tod@s            <\/li>\n                    <li class=\"wpuf-field-data wpuf-field-data-radio_field\">\n                                    <label>Con personas extra\u00f1as:<\/label>\n                                Miedoso            <\/li>\n                    <li class=\"wpuf-field-data wpuf-field-data-radio_field\">\n                                    <label>Ladrador:<\/label>\n                                Ansiedad por separaci\u00f3n            <\/li>\n                    <li class=\"wpuf-field-data wpuf-field-data-radio_field\">\n                                    <label>Necesita licencia PPP:<\/label>\n                                NO            <\/li>\n                    <li class=\"wpuf-field-data wpuf-field-data-checkbox_field\">\n                                    <label>Enfermedades:<\/label>\n                                Ninguna            <\/li>\n                    <li class=\"wpuf-field-data wpuf-field-data-checkbox_field\">\n                                    <label>Se entrega:<\/label>\n                                Vacunado | Esterilizado | Solo la mascota sin paso previo por veterinario            <\/li>\n                    <li class=\"wpuf-field-data wpuf-field-data-checkbox_field\">\n                                    <label>M\u00e1s informaci\u00f3n:<\/label>\n                                Bueno con gatos | Bueno con ni\u00f1os | Bueno en casa            <\/li>\n                    <li class=\"wpuf-field-data wpuf-field-data-radio_field\">\n                                    <label>Se env\u00eda la mascota:<\/label>\n                                NO            <\/li>\n                    <li class=\"wpuf-field-data wpuf-field-data-radio_field\">\n                                    <label>Origen:<\/label>\n                                Particular            <\/li>\n        <li><label>Fecha de publicaci\u00f3n:<\/label> 14\/05\/2026 12:33<\/li>            <li class=\"wpuf-field-data wpuf-field-data-radio_field\">\n                                    <label>La mascota ha sido adoptada:<\/label>\n                                NO            <\/li>\n                    <li class=\"wpuf-field-data wpuf-field-data-email_address\">\n                                    <label>Direcci\u00f3n de correo:<\/label>\n                                <a href=\"mailto:magarinossanchon@gmail.com\">magarinossanchon@gmail.com<\/a>            <\/li>\n                    <li class=\"wpuf-field-data wpuf-field-data-numeric_text_field\">\n                                    <label>Tel\u00e9fono:<\/label>\n                                676955904            <\/li>\n        <\/ul>","protected":false},"excerpt":{"rendered":"<p>Busco una familia responsable y cari\u00f1osa para mi gato \ud83e\udde1\ud83d\udc31 Me duele much\u00edsimo tomar esta decisi\u00f3n, pero sinceramente siento que merece una vida mejor de la que ahora mismo puedo darle. Entre la falta de tiempo y el espacio reducido de casa, no puedo dedicarle toda la atenci\u00f3n y estimulaci\u00f3n que necesita. Es un gato [&#8230;]\n","protected":false},"featured_media":52808,"template":"","meta":{"_acf_changed":false},"product_brand":[],"product_cat":[16,1000],"product_tag":[],"class_list":{"0":"post-52809","1":"product","2":"type-product","3":"status-publish","4":"has-post-thumbnail","6":"product_cat-adoptargato","7":"product_cat-adoptar-perro-gato-adoptar-mascota-es","8":"pa_edad-b","9":"pa_fecha-nacimiento-ano-3443","10":"pa_fecha-nacimiento-mes-03-marzo","11":"pa_provincia-pontevedra","12":"pa_raza-mestizo","13":"pa_sexo-hembra","14":"pa_tamano-b","16":"first","17":"instock","18":"taxable","19":"shipping-taxable","20":"product-type-simple"},"acf":[],"_links":{"self":[{"href":"https:\/\/www.wallamascotas.com\/web3\/wp-json\/wp\/v2\/product\/52809","targetHints":{"allow":["GET"]}}],"collection":[{"href":"https:\/\/www.wallamascotas.com\/web3\/wp-json\/wp\/v2\/product"}],"about":[{"href":"https:\/\/www.wallamascotas.com\/web3\/wp-json\/wp\/v2\/types\/product"}],"wp:featuredmedia":[{"embeddable":true,"href":"https:\/\/www.wallamascotas.com\/web3\/wp-json\/wp\/v2\/media\/52808"}],"wp:attachment":[{"href":"https:\/\/www.wallamascotas.com\/web3\/wp-json\/wp\/v2\/media?parent=52809"}],"wp:term":[{"taxonomy":"product_brand","embeddable":true,"href":"https:\/\/www.wallamascotas.com\/web3\/wp-json\/wp\/v2\/product_brand?post=52809"},{"taxonomy":"product_cat","embeddable":true,"href":"https:\/\/www.wallamascotas.com\/web3\/wp-json\/wp\/v2\/product_cat?post=52809"},{"taxonomy":"product_tag","embeddable":true,"href":"https:\/\/www.wallamascotas.com\/web3\/wp-json\/wp\/v2\/product_tag?post=52809"}],"curies":[{"name":"wp","href":"https:\/\/api.w.org\/{rel}","templated":true}]}}