{"id":52828,"date":"2026-05-16T17:43:10","date_gmt":"2026-05-16T17:43:10","guid":{"rendered":"https:\/\/www.wallamascotas.com\/web3\/?post_type=product&#038;p=52828"},"modified":"2026-05-16T17:43:11","modified_gmt":"2026-05-16T17:43:11","slug":"zipi","status":"publish","type":"product","link":"https:\/\/www.wallamascotas.com\/web3\/mascota\/zipi\/","title":{"rendered":"Zipi"},"content":{"rendered":"<p>ZIPI \ud83d\udc9a<\/p>\n<p>Hola perriamigos, mi nombre es Zipi, fu\u00ed rescatado junto a m\u00ed hermano Zape hace ya algunos meses pero a\u00fan nadie ha preguntado por nosotros \ud83d\ude14.<\/p>\n<p>Nuestras vidas eran pr\u00e1cticamente una basura, un d\u00eda de lluvias torrenciales, los que eran nuestros tutores avisaron a las humanas del refugio amenazando que si no ven\u00edan a por nosotros iban a dejar que muri\u00e9semos ahogados \ud83d\ude14<\/p>\n<p>Soy mix de bret\u00f3n con much\u00edsima energ\u00eda por lo que necesito adoptar a una familia humana que sepa darme actividad y que haga actividades al aire libre como algo habitual \ud83c\udfc3\ud83c\udffb\u200d\u2642\ufe0f\ud83d\udc5f\u26f9\ud83c\udffb\u200d\u2642\ufe0f. Soy un jovenzuelo, nacido aprox en Junio 2025. Tengo el tama\u00f1o perfecto \ud83e\udd17, unos 14kg aprox. Activo, juguet\u00f3n, sociable con ni\u00f1os y estoy aprendiendo a pasear con correa \ud83d\ude01\ud83d\udc3e<\/p>\n<p>* Video junto a m\u00ed hermano en comentarios<\/p>\n<p>Me encuentro en \ud83d\udccd Cantillana ( Sevilla ) pero puedo viajar mediante transporte animalista dentro de la pen\u00ednsula \ud83d\ude90\ud83d\udc15<\/p>\n<p>\u203c\ufe0f\u203c\ufe0fSI QUIERES DARME UNA OPORTUNIDAD ESCRIBE A LAS HUMANAS AL EMAIL \ud83d\udce7 adopcionesvidanimalis@gmail.com Y TE INFORMAR\u00c1N DE TODO EL PROCESO DE ADOPCI\u00d3N. SOLO CONTESTAN PETICIONES DE ADOPCI\u00d3N A TRAV\u00c9S DEL EMAIL, NI POR COMENTARIOS NI POR MENSAJES PRIVADOS, GRACIAS\u203c\ufe0f\u203c\ufe0f<\/p>\n<p>Asociaci\u00f3n Vidanimalis \ud83c\udfe1\ud83d\udc3e<\/p>\n<ul class=\"wpuf_customs\">            <li class=\"wpuf-field-data wpuf-field-data-radio_field\">\n                                    <label>Tipo:<\/label>\n                                Perro            <\/li>\n                    <li class=\"wpuf-field-data wpuf-field-data-radio_field\">\n                                    <label>Es un perro:<\/label>\n                                Nervioso            <\/li>\n                    <li class=\"wpuf-field-data wpuf-field-data-radio_field\">\n                                    <label>Amigable con perros:<\/label>\n                                Solo con perras            <\/li>\n                    <li class=\"wpuf-field-data wpuf-field-data-radio_field\">\n                                    <label>Con personas extra\u00f1as:<\/label>\n                                Amigable            <\/li>\n                    <li class=\"wpuf-field-data wpuf-field-data-radio_field\">\n                                    <label>Ladrador:<\/label>\n                                Con timbre y poco m\u00e1s            <\/li>\n                    <li class=\"wpuf-field-data wpuf-field-data-radio_field\">\n                                    <label>Necesita licencia PPP:<\/label>\n                                NO            <\/li>\n                    <li class=\"wpuf-field-data wpuf-field-data-checkbox_field\">\n                                    <label>Enfermedades:<\/label>\n                                Ninguna            <\/li>\n                    <li class=\"wpuf-field-data wpuf-field-data-checkbox_field\">\n                                    <label>Se entrega:<\/label>\n                                Con cartilla sanitaria | Vacunado | Esterilizado | Desparasitado | Microchip            <\/li>\n                    <li class=\"wpuf-field-data wpuf-field-data-checkbox_field\">\n                                    <label>M\u00e1s informaci\u00f3n:<\/label>\n                                Bueno con ni\u00f1os | Bueno en casa | Bueno en el coche | Obediente            <\/li>\n                    <li class=\"wpuf-field-data wpuf-field-data-radio_field\">\n                                    <label>Se env\u00eda la mascota:<\/label>\n                                SI            <\/li>\n                    <li class=\"wpuf-field-data wpuf-field-data-radio_field\">\n                                    <label>En caso de env\u00edo, detallar:<\/label>\n                                A otra CCAA espa\u00f1ola            <\/li>\n                    <li class=\"wpuf-field-data wpuf-field-data-radio_field\">\n                                    <label>Origen:<\/label>\n                                Asociaci\u00f3n            <\/li>\n        <li><label>Fecha de publicaci\u00f3n:<\/label> 15\/05\/2026 00:00<\/li>            <li class=\"wpuf-field-data wpuf-field-data-radio_field\">\n                                    <label>La mascota ha sido adoptada:<\/label>\n                                NO            <\/li>\n                    <li class=\"wpuf-field-data wpuf-field-data-email_address\">\n                                    <label>Direcci\u00f3n de correo:<\/label>\n                                <a href=\"mailto:adopcionesvidanimalis@gmail.com\">adopcionesvidanimalis@gmail.com<\/a>            <\/li>\n        <\/ul>","protected":false},"excerpt":{"rendered":"<p>ZIPI \ud83d\udc9a Hola perriamigos, mi nombre es Zipi, fu\u00ed rescatado junto a m\u00ed hermano Zape hace ya algunos meses pero a\u00fan nadie ha preguntado por nosotros \ud83d\ude14. Nuestras vidas eran pr\u00e1cticamente una basura, un d\u00eda de lluvias torrenciales, los que eran nuestros tutores avisaron a las humanas del refugio amenazando que si no ven\u00edan a [&#8230;]\n","protected":false},"featured_media":52827,"template":"","meta":{"_acf_changed":false},"product_brand":[],"product_cat":[15,1000],"product_tag":[],"class_list":{"0":"post-52828","1":"product","2":"type-product","3":"status-publish","4":"has-post-thumbnail","6":"product_cat-adoptar_perro_adoptar_mascota","7":"product_cat-adoptar-perro-gato-adoptar-mascota-es","8":"pa_edad-b","9":"pa_fecha-nacimiento-ano-3513","10":"pa_fecha-nacimiento-mes-06-junio","11":"pa_origen-vidanimalis","12":"pa_provincia-sevilla","13":"pa_raza-mestizo","14":"pa_sexo-macho","15":"pa_tamano-c","17":"first","18":"instock","19":"taxable","20":"shipping-taxable","21":"product-type-simple"},"acf":[],"_links":{"self":[{"href":"https:\/\/www.wallamascotas.com\/web3\/wp-json\/wp\/v2\/product\/52828","targetHints":{"allow":["GET"]}}],"collection":[{"href":"https:\/\/www.wallamascotas.com\/web3\/wp-json\/wp\/v2\/product"}],"about":[{"href":"https:\/\/www.wallamascotas.com\/web3\/wp-json\/wp\/v2\/types\/product"}],"wp:featuredmedia":[{"embeddable":true,"href":"https:\/\/www.wallamascotas.com\/web3\/wp-json\/wp\/v2\/media\/52827"}],"wp:attachment":[{"href":"https:\/\/www.wallamascotas.com\/web3\/wp-json\/wp\/v2\/media?parent=52828"}],"wp:term":[{"taxonomy":"product_brand","embeddable":true,"href":"https:\/\/www.wallamascotas.com\/web3\/wp-json\/wp\/v2\/product_brand?post=52828"},{"taxonomy":"product_cat","embeddable":true,"href":"https:\/\/www.wallamascotas.com\/web3\/wp-json\/wp\/v2\/product_cat?post=52828"},{"taxonomy":"product_tag","embeddable":true,"href":"https:\/\/www.wallamascotas.com\/web3\/wp-json\/wp\/v2\/product_tag?post=52828"}],"curies":[{"name":"wp","href":"https:\/\/api.w.org\/{rel}","templated":true}]}}