{"id":5322,"date":"2018-07-03T08:09:44","date_gmt":"2018-07-03T08:09:44","guid":{"rendered":"http:\/\/www.wallamascotas.com\/web3\/?post_type=product&#038;p=5322"},"modified":"2026-03-25T18:20:09","modified_gmt":"2026-03-25T18:20:09","slug":"menus-2-meses-cadiz","status":"publish","type":"product","link":"https:\/\/www.wallamascotas.com\/web3\/mascota\/menus-2-meses-cadiz\/","title":{"rendered":"MENUS \u2013 2 MESES"},"content":{"rendered":"<p><span style=\"color: #33cccc; font-size: 130%;\"><strong>RESERVADO<\/strong><\/span><\/p>\n<p style=\"text-align: justify;\">Este precioso cachorro es un amor.<br \/>\nEste peque\u00f1in es muy cari\u00f1oso y sociable, estupendo con los ni\u00f1os, puede convivir con otros gatos y perros.<br \/>\nSe entrega con contrato de adopcion, vacunas, chip, desparasitado, compromiso de esterilizacion, seguimiento pasaporte. Se env\u00eda por todas las provincias de espa\u00f1a.<br \/>\nSi deseas adoptarlo envianos un correo electronico indicando adoptar a MENUS y tus datos<\/p>\n","protected":false},"excerpt":{"rendered":"<p style=\"text-align: justify;\"><span style=\"color: #33cccc;\"><strong>RESERVADO.<\/strong><\/span> Este cachorro es un encanto<\/p>\n","protected":false},"featured_media":0,"template":"","meta":{"_acf_changed":false},"product_brand":[],"product_cat":[51,1000],"product_tag":[],"class_list":{"0":"post-5322","1":"product","2":"type-product","3":"status-publish","5":"product_cat-adoptados","6":"product_cat-adoptar-perro-gato-adoptar-mascota-es","7":"pa_chip-si","8":"pa_fecha_nacimiento-6-5-18","9":"pa_fecha-alta-17-06-18","10":"pa_origen-asociacion-maskeperros","11":"pa_pais-espana","12":"pa_provincia-cadiz","13":"pa_sexo-macho","15":"first","16":"instock","17":"taxable","18":"shipping-taxable","19":"product-type-simple"},"acf":[],"_links":{"self":[{"href":"https:\/\/www.wallamascotas.com\/web3\/wp-json\/wp\/v2\/product\/5322","targetHints":{"allow":["GET"]}}],"collection":[{"href":"https:\/\/www.wallamascotas.com\/web3\/wp-json\/wp\/v2\/product"}],"about":[{"href":"https:\/\/www.wallamascotas.com\/web3\/wp-json\/wp\/v2\/types\/product"}],"wp:attachment":[{"href":"https:\/\/www.wallamascotas.com\/web3\/wp-json\/wp\/v2\/media?parent=5322"}],"wp:term":[{"taxonomy":"product_brand","embeddable":true,"href":"https:\/\/www.wallamascotas.com\/web3\/wp-json\/wp\/v2\/product_brand?post=5322"},{"taxonomy":"product_cat","embeddable":true,"href":"https:\/\/www.wallamascotas.com\/web3\/wp-json\/wp\/v2\/product_cat?post=5322"},{"taxonomy":"product_tag","embeddable":true,"href":"https:\/\/www.wallamascotas.com\/web3\/wp-json\/wp\/v2\/product_tag?post=5322"}],"curies":[{"name":"wp","href":"https:\/\/api.w.org\/{rel}","templated":true}]}}