{"id":5356,"date":"2018-07-04T18:37:09","date_gmt":"2018-07-04T18:37:09","guid":{"rendered":"http:\/\/www.wallamascotas.com\/web3\/?post_type=product&#038;p=5356"},"modified":"2026-03-25T18:20:09","modified_gmt":"2026-03-25T18:20:09","slug":"capitan-3-meses-madrid","status":"publish","type":"product","link":"https:\/\/www.wallamascotas.com\/web3\/mascota\/capitan-3-meses-madrid\/","title":{"rendered":"CAPITAN \u2013 3 MESES"},"content":{"rendered":"<p><span style=\"font-size: 130%; color: #33cccc;\"><strong>ADOPTADO<\/strong><\/span><\/p>\n<p style=\"text-align: justify;\">Necesitamos urgentemente acogida o adopcion para este peque\u00f1in. ha pasado y luchado mucho hasta llegar hasta aqui.gracias a nuestra compa\u00f1era que se a desvivido minuto a minuto para que tire adelante. el mas peque\u00f1o de los hermanos .. , famelico y desnutrido.<br \/>\nha tenido su rutina veterinaria \u00a0para ver su estado y pronostico.su peso a mejorado de forma considerable y su estado animico un 10.<br \/>\ncontiua necesitando unos cuidados , y seguir con \u00a0su rehabilitacion ..( ponerle obstaculos con premios ,,hacerlo subir escaleras&#8230;.) de esta forma haga un esfuerzo y abance.tiene un problema de desarrollo y por este motivo no sabemos si puedan ocasionarle en un futuro secuelas.<\/p>\n<p style=\"text-align: justify;\">si puedes acogerlo es necesario que sea en localidades \u00a0al ser posible de chiclana o san fernando en la provincia de cadiz. \u00a0localidades \u00a0mas cercanas a su veterinario. de lo contrario en localidades de la provincia de cadiz<br \/>\nsi quieres adoptarlo envianos un correo electronico indicando adoptar a capitan<\/p>\n<p style=\"text-align: justify;\">se entrega con contrato de adopcion , vacunas , chip,desparasitado ,compromiso de castracion , seguimiento.<br \/>\npuede viajar a cualquier provincia de espa\u00f1a .<\/p>\n","protected":false},"excerpt":{"rendered":"<p style=\"text-align: justify;\"><span style=\"color: #33cccc;\"><strong>ADOPTADO.<\/strong><\/span> Es un encanto que te enamorar\u00e1<\/p>\n","protected":false},"featured_media":0,"template":"","meta":{"_acf_changed":false},"product_brand":[],"product_cat":[51,1000],"product_tag":[],"class_list":{"0":"post-5356","1":"product","2":"type-product","3":"status-publish","5":"product_cat-adoptados","6":"product_cat-adoptar-perro-gato-adoptar-mascota-es","7":"pa_chip-si","8":"pa_fecha_nacimiento-3-meses","9":"pa_fecha-alta-17-06-18","10":"pa_origen-asociacion-maskeperros","11":"pa_pais-espana","12":"pa_provincia-cadiz","13":"pa_sexo-hembra","15":"first","16":"instock","17":"taxable","18":"shipping-taxable","19":"product-type-simple"},"acf":[],"_links":{"self":[{"href":"https:\/\/www.wallamascotas.com\/web3\/wp-json\/wp\/v2\/product\/5356","targetHints":{"allow":["GET"]}}],"collection":[{"href":"https:\/\/www.wallamascotas.com\/web3\/wp-json\/wp\/v2\/product"}],"about":[{"href":"https:\/\/www.wallamascotas.com\/web3\/wp-json\/wp\/v2\/types\/product"}],"wp:attachment":[{"href":"https:\/\/www.wallamascotas.com\/web3\/wp-json\/wp\/v2\/media?parent=5356"}],"wp:term":[{"taxonomy":"product_brand","embeddable":true,"href":"https:\/\/www.wallamascotas.com\/web3\/wp-json\/wp\/v2\/product_brand?post=5356"},{"taxonomy":"product_cat","embeddable":true,"href":"https:\/\/www.wallamascotas.com\/web3\/wp-json\/wp\/v2\/product_cat?post=5356"},{"taxonomy":"product_tag","embeddable":true,"href":"https:\/\/www.wallamascotas.com\/web3\/wp-json\/wp\/v2\/product_tag?post=5356"}],"curies":[{"name":"wp","href":"https:\/\/api.w.org\/{rel}","templated":true}]}}