{"id":5646,"date":"2018-07-27T09:56:53","date_gmt":"2018-07-27T09:56:53","guid":{"rendered":"http:\/\/www.wallamascotas.com\/web3\/?post_type=product&#038;p=5646"},"modified":"2026-03-25T18:20:09","modified_gmt":"2026-03-25T18:20:09","slug":"tizon-2-meses-madrid","status":"publish","type":"product","link":"https:\/\/www.wallamascotas.com\/web3\/mascota\/tizon-2-meses-madrid\/","title":{"rendered":"TIZ\u00d3N \u2013 2 MESES"},"content":{"rendered":"<p><span style=\"color: #33cccc; font-size: 130%;\"><strong>ADOPTADO<\/strong><\/span><\/p>\n<p style=\"text-align: justify;\">RIVANIMAL Asociaci\u00f3n Protectora de Animales sin \u00e1nimo de lucro, est\u00e1 cuidando a TIZON, un gatito que apareci\u00f3 una tarde dentro de un bar. Es un gatito cari\u00f1oso, le gusta estar encima y que le acaricies. Est\u00e1 en una casa de acogida con gatos y perros. Desde el primer momento se hizo muy amigo de una perrita de la casa, siempre quiere estar con ella y duermen abrazados.<\/p>\n<p style=\"text-align: justify;\">La adopci\u00f3n es gratuita pero conlleva un coste por los gastos<\/p>\n<p style=\"text-align: justify;\">veterinarios: entregamos a los gatitos, desparasitados interna y externamente, vacunados con su primera vacuna (trivalente), con test de inmunodeficiencia y leucemia felina, con el microchip y compromiso de castraci\u00f3n cuando el gatito alcance la edad \u00f3ptima para realizar la cirug\u00eda.<\/p>\n<p style=\"text-align: justify;\">Piensa en las garant\u00edas de adoptar con una Protectora de Animales.<\/p>\n","protected":false},"excerpt":{"rendered":"<p style=\"text-align: justify;\"><span style=\"color: #33cccc;\"><strong>ADOPTADO.<\/strong><\/span> Dos hermanitos<\/p>\n","protected":false},"featured_media":0,"template":"","meta":{"_acf_changed":false},"product_brand":[],"product_cat":[51,1000],"product_tag":[],"class_list":{"0":"post-5646","1":"product","2":"type-product","3":"status-publish","5":"product_cat-adoptados","6":"product_cat-adoptar-perro-gato-adoptar-mascota-es","7":"pa_chip-si","8":"pa_fecha-alta-27-07-2018","9":"pa_origen-rivanimal","10":"pa_pais-espana","11":"pa_provincia-madrid","12":"pa_sexo-macho","13":"pa_tamano-c","15":"first","16":"instock","17":"taxable","18":"shipping-taxable","19":"product-type-simple"},"acf":[],"_links":{"self":[{"href":"https:\/\/www.wallamascotas.com\/web3\/wp-json\/wp\/v2\/product\/5646","targetHints":{"allow":["GET"]}}],"collection":[{"href":"https:\/\/www.wallamascotas.com\/web3\/wp-json\/wp\/v2\/product"}],"about":[{"href":"https:\/\/www.wallamascotas.com\/web3\/wp-json\/wp\/v2\/types\/product"}],"wp:attachment":[{"href":"https:\/\/www.wallamascotas.com\/web3\/wp-json\/wp\/v2\/media?parent=5646"}],"wp:term":[{"taxonomy":"product_brand","embeddable":true,"href":"https:\/\/www.wallamascotas.com\/web3\/wp-json\/wp\/v2\/product_brand?post=5646"},{"taxonomy":"product_cat","embeddable":true,"href":"https:\/\/www.wallamascotas.com\/web3\/wp-json\/wp\/v2\/product_cat?post=5646"},{"taxonomy":"product_tag","embeddable":true,"href":"https:\/\/www.wallamascotas.com\/web3\/wp-json\/wp\/v2\/product_tag?post=5646"}],"curies":[{"name":"wp","href":"https:\/\/api.w.org\/{rel}","templated":true}]}}