{"id":589,"date":"2017-10-14T09:51:25","date_gmt":"2017-10-14T09:51:25","guid":{"rendered":"http:\/\/www.wallamascotas.com\/web3\/?post_type=product&#038;p=589"},"modified":"2026-03-25T18:20:09","modified_gmt":"2026-03-25T18:20:09","slug":"cruces-de-bichon-maltes","status":"publish","type":"product","link":"https:\/\/www.wallamascotas.com\/web3\/mascota\/cruces-de-bichon-maltes\/","title":{"rendered":"CRUCES DE BICH\u00d3N MALT\u00c9S"},"content":{"rendered":"<p><span style=\"color: #33cccc; font-size: 130%;\"><strong>ADOPTADOS<\/strong><\/span><\/p>\n<p style=\"text-align: justify;\">Estas dos preciosidades fueron rescatadas de muy malas manos y ahora buscamos un hogar para ellos. Son macho y hembra y totalmente inseparables. Aparecieron juntos y la\u00a0<b class=\"sub2\">adopci\u00f3n<\/b>\u00a0ser\u00e1 conjunta. Son s\u00faper peque\u00f1os y s\u00faper buenos. No os arrepentireis !! Interesados contactar conmigo.<\/p>\n<div><strong>Genoveva (Particular)<\/strong><\/div>\n<div class=\"telefonos\">645510627<\/div>\n<p>&nbsp;<\/p>\n","protected":false},"excerpt":{"rendered":"<p style=\"text-align: justify;\"><span style=\"color: #33cccc;\"><strong>ADOPTADOS.<\/strong><\/span> Adopci\u00f3n conjunta<\/p>\n","protected":false},"featured_media":600,"template":"","meta":{"_acf_changed":false},"product_brand":[],"product_cat":[51,1000],"product_tag":[],"class_list":{"0":"post-589","1":"product","2":"type-product","3":"status-publish","4":"has-post-thumbnail","6":"product_cat-adoptados","7":"product_cat-adoptar-perro-gato-adoptar-mascota-es","8":"pa_fecha-alta-199","9":"pa_origen-particular","10":"pa_provincia-palencia","11":"pa_tamano-b","13":"first","14":"instock","15":"taxable","16":"shipping-taxable","17":"product-type-simple"},"acf":[],"_links":{"self":[{"href":"https:\/\/www.wallamascotas.com\/web3\/wp-json\/wp\/v2\/product\/589","targetHints":{"allow":["GET"]}}],"collection":[{"href":"https:\/\/www.wallamascotas.com\/web3\/wp-json\/wp\/v2\/product"}],"about":[{"href":"https:\/\/www.wallamascotas.com\/web3\/wp-json\/wp\/v2\/types\/product"}],"wp:featuredmedia":[{"embeddable":true,"href":"https:\/\/www.wallamascotas.com\/web3\/wp-json\/wp\/v2\/media\/600"}],"wp:attachment":[{"href":"https:\/\/www.wallamascotas.com\/web3\/wp-json\/wp\/v2\/media?parent=589"}],"wp:term":[{"taxonomy":"product_brand","embeddable":true,"href":"https:\/\/www.wallamascotas.com\/web3\/wp-json\/wp\/v2\/product_brand?post=589"},{"taxonomy":"product_cat","embeddable":true,"href":"https:\/\/www.wallamascotas.com\/web3\/wp-json\/wp\/v2\/product_cat?post=589"},{"taxonomy":"product_tag","embeddable":true,"href":"https:\/\/www.wallamascotas.com\/web3\/wp-json\/wp\/v2\/product_tag?post=589"}],"curies":[{"name":"wp","href":"https:\/\/api.w.org\/{rel}","templated":true}]}}