{"id":592,"date":"2017-10-14T09:55:29","date_gmt":"2017-10-14T09:55:29","guid":{"rendered":"http:\/\/www.wallamascotas.com\/web3\/?post_type=product&#038;p=592"},"modified":"2026-03-25T18:20:09","modified_gmt":"2026-03-25T18:20:09","slug":"adopcion-de-perro-cruce-de-podenco","status":"publish","type":"product","link":"https:\/\/www.wallamascotas.com\/web3\/mascota\/adopcion-de-perro-cruce-de-podenco\/","title":{"rendered":"CRUCE DE PODENCO"},"content":{"rendered":"<p><span style=\"color: #33cccc; font-size: 130%;\"><strong>ADOPTADO<\/strong><\/span><\/p>\n<p style=\"text-align: justify;\">Se busca Buena Familia para Cruce de Podenco con 5 meses, macho. Necesita mucho cari\u00f1o ya que viene de un hogar donde ha sido maltratado. El perrito se encuentra actualmente en Sevilla, es muy cari\u00f1oso y actualmente se encuentra en perfecto estado en una casa acogido en espera de buscar due\u00f1o definitivo. Si est\u00e1s interesado o interesada en adoptar a este perrito pod\u00e9is contactar para tener m\u00e1s informaci\u00f3n.<\/p>\n<div><strong>Olga (Particular)<\/strong><\/div>\n<div class=\"telefonos\">687643779<\/div>\n<p>&nbsp;<\/p>\n","protected":false},"excerpt":{"rendered":"<p style=\"text-align: justify;\"><span style=\"color: #33cccc;\"><strong>ADOPTADO.<\/strong><\/span> Se busca buena familia<\/p>\n","protected":false},"featured_media":598,"template":"","meta":{"_acf_changed":false},"product_brand":[],"product_cat":[51,1000],"product_tag":[],"class_list":{"0":"post-592","1":"product","2":"type-product","3":"status-publish","4":"has-post-thumbnail","6":"product_cat-adoptados","7":"product_cat-adoptar-perro-gato-adoptar-mascota-es","8":"pa_fecha-alta-199","9":"pa_origen-particular","10":"pa_provincia-sevilla","11":"pa_sexo-macho","12":"pa_tamano-b","14":"first","15":"instock","16":"taxable","17":"shipping-taxable","18":"product-type-simple"},"acf":[],"_links":{"self":[{"href":"https:\/\/www.wallamascotas.com\/web3\/wp-json\/wp\/v2\/product\/592","targetHints":{"allow":["GET"]}}],"collection":[{"href":"https:\/\/www.wallamascotas.com\/web3\/wp-json\/wp\/v2\/product"}],"about":[{"href":"https:\/\/www.wallamascotas.com\/web3\/wp-json\/wp\/v2\/types\/product"}],"wp:featuredmedia":[{"embeddable":true,"href":"https:\/\/www.wallamascotas.com\/web3\/wp-json\/wp\/v2\/media\/598"}],"wp:attachment":[{"href":"https:\/\/www.wallamascotas.com\/web3\/wp-json\/wp\/v2\/media?parent=592"}],"wp:term":[{"taxonomy":"product_brand","embeddable":true,"href":"https:\/\/www.wallamascotas.com\/web3\/wp-json\/wp\/v2\/product_brand?post=592"},{"taxonomy":"product_cat","embeddable":true,"href":"https:\/\/www.wallamascotas.com\/web3\/wp-json\/wp\/v2\/product_cat?post=592"},{"taxonomy":"product_tag","embeddable":true,"href":"https:\/\/www.wallamascotas.com\/web3\/wp-json\/wp\/v2\/product_tag?post=592"}],"curies":[{"name":"wp","href":"https:\/\/api.w.org\/{rel}","templated":true}]}}