{"id":5990,"date":"2018-08-11T10:10:38","date_gmt":"2018-08-11T10:10:38","guid":{"rendered":"http:\/\/www.wallamascotas.com\/web3\/?post_type=product&#038;p=5990"},"modified":"2018-11-29T21:56:27","modified_gmt":"2018-11-29T21:56:27","slug":"barcelona-asociacion-gats-montbui","status":"publish","type":"product","link":"https:\/\/www.wallamascotas.com\/web3\/mascota\/barcelona-asociacion-gats-montbui\/","title":{"rendered":"BARCELONA"},"content":{"rendered":"<p>ASOCIACI\u00d3N GATS MONTBUI<\/p>\n<p style=\"text-align: justify;\">Somos una asociaci\u00f3n sin \u00e1nimo de lucro situada en Santa Margarida de Montbui (Barcelona). Somos un grupo de personas voluntarias y amantes de nuestros amigos felinos que luchamos por el cuidado, el bienestar y la defensa de los gatos cal<span id=\"more-206671\"><\/span>lejeros y abandonados.\u00a0 Nuestra funci\u00f3n es alimentar a todas las colonias posibles que existen en nuestro municipio. Tambi\u00e9n intentamos socorrer al mayor n\u00famero posible de gatos que necesitan atenci\u00f3n veterinaria.<\/p>\n<p style=\"text-align: justify;\">Buscamos hogares donde puedan llevar una vida digna y alejada del abandono y la indiferencia\u00a0 a los que est\u00e1n sometidos, tienen el mismo derecho que cualquier otra vida.<\/p>\n<p style=\"text-align: justify;\">Como asociaci\u00f3n tambi\u00e9n es fundamental ir sacando de las calles a los gatos para su posterior adopci\u00f3n\u00a0 y\/o acogida, como a los cachorros y gatos enfermos que necesiten cuidados y tratamientos espec\u00edficos para lo cual son imprescindibles las casas de acogida temporal y aportaciones econ\u00f3micas y donativos tanto econ\u00f3micos como materiales.<\/p>\n<p style=\"text-align: justify;\">Tambi\u00e9n es fundamental la esterilizaci\u00f3n para as\u00ed tener un control de la natalidad ya que es la \u00fanica v\u00eda para reducir el n\u00famero de gatos abandonado.<\/p>\n<p>BARCELONA<\/p>\n<a href=\"http:\/\/www.wallamascotas.com\/web3\/wallamascotas\/?filter_origen=asociacion-gats-montbui\" class=\"button primary is-primary is-medium\"  >\n    <span>VER MASCOTAS DE LA ASOCIACI\u00d3N<\/span>\n  <\/a>\n\n","protected":false},"excerpt":{"rendered":"<p>&nbsp;<\/p>\n<p>&nbsp;<\/p>\n","protected":false},"featured_media":8077,"template":"","meta":{"_acf_changed":false},"product_brand":[],"product_cat":[1000,1798],"product_tag":[],"class_list":{"0":"post-5990","1":"product","2":"type-product","3":"status-publish","4":"has-post-thumbnail","6":"product_cat-adoptar-perro-gato-adoptar-mascota-es","7":"product_cat-asociaciones","8":"pa_origen-asociacion-gats-montbui","9":"pa_pais-espana","10":"pa_provincia-barcelona","12":"first","13":"instock","14":"taxable","15":"shipping-taxable","16":"product-type-simple"},"acf":[],"_links":{"self":[{"href":"https:\/\/www.wallamascotas.com\/web3\/wp-json\/wp\/v2\/product\/5990","targetHints":{"allow":["GET"]}}],"collection":[{"href":"https:\/\/www.wallamascotas.com\/web3\/wp-json\/wp\/v2\/product"}],"about":[{"href":"https:\/\/www.wallamascotas.com\/web3\/wp-json\/wp\/v2\/types\/product"}],"wp:featuredmedia":[{"embeddable":true,"href":"https:\/\/www.wallamascotas.com\/web3\/wp-json\/wp\/v2\/media\/8077"}],"wp:attachment":[{"href":"https:\/\/www.wallamascotas.com\/web3\/wp-json\/wp\/v2\/media?parent=5990"}],"wp:term":[{"taxonomy":"product_brand","embeddable":true,"href":"https:\/\/www.wallamascotas.com\/web3\/wp-json\/wp\/v2\/product_brand?post=5990"},{"taxonomy":"product_cat","embeddable":true,"href":"https:\/\/www.wallamascotas.com\/web3\/wp-json\/wp\/v2\/product_cat?post=5990"},{"taxonomy":"product_tag","embeddable":true,"href":"https:\/\/www.wallamascotas.com\/web3\/wp-json\/wp\/v2\/product_tag?post=5990"}],"curies":[{"name":"wp","href":"https:\/\/api.w.org\/{rel}","templated":true}]}}