{"id":6037,"date":"2018-08-11T11:48:52","date_gmt":"2018-08-11T11:48:52","guid":{"rendered":"http:\/\/www.wallamascotas.com\/web3\/?post_type=product&#038;p=6037"},"modified":"2018-08-11T18:15:30","modified_gmt":"2018-08-11T18:15:30","slug":"madrid-asociacion-villanimal","status":"publish","type":"product","link":"https:\/\/www.wallamascotas.com\/web3\/mascota\/madrid-asociacion-villanimal\/","title":{"rendered":"MADRID"},"content":{"rendered":"<p>ASOCIACI\u00d3N VILLANIMAL<\/p>\n<p>Nuestra misi\u00f3n es rescatar animales en situaci\u00f3n de abandono y darles un hogar. Adem\u00e1s es realizar campa\u00f1as de concienciaci\u00f3n tanto en colegios como institutos y en la calle con mesas informativas sobre tenencia responsable. Y promover y realizar CES (captura esterilizaci\u00f3n y suelta de gatos callejeros) en todos los sitios en los que podamos.<\/p>\n<p>Principalmente la zona oeste de la Comunidad de Madrid<\/p>\n<p>No tenemos sitio fisico. Nos movemos con casas de acogida<\/p>\n<p>Email de contacto para adopciones es\u00a0<a href=\"mailto:adopciones@villanimal.org\">adopciones@villanimal.org<\/a><\/p>\n<a href=\"http:\/\/www.wallamascotas.com\/web3\/wallamascotas\/?filter_origen=asociacion-villanimal\" class=\"button primary is-primary is-medium\"  >\n    <span>VER MASCOTAS DE LA ASOCIACI\u00d3N<\/span>\n  <\/a>\n\n","protected":false},"excerpt":{"rendered":"<p>&nbsp;<\/p>\n<p>&nbsp;<\/p>\n","protected":false},"featured_media":6078,"template":"","meta":{"_acf_changed":false},"product_brand":[],"product_cat":[1000,1798],"product_tag":[],"class_list":{"0":"post-6037","1":"product","2":"type-product","3":"status-publish","4":"has-post-thumbnail","6":"product_cat-adoptar-perro-gato-adoptar-mascota-es","7":"product_cat-asociaciones","8":"pa_origen-asociacion-villanimal","9":"pa_pais-espana","10":"pa_provincia-madrid","12":"first","13":"instock","14":"taxable","15":"shipping-taxable","16":"product-type-simple"},"acf":[],"_links":{"self":[{"href":"https:\/\/www.wallamascotas.com\/web3\/wp-json\/wp\/v2\/product\/6037","targetHints":{"allow":["GET"]}}],"collection":[{"href":"https:\/\/www.wallamascotas.com\/web3\/wp-json\/wp\/v2\/product"}],"about":[{"href":"https:\/\/www.wallamascotas.com\/web3\/wp-json\/wp\/v2\/types\/product"}],"wp:featuredmedia":[{"embeddable":true,"href":"https:\/\/www.wallamascotas.com\/web3\/wp-json\/wp\/v2\/media\/6078"}],"wp:attachment":[{"href":"https:\/\/www.wallamascotas.com\/web3\/wp-json\/wp\/v2\/media?parent=6037"}],"wp:term":[{"taxonomy":"product_brand","embeddable":true,"href":"https:\/\/www.wallamascotas.com\/web3\/wp-json\/wp\/v2\/product_brand?post=6037"},{"taxonomy":"product_cat","embeddable":true,"href":"https:\/\/www.wallamascotas.com\/web3\/wp-json\/wp\/v2\/product_cat?post=6037"},{"taxonomy":"product_tag","embeddable":true,"href":"https:\/\/www.wallamascotas.com\/web3\/wp-json\/wp\/v2\/product_tag?post=6037"}],"curies":[{"name":"wp","href":"https:\/\/api.w.org\/{rel}","templated":true}]}}