{"id":6051,"date":"2018-08-11T12:13:46","date_gmt":"2018-08-11T12:13:46","guid":{"rendered":"http:\/\/www.wallamascotas.com\/web3\/?post_type=product&#038;p=6051"},"modified":"2018-11-08T10:29:51","modified_gmt":"2018-11-08T10:29:51","slug":"valencia-protectora-la-perrita-valiente","status":"publish","type":"product","link":"https:\/\/www.wallamascotas.com\/web3\/mascota\/valencia-protectora-la-perrita-valiente\/","title":{"rendered":"VALENCIA"},"content":{"rendered":"<div>PROTECTORA LA PERRITA VALIENTE<\/div>\n<div><\/div>\n<div><big><strong>En perrera<\/strong><\/big><\/div>\n<p>Difundimos perritos recogidos por dos perreras de la provincia de Valencia.<\/p>\n<p>Vamos all\u00ed, les hacemos fotos, los intentamos conocer un poco y los difundimos para encontrarles nuevos hogares definitivos o acogidas largas. Cuando te interesas por un perrito de all\u00ed no podemos asegurarte cual es su estado de salud ni su comportamiento con otros animales, en casa&#8230;. por lo que debes asumir cualquier problema que pueda surgir tras la adopci\u00f3n, pese a que nosotros ayudaremos en todo lo posible.<\/p>\n<p>Si finalmente adoptas al animal elegido, al salir de la perrera\u00a0iremos directamente al veterinario y, si es posible por su estado de salud, se le pondr\u00e1 el chip, vacunas y se le har\u00e1 el pasaporte * . En ese mismo momento se firmar\u00e1 el contrato de adopci\u00f3n.<\/p>\n<p><strong>(*)<\/strong>\u00a0El coste aproximado de los gastos veterinarios rondan los 70\u20ac. Que incluyen visita al veterianrio, chip, pasaporte y vacuna de la rabia. Luego tu debes hacer frente a los dem\u00e1s gastos, tales como desparasitaci\u00f3n, otras vacunas, esterilizaci\u00f3n o castraci\u00f3n&#8230;.<\/p>\n<p>&#8211;\u00a0 Los perritos de perrera\u00a0NO pueden ser apadrinados.<\/p>\n<div><big><strong>En acogida<\/strong><\/big><\/div>\n<p>Los perros que tenemos en La Perrita Valiente est\u00e1n en casas de acogida o bien en residencia canina.<\/p>\n<p>Proceden\u00a0de la perrera o de la calle. Los conocemos, podemos saber c\u00f3mo se comportan, c\u00faal es su estado de salud, podemos reeducarlos si tienen alg\u00fan problema de conducta&#8230;\u00a0\u00a0 Todos est\u00e1n chipados, vacunados, desparasitados\u00a0y castrados o esterilizadas si la edad ya lo ha permitido *.<\/p>\n<p>A veces estos perretes no son adoptados, pues la gente sabe que ya est\u00e1n salvados y que lucharemos para que nunca les pase nada&#8230; y as\u00ed es. Pero recuerda siempre que si adoptas a uno acogido\u00a0<strong>est\u00e1s ayudando a dos, al que adoptas y al que podemos acoger y ayudar en su lugar.\u00a0<\/strong><\/p>\n<p>(*) El coste de \u00e9ste tipo de adopciones es de 150\u20ac que cubren parte de los gastos veterinarios que ha recibido tu nuevo compa\u00f1ero. Esto incluye, chip, pasaporte, vacuna de la rabia, vacuna heptavalente, anal\u00edtica de sangre, desparasitaciones y esterilizaci\u00f3n o castraci\u00f3n.<\/p>\n<p>&#8211;\u00a0 A estos perretes\u00a0SI puedes\u00a0<a href=\"http:\/\/laperritavaliente.org\/s31\/apadrina\" target=\"_blank\" rel=\"noopener noreferrer\">apadrinarlos<\/a>, pues el dinero que aportes para ellos podremos destinarlo a su mantenimiento, gastos veterinarios, estancia en residenca canina.<\/p>\n<p>VALENCIA<\/p>\n<a href=\"http:\/\/www.wallamascotas.com\/web3\/wallamascotas\/?filter_origen=protectora-la-perrita-valiente\" class=\"button primary is-primary is-medium\"  >\n    <span>VER MASCOTAS DE LA ASOCIACI\u00d3N<\/span>\n  <\/a>\n\n","protected":false},"excerpt":{"rendered":"<p>&nbsp;<\/p>\n<p>&nbsp;<\/p>\n","protected":false},"featured_media":7508,"template":"","meta":{"_acf_changed":false},"product_brand":[],"product_cat":[1000,1798],"product_tag":[],"class_list":{"0":"post-6051","1":"product","2":"type-product","3":"status-publish","4":"has-post-thumbnail","6":"product_cat-adoptar-perro-gato-adoptar-mascota-es","7":"product_cat-asociaciones","8":"pa_origen-protectora-la-perrita-valiente","9":"pa_pais-espana","10":"pa_provincia-valencia","12":"first","13":"instock","14":"taxable","15":"shipping-taxable","16":"product-type-simple"},"acf":[],"_links":{"self":[{"href":"https:\/\/www.wallamascotas.com\/web3\/wp-json\/wp\/v2\/product\/6051","targetHints":{"allow":["GET"]}}],"collection":[{"href":"https:\/\/www.wallamascotas.com\/web3\/wp-json\/wp\/v2\/product"}],"about":[{"href":"https:\/\/www.wallamascotas.com\/web3\/wp-json\/wp\/v2\/types\/product"}],"wp:featuredmedia":[{"embeddable":true,"href":"https:\/\/www.wallamascotas.com\/web3\/wp-json\/wp\/v2\/media\/7508"}],"wp:attachment":[{"href":"https:\/\/www.wallamascotas.com\/web3\/wp-json\/wp\/v2\/media?parent=6051"}],"wp:term":[{"taxonomy":"product_brand","embeddable":true,"href":"https:\/\/www.wallamascotas.com\/web3\/wp-json\/wp\/v2\/product_brand?post=6051"},{"taxonomy":"product_cat","embeddable":true,"href":"https:\/\/www.wallamascotas.com\/web3\/wp-json\/wp\/v2\/product_cat?post=6051"},{"taxonomy":"product_tag","embeddable":true,"href":"https:\/\/www.wallamascotas.com\/web3\/wp-json\/wp\/v2\/product_tag?post=6051"}],"curies":[{"name":"wp","href":"https:\/\/api.w.org\/{rel}","templated":true}]}}