{"id":6172,"date":"2018-08-15T13:26:54","date_gmt":"2018-08-15T13:26:54","guid":{"rendered":"http:\/\/www.wallamascotas.com\/web3\/?post_type=product&#038;p=6172"},"modified":"2020-12-09T08:00:35","modified_gmt":"2020-12-09T08:00:35","slug":"sevilla-sofia-el-refugio-escuela","status":"publish","type":"product","link":"https:\/\/www.wallamascotas.com\/web3\/mascota\/sevilla-sofia-el-refugio-escuela\/","title":{"rendered":"SEVILLA \u2013 SOFIA El REFUGIO"},"content":{"rendered":"<p style=\"text-align: justify;\">SOF\u00cdA El REFUGIO &#8211; ESCUELA<\/p>\n<p style=\"text-align: justify;\">SOFIA El Refugio-Escuela (Asociaci\u00f3n para la integraci\u00f3n familiar de animales abandonados) es una entidad sin \u00e1nimo de lucro inscrita con el n\u00famero 10437 en el Registro de Asociaciones de la Consejer\u00eda de Gobernaci\u00f3n y Justicia de la Junta de Andaluc\u00eda desde el 9 de marzo de 2005.<\/p>\n<p style=\"text-align: justify;\">Nuestro objetivo es colaborar, en la medida de lo posible, en la soluci\u00f3n a la desesperada situaci\u00f3n que vive un insoportable n\u00famero de perros y gatos maltratados y abandonados en Espa\u00f1a; un grav\u00edsimo problema social que las administraciones de este pa\u00eds ignoran deliberadamente salvo en contadas excepciones.<\/p>\n<p style=\"text-align: justify;\">No somos una perrera ni no somos una protectora subvencionada.\u00a0Somos unos pocos amigos ayudando a perros y gatos en situaciones l\u00edmite con el objetivo de devolverles la salud, la alegr\u00eda y la confianza en el ser humano.\u00a0Y por supuesto con la misi\u00f3n de encontrar para ellos a su nueva y definitiva familia.<\/p>\n<p style=\"text-align: justify;\">Nuestros medios econ\u00f3micos y humanos son muy limitados as\u00ed que nos resulta imposible llegar a todas partes.<\/p>\n<p>Informaci\u00f3n general<\/p>\n<p>sofia@elrefugioescuela.com<br \/>\nApartado de correos 54 \u2013 41930 Bormujos, Sevilla (Direcci\u00f3n postal).<\/p>\n<p>Adopciones:\u00a0adopciones@elrefugioescuela.com<\/p>\n<p>Adopciones de gatos:\u00a0gatos@elrefugioescuela.com<\/p>\n<p>Equipo de Voluntarios:\u00a0voluntariado@elrefugioescuela.com<\/p>\n<p>Apadrinamientos:\u00a0padrinos@elrefugioescuela.com<\/p>\n<a href=\"https:\/\/www.wallamascotas.com\/web3\/mascotas\/adoptar_perro_adoptar_mascota\/?filter_origen=sofia-el-refugio-escuela\" class=\"button primary is-primary is-medium\"  >\n    <span>VER PERROS EN ADOPCI\u00d3N DE LA ASOCIACI\u00d3N<\/span>\n  <\/a>\n\n<p style=\"text-align: center;\">***********************************************<\/p>\n<p>&nbsp;<\/p>\n<p><iframe loading=\"lazy\" title=\"El nuevo SOF\u00cdA El Refugio Escuela\" width=\"1020\" height=\"765\" src=\"https:\/\/www.youtube.com\/embed\/_gq3ziP1qdI?feature=oembed\" frameborder=\"0\" allow=\"accelerometer; autoplay; clipboard-write; encrypted-media; gyroscope; picture-in-picture\" allowfullscreen><\/iframe><\/p>\n<p>&nbsp;<\/p>\n<p><iframe loading=\"lazy\" title=\"La Gatera ??? Elrefugioescuela.com\" width=\"1020\" height=\"574\" src=\"https:\/\/www.youtube.com\/embed\/la-EUNeHJOA?feature=oembed\" frameborder=\"0\" allow=\"accelerometer; autoplay; clipboard-write; encrypted-media; gyroscope; picture-in-picture\" allowfullscreen><\/iframe><\/p>\n","protected":false},"excerpt":{"rendered":"<p>&nbsp;<\/p>\n<p>&nbsp;<\/p>\n","protected":false},"featured_media":6178,"template":"","meta":{"_acf_changed":false},"product_brand":[],"product_cat":[1000,1798],"product_tag":[],"class_list":{"0":"post-6172","1":"product","2":"type-product","3":"status-publish","4":"has-post-thumbnail","6":"product_cat-adoptar-perro-gato-adoptar-mascota-es","7":"product_cat-asociaciones","8":"pa_origen-sofia-el-refugio-escuela","9":"pa_pais-espana","10":"pa_provincia-sevilla","12":"first","13":"instock","14":"taxable","15":"shipping-taxable","16":"product-type-simple"},"acf":[],"_links":{"self":[{"href":"https:\/\/www.wallamascotas.com\/web3\/wp-json\/wp\/v2\/product\/6172","targetHints":{"allow":["GET"]}}],"collection":[{"href":"https:\/\/www.wallamascotas.com\/web3\/wp-json\/wp\/v2\/product"}],"about":[{"href":"https:\/\/www.wallamascotas.com\/web3\/wp-json\/wp\/v2\/types\/product"}],"wp:featuredmedia":[{"embeddable":true,"href":"https:\/\/www.wallamascotas.com\/web3\/wp-json\/wp\/v2\/media\/6178"}],"wp:attachment":[{"href":"https:\/\/www.wallamascotas.com\/web3\/wp-json\/wp\/v2\/media?parent=6172"}],"wp:term":[{"taxonomy":"product_brand","embeddable":true,"href":"https:\/\/www.wallamascotas.com\/web3\/wp-json\/wp\/v2\/product_brand?post=6172"},{"taxonomy":"product_cat","embeddable":true,"href":"https:\/\/www.wallamascotas.com\/web3\/wp-json\/wp\/v2\/product_cat?post=6172"},{"taxonomy":"product_tag","embeddable":true,"href":"https:\/\/www.wallamascotas.com\/web3\/wp-json\/wp\/v2\/product_tag?post=6172"}],"curies":[{"name":"wp","href":"https:\/\/api.w.org\/{rel}","templated":true}]}}