{"id":6237,"date":"2018-08-23T11:54:04","date_gmt":"2018-08-23T11:54:04","guid":{"rendered":"http:\/\/www.wallamascotas.com\/web3\/?post_type=product&#038;p=6237"},"modified":"2026-03-25T18:20:09","modified_gmt":"2026-03-25T18:20:09","slug":"dora-4-anos-murcis","status":"publish","type":"product","link":"https:\/\/www.wallamascotas.com\/web3\/mascota\/dora-4-anos-murcis\/","title":{"rendered":"DORA \u2013 4 A\u00d1OS"},"content":{"rendered":"<p><span style=\"color: #33cccc; font-size: 130%;\"><strong>ADOPTADA<\/strong><\/span><\/p>\n<p>Dora fue rescatada de la calle, desde entonces ha pasado mucho tiempo en residencias y casas de acogida necesita una familia definitiva que sea responsable y la cuide como merece, es muy cari\u00f1osa, le gusta la compa\u00f1\u00eda y se lleva bien con los dem\u00e1s perros.<\/p>\n","protected":false},"excerpt":{"rendered":"<p style=\"text-align: justify;\"><span style=\"color: #33cccc;\"><strong>ADOPTADA<\/strong><\/span><\/p>\n","protected":false},"featured_media":0,"template":"","meta":{"_acf_changed":false},"product_brand":[],"product_cat":[51,1000],"product_tag":[],"class_list":{"0":"post-6237","1":"product","2":"type-product","3":"status-publish","5":"product_cat-adoptados","6":"product_cat-adoptar-perro-gato-adoptar-mascota-es","7":"pa_chip-si","8":"pa_fecha_nacimiento-4-anos","9":"pa_fecha-alta-23-08-2018","10":"pa_origen-particular","11":"pa_pais-espana","12":"pa_provincia-murcia","13":"pa_sexo-hembra","14":"pa_tamano-c","16":"first","17":"instock","18":"taxable","19":"shipping-taxable","20":"product-type-simple"},"acf":[],"_links":{"self":[{"href":"https:\/\/www.wallamascotas.com\/web3\/wp-json\/wp\/v2\/product\/6237","targetHints":{"allow":["GET"]}}],"collection":[{"href":"https:\/\/www.wallamascotas.com\/web3\/wp-json\/wp\/v2\/product"}],"about":[{"href":"https:\/\/www.wallamascotas.com\/web3\/wp-json\/wp\/v2\/types\/product"}],"wp:attachment":[{"href":"https:\/\/www.wallamascotas.com\/web3\/wp-json\/wp\/v2\/media?parent=6237"}],"wp:term":[{"taxonomy":"product_brand","embeddable":true,"href":"https:\/\/www.wallamascotas.com\/web3\/wp-json\/wp\/v2\/product_brand?post=6237"},{"taxonomy":"product_cat","embeddable":true,"href":"https:\/\/www.wallamascotas.com\/web3\/wp-json\/wp\/v2\/product_cat?post=6237"},{"taxonomy":"product_tag","embeddable":true,"href":"https:\/\/www.wallamascotas.com\/web3\/wp-json\/wp\/v2\/product_tag?post=6237"}],"curies":[{"name":"wp","href":"https:\/\/api.w.org\/{rel}","templated":true}]}}