{"id":6278,"date":"2018-08-28T14:17:06","date_gmt":"2018-08-28T14:17:06","guid":{"rendered":"http:\/\/www.wallamascotas.com\/web3\/?post_type=product&#038;p=6278"},"modified":"2026-03-25T18:20:09","modified_gmt":"2026-03-25T18:20:09","slug":"viruta-2-anos-sevilla","status":"publish","type":"product","link":"https:\/\/www.wallamascotas.com\/web3\/mascota\/viruta-2-anos-sevilla\/","title":{"rendered":"VIRUTA \u2013 2 A\u00d1OS"},"content":{"rendered":"<p><span style=\"color: #33cccc; font-size: 130%;\"><strong>ADOPTADA<\/strong><\/span><\/p>\n<p>Viruta naci\u00f3 aproximadamente en Septiembre de 2016 y es de tama\u00f1o peque\u00f1o.<\/p>\n<p>La vida de Viruta no ha sido nada f\u00e1cil; le ha tocado vivir un de los episodios m\u00e1s temibles por los que puede pasar un perro.<\/p>\n<p>Viruta, junto con su compa\u00f1era Tuerca, es v\u00edctima del llamado \u201cS\u00edndrome de No\u00e9\u201d; un desorden psiqui\u00e1trico que afecta a personas y que consiste en acumular un gran n\u00famero de animales de compa\u00f1\u00eda en casa sin proporcionarles los m\u00ednimos cuidados.<\/p>\n<p>Ambas fueron rescatadas de esta vida en condiciones p\u00e9simas; estaban esquel\u00e9ticas, deshidratadas, llenas de par\u00e1sitos y muy sucias y descuidadas.<\/p>\n<p>Lo primero que hicimos es un chequeo completo en el veterinario, ba\u00f1os calientes y llenar barriguitas. Lo peor fue verlas aterradas, ya que nunca hab\u00edan salido a la calle, viv\u00edan encerradas en una casa, sin apenas tomar el aire ni la luz del sol y por supuesto sin contacto alguno con personas.<\/p>\n<p>La buena noticia fue que, a pesar de todo, Tuerca y Viruta estaban sanas. As\u00ed que nos pusimos manos a la obra para poder rehabilitarles ese coranzoncito mal herido y llen\u00e1rselos de amor y cari\u00f1o.<\/p>\n<p>Viruta est\u00e1 cada d\u00eda m\u00e1s sociable, m\u00e1s confiada y m\u00e1s adaptada a la vida en sociedad en el refugio.<\/p>\n<p>Trabajamos con ella poco a poco y todos los d\u00edas, d\u00e1ndole su tiempo y sobretodo d\u00e1ndole mucha confianza y cari\u00f1o.<\/p>\n<p>Est\u00e1 experimentando todo por primera vez; las caricias, los abrazos, las cosquillas relajantes para que conf\u00ede y disfrute de nuestra compa\u00f1\u00eda\u2026<\/p>\n<p>\u00a1Incluso ya ha aprendido a jugar con pelotas!<\/p>\n<p>Viruta est\u00e1 consiguiendo vencer el miedo y nosotros estamos muy contentos de haberle salvado la vida a las dos y ver como cada d\u00eda son un poco m\u00e1s felices. Ahora lo que necesita es seguir evolucionando en una casa junto a una familia que contin\u00fae con nuestra labor.<\/p>\n<p>Necesitamos una familia dispuesta a tener mucho amor para ofrecer y, ante todo, mucha comprensi\u00f3n.<\/p>\n","protected":false},"excerpt":{"rendered":"<p style=\"text-align: justify;\"><span style=\"color: #33cccc;\"><strong>ADOPTADA.<\/strong><\/span> Muy sociable<\/p>\n","protected":false},"featured_media":0,"template":"","meta":{"_acf_changed":false},"product_brand":[],"product_cat":[51,1000],"product_tag":[],"class_list":{"0":"post-6278","1":"product","2":"type-product","3":"status-publish","5":"product_cat-adoptados","6":"product_cat-adoptar-perro-gato-adoptar-mascota-es","7":"pa_chip-si","8":"pa_fecha_nacimiento-2-anos","9":"pa_fecha-alta-28-08-18","10":"pa_origen-sofia-el-refugio-escuela","11":"pa_pais-espana","12":"pa_provincia-sevilla","13":"pa_sexo-hembra","14":"pa_tamano-b","16":"first","17":"instock","18":"taxable","19":"shipping-taxable","20":"product-type-simple"},"acf":[],"_links":{"self":[{"href":"https:\/\/www.wallamascotas.com\/web3\/wp-json\/wp\/v2\/product\/6278","targetHints":{"allow":["GET"]}}],"collection":[{"href":"https:\/\/www.wallamascotas.com\/web3\/wp-json\/wp\/v2\/product"}],"about":[{"href":"https:\/\/www.wallamascotas.com\/web3\/wp-json\/wp\/v2\/types\/product"}],"wp:attachment":[{"href":"https:\/\/www.wallamascotas.com\/web3\/wp-json\/wp\/v2\/media?parent=6278"}],"wp:term":[{"taxonomy":"product_brand","embeddable":true,"href":"https:\/\/www.wallamascotas.com\/web3\/wp-json\/wp\/v2\/product_brand?post=6278"},{"taxonomy":"product_cat","embeddable":true,"href":"https:\/\/www.wallamascotas.com\/web3\/wp-json\/wp\/v2\/product_cat?post=6278"},{"taxonomy":"product_tag","embeddable":true,"href":"https:\/\/www.wallamascotas.com\/web3\/wp-json\/wp\/v2\/product_tag?post=6278"}],"curies":[{"name":"wp","href":"https:\/\/api.w.org\/{rel}","templated":true}]}}