{"id":6289,"date":"2018-08-28T14:33:18","date_gmt":"2018-08-28T14:33:18","guid":{"rendered":"http:\/\/www.wallamascotas.com\/web3\/?post_type=product&#038;p=6289"},"modified":"2026-03-25T18:20:09","modified_gmt":"2026-03-25T18:20:09","slug":"boody-1-ano-sevilla","status":"publish","type":"product","link":"https:\/\/www.wallamascotas.com\/web3\/mascota\/boody-1-ano-sevilla\/","title":{"rendered":"BOODY \u2013 1 A\u00d1O"},"content":{"rendered":"<p><span style=\"color: #33cccc; font-size: 130%;\"><strong>ADOPTADO<\/strong><\/span><\/p>\n<p>Boody naci\u00f3 en junio de 2017 y es un guap\u00edsimo shar pei en busca de una segunda oportunidad en la vida.<\/p>\n<p>La cicatriz de su cara se debe al ataque de otro perro cuando solo era un cachorr\u00edn, pero eso no le impide ser el perrito m\u00e1s guapo, simp\u00e1tico y cari\u00f1oso del mundo.<br \/>\nBoody se lleva estupendamente con el resto de perros, es sociable, juguet\u00f3n y le encanta hacer amigos de 4 patas en el parque.<br \/>\nEn casa se porta genial, es un chico educado, obediente y muy bueno.<\/p>\n","protected":false},"excerpt":{"rendered":"<p style=\"text-align: justify;\"><span style=\"color: #33cccc;\"><strong>ADOPTADO.<\/strong><\/span> Guap\u00edsimo Shar Pei en busca de hogar<\/p>\n","protected":false},"featured_media":0,"template":"","meta":{"_acf_changed":false},"product_brand":[],"product_cat":[51,1000],"product_tag":[],"class_list":{"0":"post-6289","1":"product","2":"type-product","3":"status-publish","5":"product_cat-adoptados","6":"product_cat-adoptar-perro-gato-adoptar-mascota-es","7":"pa_chip-si","8":"pa_fecha_nacimiento-1-ano","9":"pa_fecha-alta-28-08-18","10":"pa_origen-sofia-el-refugio-escuela","11":"pa_pais-espana","12":"pa_provincia-sevilla","13":"pa_sexo-macho","14":"pa_tamano-c","16":"first","17":"instock","18":"taxable","19":"shipping-taxable","20":"product-type-simple"},"acf":[],"_links":{"self":[{"href":"https:\/\/www.wallamascotas.com\/web3\/wp-json\/wp\/v2\/product\/6289","targetHints":{"allow":["GET"]}}],"collection":[{"href":"https:\/\/www.wallamascotas.com\/web3\/wp-json\/wp\/v2\/product"}],"about":[{"href":"https:\/\/www.wallamascotas.com\/web3\/wp-json\/wp\/v2\/types\/product"}],"wp:attachment":[{"href":"https:\/\/www.wallamascotas.com\/web3\/wp-json\/wp\/v2\/media?parent=6289"}],"wp:term":[{"taxonomy":"product_brand","embeddable":true,"href":"https:\/\/www.wallamascotas.com\/web3\/wp-json\/wp\/v2\/product_brand?post=6289"},{"taxonomy":"product_cat","embeddable":true,"href":"https:\/\/www.wallamascotas.com\/web3\/wp-json\/wp\/v2\/product_cat?post=6289"},{"taxonomy":"product_tag","embeddable":true,"href":"https:\/\/www.wallamascotas.com\/web3\/wp-json\/wp\/v2\/product_tag?post=6289"}],"curies":[{"name":"wp","href":"https:\/\/api.w.org\/{rel}","templated":true}]}}