{"id":6440,"date":"2018-09-03T17:29:21","date_gmt":"2018-09-03T17:29:21","guid":{"rendered":"http:\/\/www.wallamascotas.com\/web3\/?post_type=product&#038;p=6440"},"modified":"2026-03-25T18:20:09","modified_gmt":"2026-03-25T18:20:09","slug":"kitty-4-meses-toledo","status":"publish","type":"product","link":"https:\/\/www.wallamascotas.com\/web3\/mascota\/kitty-4-meses-toledo\/","title":{"rendered":"KITTY \u2013 4 MESES"},"content":{"rendered":"<p><span style=\"color: #33cccc; font-size: 130%;\"><strong>ADOPTADA<\/strong><\/span><br \/>\nRescatamos a la mam\u00e1 cuando estaba a punto de dar a luz, naci\u00f3 el 20 de Marzo 2018.<br \/>\nLa madre pesa 10kg, es de tama\u00f1o peque\u00f1o, el padre no le conocemos.<br \/>\nEs muy cari\u00f1osas, alegre y sociable tanto con gatos como con otros perros.<br \/>\nSe dan con chip, vacuna, desparasitadas interna y externamente y con compromiso de esterilizaci\u00f3n. Est\u00e1n en Talavera, Toledo.espa\u00f1a . Hay que venir a por ella.<\/p>\n","protected":false},"excerpt":{"rendered":"<p style=\"text-align: justify;\"><span style=\"color: #33cccc;\"><strong>ADOPTADA.<\/strong><\/span> Muy cari\u00f1osa<\/p>\n","protected":false},"featured_media":0,"template":"","meta":{"_acf_changed":false},"product_brand":[],"product_cat":[51,1000],"product_tag":[],"class_list":{"0":"post-6440","1":"product","2":"type-product","3":"status-publish","5":"product_cat-adoptados","6":"product_cat-adoptar-perro-gato-adoptar-mascota-es","7":"pa_fecha_nacimiento-4-meses","8":"pa_fecha-alta-02-09-18","9":"pa_origen-asociacion-abrazo-rescate-animal","10":"pa_pais-espana","11":"pa_provincia-toledo","12":"pa_tamano-b","14":"first","15":"instock","16":"taxable","17":"shipping-taxable","18":"product-type-simple"},"acf":[],"_links":{"self":[{"href":"https:\/\/www.wallamascotas.com\/web3\/wp-json\/wp\/v2\/product\/6440","targetHints":{"allow":["GET"]}}],"collection":[{"href":"https:\/\/www.wallamascotas.com\/web3\/wp-json\/wp\/v2\/product"}],"about":[{"href":"https:\/\/www.wallamascotas.com\/web3\/wp-json\/wp\/v2\/types\/product"}],"wp:attachment":[{"href":"https:\/\/www.wallamascotas.com\/web3\/wp-json\/wp\/v2\/media?parent=6440"}],"wp:term":[{"taxonomy":"product_brand","embeddable":true,"href":"https:\/\/www.wallamascotas.com\/web3\/wp-json\/wp\/v2\/product_brand?post=6440"},{"taxonomy":"product_cat","embeddable":true,"href":"https:\/\/www.wallamascotas.com\/web3\/wp-json\/wp\/v2\/product_cat?post=6440"},{"taxonomy":"product_tag","embeddable":true,"href":"https:\/\/www.wallamascotas.com\/web3\/wp-json\/wp\/v2\/product_tag?post=6440"}],"curies":[{"name":"wp","href":"https:\/\/api.w.org\/{rel}","templated":true}]}}