{"id":6454,"date":"2018-09-03T17:42:00","date_gmt":"2018-09-03T17:42:00","guid":{"rendered":"http:\/\/www.wallamascotas.com\/web3\/?post_type=product&#038;p=6454"},"modified":"2026-03-25T18:20:09","modified_gmt":"2026-03-25T18:20:09","slug":"ringo-1-ano-toledo","status":"publish","type":"product","link":"https:\/\/www.wallamascotas.com\/web3\/mascota\/ringo-1-ano-toledo\/","title":{"rendered":"RINGO \u2013 1 A\u00d1O"},"content":{"rendered":"<p><span style=\"color: #33cccc;\"><strong><span style=\"font-size: 130%;\">ADOPTADO<\/span><\/strong><\/span><\/p>\n<p>?RINGO EN ADOPCI\u00d3N ? Se ha pasado toda su vida atado ?y ahora en su acogida esta conociendo lo que es vivir en una casa y en familia?, es de tama\u00f1o peque\u00f1o, pesa 9 kilos, tiene 1 a\u00f1o Muy cari\u00f1oso y sociable con perros y personas. Est\u00e1 cerca de Madrid (Espa\u00f1a). Hay que venir a por \u00e9l. Si est\u00e1s interesado en darle un hogar para siempre<\/p>\n","protected":false},"excerpt":{"rendered":"<p style=\"text-align: justify;\"><span style=\"color: #33cccc;\"><strong>ADOPTADO.<\/strong><\/span> Busca un hogar<\/p>\n","protected":false},"featured_media":0,"template":"","meta":{"_acf_changed":false},"product_brand":[],"product_cat":[51,1000],"product_tag":[],"class_list":{"0":"post-6454","1":"product","2":"type-product","3":"status-publish","5":"product_cat-adoptados","6":"product_cat-adoptar-perro-gato-adoptar-mascota-es","7":"pa_fecha_nacimiento-1-ano","8":"pa_fecha-alta-02-09-18","9":"pa_origen-asociacion-abrazo-rescate-animal","10":"pa_pais-espana","11":"pa_provincia-toledo","12":"pa_tamano-b","14":"first","15":"instock","16":"taxable","17":"shipping-taxable","18":"product-type-simple"},"acf":[],"_links":{"self":[{"href":"https:\/\/www.wallamascotas.com\/web3\/wp-json\/wp\/v2\/product\/6454","targetHints":{"allow":["GET"]}}],"collection":[{"href":"https:\/\/www.wallamascotas.com\/web3\/wp-json\/wp\/v2\/product"}],"about":[{"href":"https:\/\/www.wallamascotas.com\/web3\/wp-json\/wp\/v2\/types\/product"}],"wp:attachment":[{"href":"https:\/\/www.wallamascotas.com\/web3\/wp-json\/wp\/v2\/media?parent=6454"}],"wp:term":[{"taxonomy":"product_brand","embeddable":true,"href":"https:\/\/www.wallamascotas.com\/web3\/wp-json\/wp\/v2\/product_brand?post=6454"},{"taxonomy":"product_cat","embeddable":true,"href":"https:\/\/www.wallamascotas.com\/web3\/wp-json\/wp\/v2\/product_cat?post=6454"},{"taxonomy":"product_tag","embeddable":true,"href":"https:\/\/www.wallamascotas.com\/web3\/wp-json\/wp\/v2\/product_tag?post=6454"}],"curies":[{"name":"wp","href":"https:\/\/api.w.org\/{rel}","templated":true}]}}