{"id":6547,"date":"2018-09-09T19:04:35","date_gmt":"2018-09-09T19:04:35","guid":{"rendered":"http:\/\/www.wallamascotas.com\/web3\/?post_type=product&#038;p=6547"},"modified":"2026-03-25T18:20:09","modified_gmt":"2026-03-25T18:20:09","slug":"sol-35-meses-cadiz","status":"publish","type":"product","link":"https:\/\/www.wallamascotas.com\/web3\/mascota\/sol-35-meses-cadiz\/","title":{"rendered":"SOL \u2013 3,5 MESES"},"content":{"rendered":"<p><span style=\"color: #33cccc; font-size: 130%;\"><strong>RESERVADA<\/strong><\/span><\/p>\n<p>Esta preciosidad es muy cari\u00f1osa y sociable. se lleva bien con otros perros , gatos y una compa\u00f1era ideal para ni\u00f1os-<br \/>\nse encuentra en jerez .cadiz<br \/>\npara adoptarla :se entrega con contrato de adopcion , vacuna ,chip, pasaporte, compromiso de esterilizacion, seguimiento, desparasitada \u00a0y se envia por todas las provincias de espa\u00f1a.<br \/>\nSi deseas adoptarla escribenos un correo electronico indicando adoptar a sol y tus datos<\/p>\n","protected":false},"excerpt":{"rendered":"<p style=\"text-align: justify;\"><span style=\"color: #33cccc;\"><strong>ADOPTADA.<\/strong><\/span> Es muy cari\u00f1oso y sociable<\/p>\n","protected":false},"featured_media":0,"template":"","meta":{"_acf_changed":false},"product_brand":[],"product_cat":[51,1000],"product_tag":[],"class_list":{"0":"post-6547","1":"product","2":"type-product","3":"status-publish","5":"product_cat-adoptados","6":"product_cat-adoptar-perro-gato-adoptar-mascota-es","7":"pa_chip-si","8":"pa_fecha_nacimiento-35-meses","9":"pa_fecha-alta-09-09-18","10":"pa_origen-asociacion-maskeperros","11":"pa_pais-espana","12":"pa_provincia-cadiz","13":"pa_sexo-hembra","14":"pa_tamano-b","16":"first","17":"instock","18":"taxable","19":"shipping-taxable","20":"product-type-simple"},"acf":[],"_links":{"self":[{"href":"https:\/\/www.wallamascotas.com\/web3\/wp-json\/wp\/v2\/product\/6547","targetHints":{"allow":["GET"]}}],"collection":[{"href":"https:\/\/www.wallamascotas.com\/web3\/wp-json\/wp\/v2\/product"}],"about":[{"href":"https:\/\/www.wallamascotas.com\/web3\/wp-json\/wp\/v2\/types\/product"}],"wp:attachment":[{"href":"https:\/\/www.wallamascotas.com\/web3\/wp-json\/wp\/v2\/media?parent=6547"}],"wp:term":[{"taxonomy":"product_brand","embeddable":true,"href":"https:\/\/www.wallamascotas.com\/web3\/wp-json\/wp\/v2\/product_brand?post=6547"},{"taxonomy":"product_cat","embeddable":true,"href":"https:\/\/www.wallamascotas.com\/web3\/wp-json\/wp\/v2\/product_cat?post=6547"},{"taxonomy":"product_tag","embeddable":true,"href":"https:\/\/www.wallamascotas.com\/web3\/wp-json\/wp\/v2\/product_tag?post=6547"}],"curies":[{"name":"wp","href":"https:\/\/api.w.org\/{rel}","templated":true}]}}