{"id":6575,"date":"2018-09-11T10:35:58","date_gmt":"2018-09-11T10:35:58","guid":{"rendered":"http:\/\/www.wallamascotas.com\/web3\/?post_type=product&#038;p=6575"},"modified":"2026-03-25T18:20:09","modified_gmt":"2026-03-25T18:20:09","slug":"ewalu-3-meses-cadiz","status":"publish","type":"product","link":"https:\/\/www.wallamascotas.com\/web3\/mascota\/ewalu-3-meses-cadiz\/","title":{"rendered":"EWALU \u2013 3 MESES"},"content":{"rendered":"<p><span style=\"color: #33cccc; font-size: 130%;\"><strong>ADOPTADO<\/strong><\/span><\/p>\n<p>Nombre: Zero<\/p>\n<p>MUY CARI\u00d1OSA Y SOCIABLE , SE LLEVA MUY BIEN CON OTROS PERROS , GATOS Y UNA COMPA\u00d1ERA IDEAL PARA NI\u00d1OS .<\/p>\n<p>SE ENTREGA CON CONTRATO DE ADOPCION , VACUNAS ,CHIP,PASAPORTE, COMPROMISO DE ESTERILIZACION , DESPARASITADA\u00a0 Y SE ENVIA POR TODAS LAS PROVINCIAS DE ESPA\u00d1A .<\/p>\n<p>SI DESEAS ADOPTARLA PUEDES ENVIAR UN CORREO ELETRONICO Y TUS DATOS :<\/p>\n<p><a href=\"mailto:-Contacto@maskeperros.es\">-Contacto@maskeperros.es<\/a><\/p>\n<p>TAMBIEN PUEDES VISITARLA A TRAVES DE N UESTRA PAGINA WEB\u00a0 Y DEJARNOS TU MENSAJE :<\/p>\n<p><a href=\"http:\/\/www.maskeperros.es\">www.maskeperros.es<\/a><\/p>\n","protected":false},"excerpt":{"rendered":"<p style=\"text-align: justify;\"><span style=\"color: #33cccc;\"><strong>ADOPTADO.<\/strong><\/span> Muy cari\u00f1oso y sociable<\/p>\n","protected":false},"featured_media":0,"template":"","meta":{"_acf_changed":false},"product_brand":[],"product_cat":[51,1000],"product_tag":[],"class_list":{"0":"post-6575","1":"product","2":"type-product","3":"status-publish","5":"product_cat-adoptados","6":"product_cat-adoptar-perro-gato-adoptar-mascota-es","7":"pa_chip-si","8":"pa_fecha_nacimiento-3-meses","9":"pa_fecha-alta-11-09-2018","10":"pa_origen-asociacion-maskeperros","11":"pa_pais-espana","12":"pa_provincia-cadiz","13":"pa_sexo-hembra","14":"pa_tamano-c","16":"first","17":"instock","18":"taxable","19":"shipping-taxable","20":"product-type-simple"},"acf":[],"_links":{"self":[{"href":"https:\/\/www.wallamascotas.com\/web3\/wp-json\/wp\/v2\/product\/6575","targetHints":{"allow":["GET"]}}],"collection":[{"href":"https:\/\/www.wallamascotas.com\/web3\/wp-json\/wp\/v2\/product"}],"about":[{"href":"https:\/\/www.wallamascotas.com\/web3\/wp-json\/wp\/v2\/types\/product"}],"wp:attachment":[{"href":"https:\/\/www.wallamascotas.com\/web3\/wp-json\/wp\/v2\/media?parent=6575"}],"wp:term":[{"taxonomy":"product_brand","embeddable":true,"href":"https:\/\/www.wallamascotas.com\/web3\/wp-json\/wp\/v2\/product_brand?post=6575"},{"taxonomy":"product_cat","embeddable":true,"href":"https:\/\/www.wallamascotas.com\/web3\/wp-json\/wp\/v2\/product_cat?post=6575"},{"taxonomy":"product_tag","embeddable":true,"href":"https:\/\/www.wallamascotas.com\/web3\/wp-json\/wp\/v2\/product_tag?post=6575"}],"curies":[{"name":"wp","href":"https:\/\/api.w.org\/{rel}","templated":true}]}}