{"id":6688,"date":"2018-09-18T18:24:40","date_gmt":"2018-09-18T18:24:40","guid":{"rendered":"http:\/\/www.wallamascotas.com\/web3\/?post_type=product&#038;p=6688"},"modified":"2026-03-25T18:20:09","modified_gmt":"2026-03-25T18:20:09","slug":"akane-3-meses-murcia","status":"publish","type":"product","link":"https:\/\/www.wallamascotas.com\/web3\/mascota\/akane-3-meses-murcia\/","title":{"rendered":"AKANE \u2013 3 MESES"},"content":{"rendered":"<p><span style=\"color: #33cccc; font-size: 130%;\"><strong>ADOPTADO<\/strong><\/span><\/p>\n<p>AKANE (macho)<br \/>\nPero mira que es bello este gato. \u00bfOs hab\u00e9is fijado en sus ojos? Hipnotizan, y no s\u00f3lo eso, tiene un car\u00e1cter afable, juguet\u00f3n, se deja acariciar, aun as\u00ed nadie pregunta por \u00e9l&#8230;<br \/>\nQu\u00e9 gato m\u00e1s elegante. Un panterita en toda regla, negro azabache, ojos verdes y carita redonda.<br \/>\nSi necesitas un gato con clase, este es el tuyo, todo un bomb\u00f3n.<br \/>\nVenga, vamos an\u00edmate y dale una oportunidad a esta preciosidad ?<br \/>\nSe entrega con contrato de adopci\u00f3n: chip, vacuna, desparasitaci\u00f3n interna y externa y con compromiso de castraci\u00f3n.<\/p>\n<p>Adem\u00e1s hay un evento en Facebook llamado: Mirta, gatita con sus beb\u00e9s en adopci\u00f3n; en el que puedes ver m\u00e1s fotos y v\u00eddeos de ella y de sus otros hermanos tambi\u00e9n en adopci\u00f3n.<\/p>\n","protected":false},"excerpt":{"rendered":"<p style=\"text-align: justify;\"><span style=\"color: #33cccc;\"><strong>ADOPTADO.<\/strong><\/span> Busca hogar<\/p>\n","protected":false},"featured_media":0,"template":"","meta":{"_acf_changed":false},"product_brand":[],"product_cat":[51,1000],"product_tag":[],"class_list":{"0":"post-6688","1":"product","2":"type-product","3":"status-publish","5":"product_cat-adoptados","6":"product_cat-adoptar-perro-gato-adoptar-mascota-es","7":"pa_chip-si","8":"pa_fecha_nacimiento-3-meses","9":"pa_fecha-alta-02-09-18","10":"pa_origen-particular","11":"pa_pais-espana","12":"pa_provincia-murcia","13":"pa_sexo-hembra","15":"first","16":"instock","17":"taxable","18":"shipping-taxable","19":"product-type-simple"},"acf":[],"_links":{"self":[{"href":"https:\/\/www.wallamascotas.com\/web3\/wp-json\/wp\/v2\/product\/6688","targetHints":{"allow":["GET"]}}],"collection":[{"href":"https:\/\/www.wallamascotas.com\/web3\/wp-json\/wp\/v2\/product"}],"about":[{"href":"https:\/\/www.wallamascotas.com\/web3\/wp-json\/wp\/v2\/types\/product"}],"wp:attachment":[{"href":"https:\/\/www.wallamascotas.com\/web3\/wp-json\/wp\/v2\/media?parent=6688"}],"wp:term":[{"taxonomy":"product_brand","embeddable":true,"href":"https:\/\/www.wallamascotas.com\/web3\/wp-json\/wp\/v2\/product_brand?post=6688"},{"taxonomy":"product_cat","embeddable":true,"href":"https:\/\/www.wallamascotas.com\/web3\/wp-json\/wp\/v2\/product_cat?post=6688"},{"taxonomy":"product_tag","embeddable":true,"href":"https:\/\/www.wallamascotas.com\/web3\/wp-json\/wp\/v2\/product_tag?post=6688"}],"curies":[{"name":"wp","href":"https:\/\/api.w.org\/{rel}","templated":true}]}}