{"id":6890,"date":"2018-10-01T08:46:22","date_gmt":"2018-10-01T08:46:22","guid":{"rendered":"http:\/\/www.wallamascotas.com\/web3\/?post_type=product&#038;p=6890"},"modified":"2026-03-25T18:20:09","modified_gmt":"2026-03-25T18:20:09","slug":"lupe-1-mes-cadiz","status":"publish","type":"product","link":"https:\/\/www.wallamascotas.com\/web3\/mascota\/lupe-1-mes-cadiz\/","title":{"rendered":"LUPE \u2013 1 MES"},"content":{"rendered":"<p><span style=\"color: #33cccc; font-size: 130%;\"><strong>PREADOPTADA<\/strong><\/span><\/p>\n<p>Lupe es una linda gatita rescatada en la basura junto a sus hermanos.<br \/>\nEsta en jerez.<br \/>\nSe entrega con contrato de adopci\u00f3n , vacuna , chip, pasaporte,compromiso de esterilizaci\u00f3n, seguimiento, desparasitada , y se env\u00eda por todas las provincias de espa\u00f1a .<br \/>\nSi deseas adoptarla escribenos un correo electronico indicando adoptar a Lupe y tus datos<\/p>\n","protected":false},"excerpt":{"rendered":"<p style=\"text-align: justify;\"><span style=\"color: #33cccc;\"><strong>PREADOPTADA.<\/strong><\/span> Rescatada en la basura<\/p>\n","protected":false},"featured_media":0,"template":"","meta":{"_acf_changed":false},"product_brand":[],"product_cat":[51,1000],"product_tag":[],"class_list":{"0":"post-6890","1":"product","2":"type-product","3":"status-publish","5":"product_cat-adoptados","6":"product_cat-adoptar-perro-gato-adoptar-mascota-es","7":"pa_chip-si","8":"pa_fecha-alta-01-09-2018","9":"pa_origen-asociacion-maskeperros","10":"pa_pais-espana","11":"pa_provincia-cadiz","12":"pa_sexo-hembra","13":"pa_tamano-c","15":"first","16":"instock","17":"taxable","18":"shipping-taxable","19":"product-type-simple"},"acf":[],"_links":{"self":[{"href":"https:\/\/www.wallamascotas.com\/web3\/wp-json\/wp\/v2\/product\/6890","targetHints":{"allow":["GET"]}}],"collection":[{"href":"https:\/\/www.wallamascotas.com\/web3\/wp-json\/wp\/v2\/product"}],"about":[{"href":"https:\/\/www.wallamascotas.com\/web3\/wp-json\/wp\/v2\/types\/product"}],"wp:attachment":[{"href":"https:\/\/www.wallamascotas.com\/web3\/wp-json\/wp\/v2\/media?parent=6890"}],"wp:term":[{"taxonomy":"product_brand","embeddable":true,"href":"https:\/\/www.wallamascotas.com\/web3\/wp-json\/wp\/v2\/product_brand?post=6890"},{"taxonomy":"product_cat","embeddable":true,"href":"https:\/\/www.wallamascotas.com\/web3\/wp-json\/wp\/v2\/product_cat?post=6890"},{"taxonomy":"product_tag","embeddable":true,"href":"https:\/\/www.wallamascotas.com\/web3\/wp-json\/wp\/v2\/product_tag?post=6890"}],"curies":[{"name":"wp","href":"https:\/\/api.w.org\/{rel}","templated":true}]}}