{"id":6921,"date":"2018-10-01T11:03:53","date_gmt":"2018-10-01T11:03:53","guid":{"rendered":"http:\/\/www.wallamascotas.com\/web3\/?post_type=product&#038;p=6921"},"modified":"2026-03-25T18:20:09","modified_gmt":"2026-03-25T18:20:09","slug":"joey-1-mes-cadiz","status":"publish","type":"product","link":"https:\/\/www.wallamascotas.com\/web3\/mascota\/joey-1-mes-cadiz\/","title":{"rendered":"JOEY \u2013 1 MES"},"content":{"rendered":"<p><span style=\"color: #33cccc; font-size: 130%;\"><strong>ADOPTADO<\/strong><\/span><\/p>\n<p>Joey esta en el puerto de santamaria<\/p>\n<p>Muy cari\u00f1oso, sociable, convive perfectamente con otros perros, gatos y un amor con\u00a0 ni\u00f1os .<\/p>\n<p>Se entrega con contrato de adopci\u00f3n, vacuna , chip, compromiso de castraci\u00f3n , desparasitadao, pasaporte ,seguimiento. Se env\u00eda por todas las provincias de espa\u00f1a .<\/p>\n<p>Si deseas adoptarlo\u00a0 puedes contactar con nosotras de las diferentes formas :<\/p>\n<p>&#8211; escribenos un correo electronico indicando adoptar a joey\u00a0 y tus datos -tambien puedes visitarlo\u00a0 a traves de nuestra pagina web y dejarnos tu<\/p>\n<p>Mensaje:<\/p>\n<p><a href=\"http:\/\/www.maskeperros.es\">www.maskeperros.es<\/a><\/p>\n","protected":false},"excerpt":{"rendered":"<p style=\"text-align: justify;\"><span style=\"color: #33cccc;\"><strong>ADOPTADO.<\/strong><\/span> Muy cari\u00f1oso y sociable<\/p>\n","protected":false},"featured_media":0,"template":"","meta":{"_acf_changed":false},"product_brand":[],"product_cat":[51,1000],"product_tag":[],"class_list":{"0":"post-6921","1":"product","2":"type-product","3":"status-publish","5":"product_cat-adoptados","6":"product_cat-adoptar-perro-gato-adoptar-mascota-es","7":"pa_chip-si","8":"pa_fecha-alta-01-09-2018","9":"pa_origen-asociacion-maskeperros","10":"pa_pais-espana","11":"pa_provincia-cadiz","12":"pa_sexo-macho","13":"pa_tamano-c","15":"first","16":"instock","17":"taxable","18":"shipping-taxable","19":"product-type-simple"},"acf":[],"_links":{"self":[{"href":"https:\/\/www.wallamascotas.com\/web3\/wp-json\/wp\/v2\/product\/6921","targetHints":{"allow":["GET"]}}],"collection":[{"href":"https:\/\/www.wallamascotas.com\/web3\/wp-json\/wp\/v2\/product"}],"about":[{"href":"https:\/\/www.wallamascotas.com\/web3\/wp-json\/wp\/v2\/types\/product"}],"wp:attachment":[{"href":"https:\/\/www.wallamascotas.com\/web3\/wp-json\/wp\/v2\/media?parent=6921"}],"wp:term":[{"taxonomy":"product_brand","embeddable":true,"href":"https:\/\/www.wallamascotas.com\/web3\/wp-json\/wp\/v2\/product_brand?post=6921"},{"taxonomy":"product_cat","embeddable":true,"href":"https:\/\/www.wallamascotas.com\/web3\/wp-json\/wp\/v2\/product_cat?post=6921"},{"taxonomy":"product_tag","embeddable":true,"href":"https:\/\/www.wallamascotas.com\/web3\/wp-json\/wp\/v2\/product_tag?post=6921"}],"curies":[{"name":"wp","href":"https:\/\/api.w.org\/{rel}","templated":true}]}}