{"id":6997,"date":"2018-10-03T14:23:30","date_gmt":"2018-10-03T14:23:30","guid":{"rendered":"http:\/\/www.wallamascotas.com\/web3\/?post_type=product&#038;p=6997"},"modified":"2018-10-22T16:14:24","modified_gmt":"2018-10-22T16:14:24","slug":"malaga-el-refugio-felino-de-leo","status":"publish","type":"product","link":"https:\/\/www.wallamascotas.com\/web3\/mascota\/malaga-el-refugio-felino-de-leo\/","title":{"rendered":"MALAGA"},"content":{"rendered":"<div style=\"text-align: justify;\">EL REFUGIO FELINO DE LEO<\/div>\n<div style=\"text-align: justify;\"><\/div>\n<div>\n<div dir=\"auto\" style=\"text-align: justify;\">Somos una asociaci\u00f3n de voluntarios que hemos creado un Refugio para Gatos sociables abandonados, perdidos, a la espera de su adopci\u00f3n Responsable. Contamos s\u00f3lo con la ayuda de las donaciones particulares para mantener los gastos del Refugio (alquiler, luz, agua, gastos veterinarios de los gatos, comida, desparasitaciones, castraciones, etc).<\/div>\n<div dir=\"auto\" style=\"text-align: justify;\">Actualmente, tenemos a nuestro cargo cerca de 80 gatos de todas las edades, tanto en el Refugio como en casas de acogida temporales de nuestros propios voluntarios.<\/div>\n<div dir=\"auto\" style=\"text-align: justify;\">Nuestro objetivo final es conseguir HOGARES ESTABLES para los gatos que temporalmente acogemos en nuestro refugio, rescatados de las calles o de abandonos particulares. para ello, necesitamos difusi\u00f3n de nuestras mascotas para conseguir esas adopciones finales.<\/div>\n<div dir=\"auto\" style=\"text-align: justify;\">Todos nuestros gatos se entregan con vacunas correspondientes, chipados y castrados si tienen la edad, as\u00ed como con coNTRATO DE ADOPCI\u00d3N y compromiso de seguimiento.<\/div>\n<\/div>\n<div style=\"text-align: justify;\"><\/div>\n<div style=\"text-align: justify;\"><\/div>\n<div>MALAGA<\/div>\n<a href=\"http:\/\/www.wallamascotas.com\/web3\/wallamascotas\/?filter_origen=el-refugio-felino-de-leo\" class=\"button primary is-primary is-medium\"  >\n    <span>VER MASCOTAS DE LA ASOCIACI\u00d3N<\/span>\n  <\/a>\n\n","protected":false},"excerpt":{"rendered":"<p>&nbsp;<\/p>\n<p>&nbsp;<\/p>\n","protected":false},"featured_media":6998,"template":"","meta":{"_acf_changed":false},"product_brand":[],"product_cat":[1000,1798],"product_tag":[],"class_list":{"0":"post-6997","1":"product","2":"type-product","3":"status-publish","4":"has-post-thumbnail","6":"product_cat-adoptar-perro-gato-adoptar-mascota-es","7":"product_cat-asociaciones","8":"pa_origen-el-refugio-felino-de-leo","9":"pa_pais-espana","10":"pa_provincia-malaga","12":"first","13":"instock","14":"taxable","15":"shipping-taxable","16":"product-type-simple"},"acf":[],"_links":{"self":[{"href":"https:\/\/www.wallamascotas.com\/web3\/wp-json\/wp\/v2\/product\/6997","targetHints":{"allow":["GET"]}}],"collection":[{"href":"https:\/\/www.wallamascotas.com\/web3\/wp-json\/wp\/v2\/product"}],"about":[{"href":"https:\/\/www.wallamascotas.com\/web3\/wp-json\/wp\/v2\/types\/product"}],"wp:featuredmedia":[{"embeddable":true,"href":"https:\/\/www.wallamascotas.com\/web3\/wp-json\/wp\/v2\/media\/6998"}],"wp:attachment":[{"href":"https:\/\/www.wallamascotas.com\/web3\/wp-json\/wp\/v2\/media?parent=6997"}],"wp:term":[{"taxonomy":"product_brand","embeddable":true,"href":"https:\/\/www.wallamascotas.com\/web3\/wp-json\/wp\/v2\/product_brand?post=6997"},{"taxonomy":"product_cat","embeddable":true,"href":"https:\/\/www.wallamascotas.com\/web3\/wp-json\/wp\/v2\/product_cat?post=6997"},{"taxonomy":"product_tag","embeddable":true,"href":"https:\/\/www.wallamascotas.com\/web3\/wp-json\/wp\/v2\/product_tag?post=6997"}],"curies":[{"name":"wp","href":"https:\/\/api.w.org\/{rel}","templated":true}]}}