{"id":7007,"date":"2018-10-04T11:09:56","date_gmt":"2018-10-04T11:09:56","guid":{"rendered":"http:\/\/www.wallamascotas.com\/web3\/?post_type=product&#038;p=7007"},"modified":"2026-03-25T18:20:09","modified_gmt":"2026-03-25T18:20:09","slug":"sevilla-1-mes-cadiz","status":"publish","type":"product","link":"https:\/\/www.wallamascotas.com\/web3\/mascota\/sevilla-1-mes-cadiz\/","title":{"rendered":"SEVILLA \u2013 1 MES"},"content":{"rendered":"<p><span style=\"color: #33cccc; font-size: 130%;\"><strong>ADOPTADA<\/strong><\/span><\/p>\n<p>SEVILLA EMBRUJO Y REINA DE ABRIL.<br \/>\nESTA PRECIOSIDAD ES CARI\u00d1OSA, SOCIABLE, CONVIVE CON OTROS PERROS, CON GATOS Y UN VERDADERO AMOR CON NI\u00d1OS.<br \/>\nESTA EN JEREZ.<br \/>\n-CONDICIONES PARA ADOPTAR: SE ENTREGA CON CONTRATO DE ADOPCI\u00d3N, VACUNA, CHIP, DESPARASITADA, COMPROMISO DE ESTERILIZACI\u00d3N, SEGUIMIENTO, PASAPORTE. SE ENV\u00cdA POR TODAS LAS PROVINCIAS DE ESPA\u00d1A.<br \/>\n-SI DESEAS ADOPTARLA ESCRIBENOS UN CORREO ELECTRONICO INDICANDO ADOPTAR A SEVILLA Y TUS DATOS .<br \/>\n-TAMBIEN PUEDES VISITARLA A TRAVES DE NUESTRA PAGINA WEB Y DEJARNOS TU<br \/>\nMENSAJE:<br \/>\nwww.maskeperros.es<\/p>\n","protected":false},"excerpt":{"rendered":"<p style=\"text-align: justify;\"><span style=\"color: #33cccc;\"><strong>ADOPTADA.<\/strong><\/span> Muy cari\u00f1osa y sociable<\/p>\n","protected":false},"featured_media":0,"template":"","meta":{"_acf_changed":false},"product_brand":[],"product_cat":[51,1000],"product_tag":[],"class_list":{"0":"post-7007","1":"product","2":"type-product","3":"status-publish","5":"product_cat-adoptados","6":"product_cat-adoptar-perro-gato-adoptar-mascota-es","7":"pa_chip-si","8":"pa_fecha-alta-04-10-2018","9":"pa_origen-asociacion-maskeperros","10":"pa_pais-espana","11":"pa_provincia-cadiz","12":"pa_sexo-hembra","13":"pa_tamano-c","15":"first","16":"instock","17":"taxable","18":"shipping-taxable","19":"product-type-simple"},"acf":[],"_links":{"self":[{"href":"https:\/\/www.wallamascotas.com\/web3\/wp-json\/wp\/v2\/product\/7007","targetHints":{"allow":["GET"]}}],"collection":[{"href":"https:\/\/www.wallamascotas.com\/web3\/wp-json\/wp\/v2\/product"}],"about":[{"href":"https:\/\/www.wallamascotas.com\/web3\/wp-json\/wp\/v2\/types\/product"}],"wp:attachment":[{"href":"https:\/\/www.wallamascotas.com\/web3\/wp-json\/wp\/v2\/media?parent=7007"}],"wp:term":[{"taxonomy":"product_brand","embeddable":true,"href":"https:\/\/www.wallamascotas.com\/web3\/wp-json\/wp\/v2\/product_brand?post=7007"},{"taxonomy":"product_cat","embeddable":true,"href":"https:\/\/www.wallamascotas.com\/web3\/wp-json\/wp\/v2\/product_cat?post=7007"},{"taxonomy":"product_tag","embeddable":true,"href":"https:\/\/www.wallamascotas.com\/web3\/wp-json\/wp\/v2\/product_tag?post=7007"}],"curies":[{"name":"wp","href":"https:\/\/api.w.org\/{rel}","templated":true}]}}