{"id":7068,"date":"2018-10-08T07:18:16","date_gmt":"2018-10-08T07:18:16","guid":{"rendered":"http:\/\/www.wallamascotas.com\/web3\/?post_type=product&#038;p=7068"},"modified":"2026-03-25T18:20:09","modified_gmt":"2026-03-25T18:20:09","slug":"lana-1-ano-zaragoza","status":"publish","type":"product","link":"https:\/\/www.wallamascotas.com\/web3\/mascota\/lana-1-ano-zaragoza\/","title":{"rendered":"LANA \u2013 1 A\u00d1O"},"content":{"rendered":"<p><span style=\"color: #33cccc; font-size: 130%;\"><strong>ADOPTADA<\/strong><\/span><\/p>\n<p>Lana es una gatita joven de 1-2 a\u00f1os, fue madre de dos cachorros, tiene un car\u00e1cter tranquilo y es paciente y cari\u00f1osa. Tiene calcivirus (que solo supone que a veces tiene moquetes y estornudos y hay que darle unas gotitas de medicaci\u00f3n, nada grave) y adem\u00e1s la graciosa habilidad de beber agua del grifo. Esta preciosidad se merece una casa donde la mimen y le hagan parte de su familia.<\/p>\n","protected":false},"excerpt":{"rendered":"<p style=\"text-align: justify;\"><span style=\"color: #33cccc;\"><strong>ADOPTADA.<\/strong><\/span> Paciente y cari\u00f1osa<\/p>\n","protected":false},"featured_media":0,"template":"","meta":{"_acf_changed":false},"product_brand":[],"product_cat":[51,1000],"product_tag":[],"class_list":{"0":"post-7068","1":"product","2":"type-product","3":"status-publish","5":"product_cat-adoptados","6":"product_cat-adoptar-perro-gato-adoptar-mascota-es","7":"pa_chip-no","8":"pa_fecha-alta-08-10-2018","9":"pa_origen-bigotes-callejeros","10":"pa_pais-espana","11":"pa_provincia-zaragoza","12":"pa_sexo-hembra","13":"pa_tamano-c","15":"first","16":"instock","17":"taxable","18":"shipping-taxable","19":"product-type-simple"},"acf":[],"_links":{"self":[{"href":"https:\/\/www.wallamascotas.com\/web3\/wp-json\/wp\/v2\/product\/7068","targetHints":{"allow":["GET"]}}],"collection":[{"href":"https:\/\/www.wallamascotas.com\/web3\/wp-json\/wp\/v2\/product"}],"about":[{"href":"https:\/\/www.wallamascotas.com\/web3\/wp-json\/wp\/v2\/types\/product"}],"wp:attachment":[{"href":"https:\/\/www.wallamascotas.com\/web3\/wp-json\/wp\/v2\/media?parent=7068"}],"wp:term":[{"taxonomy":"product_brand","embeddable":true,"href":"https:\/\/www.wallamascotas.com\/web3\/wp-json\/wp\/v2\/product_brand?post=7068"},{"taxonomy":"product_cat","embeddable":true,"href":"https:\/\/www.wallamascotas.com\/web3\/wp-json\/wp\/v2\/product_cat?post=7068"},{"taxonomy":"product_tag","embeddable":true,"href":"https:\/\/www.wallamascotas.com\/web3\/wp-json\/wp\/v2\/product_tag?post=7068"}],"curies":[{"name":"wp","href":"https:\/\/api.w.org\/{rel}","templated":true}]}}