{"id":7844,"date":"2018-11-20T20:33:41","date_gmt":"2018-11-20T20:33:41","guid":{"rendered":"http:\/\/www.wallamascotas.com\/web3\/?post_type=product&#038;p=7844"},"modified":"2018-11-27T10:25:39","modified_gmt":"2018-11-27T10:25:39","slug":"cantabria-rescate-perrines","status":"publish","type":"product","link":"https:\/\/www.wallamascotas.com\/web3\/mascota\/cantabria-rescate-perrines\/","title":{"rendered":"CANTABRIA"},"content":{"rendered":"<p>RESCATE PERRINES<\/p>\n<p style=\"text-align: justify;\">Somos un grupo de personas que un d\u00eda decidimos que en vez de ayudar a distintos perros siendo madrinas s\u00f3lo de uno,\u00bfpor qu\u00e9 no nos junt\u00e1bamos y as\u00ed podr\u00edamos ayudar a m\u00e1s perrines? As\u00ed empez\u00f3 Rescates Perrines, con CIF G-39842208, un grupo peque\u00f1o de madrinas que comenz\u00f3 su andadura en Diciembre de 2014, que poco a poco ha ido creciendo y queremos que siga creciendo cada d\u00eda. Cada madrina\/padrino al mes aporta lo que puede econ\u00f3micamente, pero somos constantes en esta aportaci\u00f3n y ah\u00ed radica gran parte de nuestra uni\u00f3n, tambi\u00e9n aportamos nuestras manos para hacer posible este sue\u00f1o, que es el sue\u00f1o de todos nuestros perros, el de encontrar una familia y ser felices. Cada perro rescatado y dado en adopci\u00f3n es un gran esfuerzo y una gran recompensa y el motivo por el cual naci\u00f3 la asociaci\u00f3n. Corremos con TODOS LOS GASTOS, TODOS (residencia, veterinario, pienso, etc&#8230;). nuestra GANANCIA radica en nuestro trabajo completamente altruista y la satisfacci\u00f3n de haber ayudado a estos seres maravillosos. No es un grupo que reporte ninguna gratificaci\u00f3n econ\u00f3mica pero si mucha emocional, si quieres ayudarnos aunque sepas que tu bolsillo se vaciara un poquito cada mes, te esperamos con los brazos abiertos. en estos ya pronto 4 a\u00f1os hemos rescatado mas de 350 perros y encontrado familia a 300, trabajamos muy duro para encontrar lo mejor para ellos<\/p>\n<p>CANTABRIA<\/p>\n<a href=\"http:\/\/www.wallamascotas.com\/web3\/wallamascotas\/?filter_origen=rescate-perrines\" class=\"button primary is-primary is-medium\"  >\n    <span>VER MASCOTAS DE LA ASOCIACI\u00d3N<\/span>\n  <\/a>\n\n<p>&nbsp;<\/p>\n<p><a href=\"http:\/\/www.wallamascotas.com\/web3\/wp-content\/uploads\/2018\/10\/banner_publicidad_wallamascotas_no_compres-1.jpg\"><img loading=\"lazy\" decoding=\"async\" class=\"alignnone size-full wp-image-7183\" src=\"http:\/\/www.wallamascotas.com\/web3\/wp-content\/uploads\/2018\/10\/banner_publicidad_wallamascotas_no_compres-1.jpg\" alt=\"\" width=\"750\" height=\"140\" srcset=\"https:\/\/www.wallamascotas.com\/web3\/wp-content\/uploads\/2018\/10\/banner_publicidad_wallamascotas_no_compres-1.jpg 750w, https:\/\/www.wallamascotas.com\/web3\/wp-content\/uploads\/2018\/10\/banner_publicidad_wallamascotas_no_compres-1-300x56.jpg 300w, https:\/\/www.wallamascotas.com\/web3\/wp-content\/uploads\/2018\/10\/banner_publicidad_wallamascotas_no_compres-1-600x112.jpg 600w\" sizes=\"auto, (max-width: 750px) 100vw, 750px\" \/><\/a><\/p>\n<p><a href=\"http:\/\/www.wallamascotas.com\/web3\/wp-content\/uploads\/2018\/10\/banner_colabora.jpg\"><img loading=\"lazy\" decoding=\"async\" class=\"alignnone size-full wp-image-7179\" src=\"http:\/\/www.wallamascotas.com\/web3\/wp-content\/uploads\/2018\/10\/banner_colabora.jpg\" alt=\"\" width=\"750\" height=\"140\" srcset=\"https:\/\/www.wallamascotas.com\/web3\/wp-content\/uploads\/2018\/10\/banner_colabora.jpg 750w, https:\/\/www.wallamascotas.com\/web3\/wp-content\/uploads\/2018\/10\/banner_colabora-300x56.jpg 300w, https:\/\/www.wallamascotas.com\/web3\/wp-content\/uploads\/2018\/10\/banner_colabora-600x112.jpg 600w\" sizes=\"auto, (max-width: 750px) 100vw, 750px\" \/><\/a><\/p>\n","protected":false},"excerpt":{"rendered":"<p>&nbsp;<\/p>\n<p>&nbsp;<\/p>\n","protected":false},"featured_media":7845,"template":"","meta":{"_acf_changed":false},"product_brand":[],"product_cat":[1000,1798],"product_tag":[],"class_list":{"0":"post-7844","1":"product","2":"type-product","3":"status-publish","4":"has-post-thumbnail","6":"product_cat-adoptar-perro-gato-adoptar-mascota-es","7":"product_cat-asociaciones","8":"pa_origen-rescate-perrines","9":"pa_pais-espana","10":"pa_provincia-cantabria","12":"first","13":"instock","14":"taxable","15":"shipping-taxable","16":"product-type-simple"},"acf":[],"_links":{"self":[{"href":"https:\/\/www.wallamascotas.com\/web3\/wp-json\/wp\/v2\/product\/7844","targetHints":{"allow":["GET"]}}],"collection":[{"href":"https:\/\/www.wallamascotas.com\/web3\/wp-json\/wp\/v2\/product"}],"about":[{"href":"https:\/\/www.wallamascotas.com\/web3\/wp-json\/wp\/v2\/types\/product"}],"wp:featuredmedia":[{"embeddable":true,"href":"https:\/\/www.wallamascotas.com\/web3\/wp-json\/wp\/v2\/media\/7845"}],"wp:attachment":[{"href":"https:\/\/www.wallamascotas.com\/web3\/wp-json\/wp\/v2\/media?parent=7844"}],"wp:term":[{"taxonomy":"product_brand","embeddable":true,"href":"https:\/\/www.wallamascotas.com\/web3\/wp-json\/wp\/v2\/product_brand?post=7844"},{"taxonomy":"product_cat","embeddable":true,"href":"https:\/\/www.wallamascotas.com\/web3\/wp-json\/wp\/v2\/product_cat?post=7844"},{"taxonomy":"product_tag","embeddable":true,"href":"https:\/\/www.wallamascotas.com\/web3\/wp-json\/wp\/v2\/product_tag?post=7844"}],"curies":[{"name":"wp","href":"https:\/\/api.w.org\/{rel}","templated":true}]}}