{"id":8252,"date":"2018-12-05T15:33:52","date_gmt":"2018-12-05T15:33:52","guid":{"rendered":"http:\/\/www.wallamascotas.com\/web3\/?post_type=product&#038;p=8252"},"modified":"2026-03-25T18:20:09","modified_gmt":"2026-03-25T18:20:09","slug":"ozzy-5-meses-ciudad-real","status":"publish","type":"product","link":"https:\/\/www.wallamascotas.com\/web3\/mascota\/ozzy-5-meses-ciudad-real\/","title":{"rendered":"OZZY \u2013 5 MESES"},"content":{"rendered":"<p><a href=\"http:\/\/www.wallamascotas.com\/web3\/wp-content\/uploads\/2018\/10\/banner_publicidad_wallamascotas_colabora2-1.jpg\"><img loading=\"lazy\" decoding=\"async\" class=\"alignnone size-full wp-image-7248\" src=\"http:\/\/www.wallamascotas.com\/web3\/wp-content\/uploads\/2018\/10\/banner_publicidad_wallamascotas_colabora2-1.jpg\" alt=\"\" width=\"750\" height=\"220\" \/><\/a><\/p>\n<p><span style=\"color: #33cccc; font-size: 130%;\"><strong>ADOPTADO<\/strong><\/span><\/p>\n<p>ES MUY URGENTE \u203c\ufe0f<\/p>\n<p>Se nos ha ca\u00eddo la adopci\u00f3n de nuestro precioso Ozzy ?? ? Estamos totalmente destrozadas!!<\/p>\n<p>Tiene 5 meses, es tranquilo, juguet\u00f3n, cari\u00f1oso y se lleva genial con gatos. Un amor total \u203c\ufe0f<\/p>\n<p>Si est\u00e1s pensando en que tu familia crezca con un beb\u00e9 pelud\u00edn ven a conocerlos o ll\u00e1manos, est\u00e1n en Bola\u00f1os de Calatrava (Ciudad Real). Te \u00a0enamorar\u00e1n<\/p>\n<p><a href=\"http:\/\/www.wallamascotas.com\/web3\/wp-content\/uploads\/2018\/10\/banner_colabora.jpg\"><img loading=\"lazy\" decoding=\"async\" class=\"alignnone size-full wp-image-7179\" src=\"http:\/\/www.wallamascotas.com\/web3\/wp-content\/uploads\/2018\/10\/banner_colabora.jpg\" alt=\"\" width=\"750\" height=\"140\" srcset=\"https:\/\/www.wallamascotas.com\/web3\/wp-content\/uploads\/2018\/10\/banner_colabora.jpg 750w, https:\/\/www.wallamascotas.com\/web3\/wp-content\/uploads\/2018\/10\/banner_colabora-300x56.jpg 300w, https:\/\/www.wallamascotas.com\/web3\/wp-content\/uploads\/2018\/10\/banner_colabora-600x112.jpg 600w\" sizes=\"auto, (max-width: 750px) 100vw, 750px\" \/><\/a><\/p>\n<div class=\"fb-page\" data-href=\"https:\/\/www.facebook.com\/wallamascotas\" data-width=\"340\" data-hide-cover=\"false\" data-show-facepile=\"true\"><\/div>\n","protected":false},"excerpt":{"rendered":"<p style=\"text-align: justify;\"><span style=\"color: #33cccc;\"><strong>ADOPTADO.<\/strong><\/span> Juguet\u00f3n y cari\u00f1oso<\/p>\n","protected":false},"featured_media":0,"template":"","meta":{"_acf_changed":false},"product_brand":[],"product_cat":[51,1000],"product_tag":[],"class_list":{"0":"post-8252","1":"product","2":"type-product","3":"status-publish","5":"product_cat-adoptados","6":"product_cat-adoptar-perro-gato-adoptar-mascota-es","7":"pa_chip-no","8":"pa_fecha_nacimiento-5-meses","9":"pa_fecha-alta-05-12-18","10":"pa_origen-particular","11":"pa_pais-espana","12":"pa_provincia-ciudad-real","13":"pa_sexo-macho","14":"pa_tamano-d","16":"first","17":"instock","18":"taxable","19":"shipping-taxable","20":"product-type-simple"},"acf":[],"_links":{"self":[{"href":"https:\/\/www.wallamascotas.com\/web3\/wp-json\/wp\/v2\/product\/8252","targetHints":{"allow":["GET"]}}],"collection":[{"href":"https:\/\/www.wallamascotas.com\/web3\/wp-json\/wp\/v2\/product"}],"about":[{"href":"https:\/\/www.wallamascotas.com\/web3\/wp-json\/wp\/v2\/types\/product"}],"wp:attachment":[{"href":"https:\/\/www.wallamascotas.com\/web3\/wp-json\/wp\/v2\/media?parent=8252"}],"wp:term":[{"taxonomy":"product_brand","embeddable":true,"href":"https:\/\/www.wallamascotas.com\/web3\/wp-json\/wp\/v2\/product_brand?post=8252"},{"taxonomy":"product_cat","embeddable":true,"href":"https:\/\/www.wallamascotas.com\/web3\/wp-json\/wp\/v2\/product_cat?post=8252"},{"taxonomy":"product_tag","embeddable":true,"href":"https:\/\/www.wallamascotas.com\/web3\/wp-json\/wp\/v2\/product_tag?post=8252"}],"curies":[{"name":"wp","href":"https:\/\/api.w.org\/{rel}","templated":true}]}}