{"id":888,"date":"2017-10-26T00:53:42","date_gmt":"2017-10-26T00:53:42","guid":{"rendered":"http:\/\/www.wallamascotas.com\/web3\/?post_type=product&#038;p=888"},"modified":"2026-03-25T18:20:09","modified_gmt":"2026-03-25T18:20:09","slug":"urgente-lince-murcia","status":"publish","type":"product","link":"https:\/\/www.wallamascotas.com\/web3\/mascota\/urgente-lince-murcia\/","title":{"rendered":"URGENTE \u2013 LINCE"},"content":{"rendered":"<p><span style=\"color: #33cccc; font-size: 130%;\"><strong>ADOPTADO<\/strong><\/span><\/p>\n<p style=\"text-align: justify;\">SOY LINCE ese buen gato que qued\u00f3 hu\u00e9rfano siendo beb\u00e9 \u00a0y que a d\u00eda de hoy espera pacientemente a que alguien que me vea &#8230;. aprecie mi belleza y mi bondad&#8230;\u00a0AY\u00daDAME A ESTAR EN UN HOGAR CUANDO LLEGUE EL FR\u00cdO&#8230;.. \u00a0Y LAS LLUVIAS&#8230;.\u00a0SOY CASERO&#8230;.\u00a0SOY HU\u00c9RFANO EN BUSCA DE FAMILIA.<br \/>\nAY\u00daDAME \u00a0AUNQUE NO SEA UN BEB\u00c9 &#8230;. YO TAMBI\u00c9N SUFRO \u00a0Y SIENTO \u00a0Y LLEV\u00d3 MUCHO TIEMPO ESPERANDO.<br \/>\nMe encuentro en Murcia pero podr\u00eda viajar.<br \/>\nTo\u00f1y espera \u00a0vuestra llamada<br \/>\n600843585 \u2014 en \ufffcUrbanizacion Montepinar.<\/p>\n","protected":false},"excerpt":{"rendered":"<p style=\"text-align: justify;\"><strong><span style=\"color: #33cccc;\">ADOPTADO.<\/span> <\/strong>Ay\u00fadame a estar en un hogar<\/p>\n","protected":false},"featured_media":889,"template":"","meta":{"_acf_changed":false},"product_brand":[],"product_cat":[51],"product_tag":[],"class_list":{"0":"post-888","1":"product","2":"type-product","3":"status-publish","4":"has-post-thumbnail","6":"product_cat-adoptados","7":"pa_provincia-murcia","8":"pa_sexo-macho","10":"first","11":"instock","12":"taxable","13":"shipping-taxable","14":"product-type-simple"},"acf":[],"_links":{"self":[{"href":"https:\/\/www.wallamascotas.com\/web3\/wp-json\/wp\/v2\/product\/888","targetHints":{"allow":["GET"]}}],"collection":[{"href":"https:\/\/www.wallamascotas.com\/web3\/wp-json\/wp\/v2\/product"}],"about":[{"href":"https:\/\/www.wallamascotas.com\/web3\/wp-json\/wp\/v2\/types\/product"}],"wp:featuredmedia":[{"embeddable":true,"href":"https:\/\/www.wallamascotas.com\/web3\/wp-json\/wp\/v2\/media\/889"}],"wp:attachment":[{"href":"https:\/\/www.wallamascotas.com\/web3\/wp-json\/wp\/v2\/media?parent=888"}],"wp:term":[{"taxonomy":"product_brand","embeddable":true,"href":"https:\/\/www.wallamascotas.com\/web3\/wp-json\/wp\/v2\/product_brand?post=888"},{"taxonomy":"product_cat","embeddable":true,"href":"https:\/\/www.wallamascotas.com\/web3\/wp-json\/wp\/v2\/product_cat?post=888"},{"taxonomy":"product_tag","embeddable":true,"href":"https:\/\/www.wallamascotas.com\/web3\/wp-json\/wp\/v2\/product_tag?post=888"}],"curies":[{"name":"wp","href":"https:\/\/api.w.org\/{rel}","templated":true}]}}