{"id":9162,"date":"2019-01-10T11:24:29","date_gmt":"2019-01-10T11:24:29","guid":{"rendered":"http:\/\/www.wallamascotas.com\/web3\/?post_type=product&#038;p=9162"},"modified":"2019-01-10T11:35:13","modified_gmt":"2019-01-10T11:35:13","slug":"cantabria-accion-y-reaccion-animal","status":"publish","type":"product","link":"https:\/\/www.wallamascotas.com\/web3\/mascota\/cantabria-accion-y-reaccion-animal\/","title":{"rendered":"CANTABRIA"},"content":{"rendered":"<p>ACCI\u00d3N Y REACCI\u00d3N ANIMAL<\/p>\n<p style=\"font-weight: 400;\">Somos un grupo de voluntarios unidos por nuestro amor a los animales y nuestro deseo de mejorar la situaci\u00f3n en que se encuentran en nuestra comunidad. Nos registramos como asociaci\u00f3n en julio de 2015 con el objetivo de luchar por una vida digna para los animales abandonados y maltratados.<\/p>\n<p style=\"font-weight: 400;\">Nos ocupamos de proporcionarles asistencia veterinaria, comida, refugio, y sobre todo, mucho cari\u00f1o para devolverles la confianza en el ser humano y poder encontrarles una familia donde sean uno m\u00e1s para siempre. En marzo de 2017 nuestro peque\u00f1o refugio situado en Torrelavega obtuvo la autorizaci\u00f3n para funcionar como n\u00facleo zool\u00f3gico y poco despu\u00e9s, nuestra asociaci\u00f3n fue declarada &#8220;Asociaci\u00f3n para la Protecci\u00f3n y Defensa de los Animales&#8221; y &#8220;Entidad Colaboradora&#8221; del Gobierno de Cantabria.<\/p>\n<p style=\"font-weight: 400;\">Actualmente realizamos la recogida de los animales vagabundos de tres municipios que han apostado por el Sacrificio Cero.<\/p>\n<p>CANTABRIA<\/p>\n<a href=\"http:\/\/www.wallamascotas.com\/web3\/wallamascotas\/?filter_origen=accion-y-reaccion-animal-cantabria\" class=\"button primary is-primary is-medium\"  >\n    <span>VER MASCOTAS DE LA ASOCIACI\u00d3N<\/span>\n  <\/a>\n\n<p>&nbsp;<\/p>\n<p><a href=\"http:\/\/www.wallamascotas.com\/web3\/wp-content\/uploads\/2018\/10\/banner_publicidad_wallamascotas_no_compres-1.jpg\"><img loading=\"lazy\" decoding=\"async\" class=\"alignnone size-full wp-image-7183\" src=\"http:\/\/www.wallamascotas.com\/web3\/wp-content\/uploads\/2018\/10\/banner_publicidad_wallamascotas_no_compres-1.jpg\" alt=\"\" width=\"750\" height=\"140\" srcset=\"https:\/\/www.wallamascotas.com\/web3\/wp-content\/uploads\/2018\/10\/banner_publicidad_wallamascotas_no_compres-1.jpg 750w, https:\/\/www.wallamascotas.com\/web3\/wp-content\/uploads\/2018\/10\/banner_publicidad_wallamascotas_no_compres-1-300x56.jpg 300w, https:\/\/www.wallamascotas.com\/web3\/wp-content\/uploads\/2018\/10\/banner_publicidad_wallamascotas_no_compres-1-600x112.jpg 600w\" sizes=\"auto, (max-width: 750px) 100vw, 750px\" \/><\/a><\/p>\n<p><a href=\"http:\/\/www.wallamascotas.com\/web3\/wp-content\/uploads\/2018\/10\/banner_colabora.jpg\"><img loading=\"lazy\" decoding=\"async\" class=\"alignnone size-full wp-image-7179\" src=\"http:\/\/www.wallamascotas.com\/web3\/wp-content\/uploads\/2018\/10\/banner_colabora.jpg\" alt=\"\" width=\"750\" height=\"140\" srcset=\"https:\/\/www.wallamascotas.com\/web3\/wp-content\/uploads\/2018\/10\/banner_colabora.jpg 750w, https:\/\/www.wallamascotas.com\/web3\/wp-content\/uploads\/2018\/10\/banner_colabora-300x56.jpg 300w, https:\/\/www.wallamascotas.com\/web3\/wp-content\/uploads\/2018\/10\/banner_colabora-600x112.jpg 600w\" sizes=\"auto, (max-width: 750px) 100vw, 750px\" \/><\/a><\/p>\n","protected":false},"excerpt":{"rendered":"<p>&nbsp;<\/p>\n<p>&nbsp;<\/p>\n","protected":false},"featured_media":9164,"template":"","meta":{"_acf_changed":false},"product_brand":[],"product_cat":[1000,1798],"product_tag":[],"class_list":{"0":"post-9162","1":"product","2":"type-product","3":"status-publish","4":"has-post-thumbnail","6":"product_cat-adoptar-perro-gato-adoptar-mascota-es","7":"product_cat-asociaciones","8":"pa_origen-accion-y-reaccion-animal-cantabria","9":"pa_pais-espana","10":"pa_provincia-cantabria","12":"first","13":"instock","14":"taxable","15":"shipping-taxable","16":"product-type-simple"},"acf":[],"_links":{"self":[{"href":"https:\/\/www.wallamascotas.com\/web3\/wp-json\/wp\/v2\/product\/9162","targetHints":{"allow":["GET"]}}],"collection":[{"href":"https:\/\/www.wallamascotas.com\/web3\/wp-json\/wp\/v2\/product"}],"about":[{"href":"https:\/\/www.wallamascotas.com\/web3\/wp-json\/wp\/v2\/types\/product"}],"wp:featuredmedia":[{"embeddable":true,"href":"https:\/\/www.wallamascotas.com\/web3\/wp-json\/wp\/v2\/media\/9164"}],"wp:attachment":[{"href":"https:\/\/www.wallamascotas.com\/web3\/wp-json\/wp\/v2\/media?parent=9162"}],"wp:term":[{"taxonomy":"product_brand","embeddable":true,"href":"https:\/\/www.wallamascotas.com\/web3\/wp-json\/wp\/v2\/product_brand?post=9162"},{"taxonomy":"product_cat","embeddable":true,"href":"https:\/\/www.wallamascotas.com\/web3\/wp-json\/wp\/v2\/product_cat?post=9162"},{"taxonomy":"product_tag","embeddable":true,"href":"https:\/\/www.wallamascotas.com\/web3\/wp-json\/wp\/v2\/product_tag?post=9162"}],"curies":[{"name":"wp","href":"https:\/\/api.w.org\/{rel}","templated":true}]}}