{"id":9231,"date":"2019-01-13T17:10:02","date_gmt":"2019-01-13T17:10:02","guid":{"rendered":"http:\/\/www.wallamascotas.com\/web3\/?post_type=product&#038;p=9231"},"modified":"2020-11-24T10:26:16","modified_gmt":"2020-11-24T10:26:16","slug":"granada-maullidos-invisibles","status":"publish","type":"product","link":"https:\/\/www.wallamascotas.com\/web3\/mascota\/granada-maullidos-invisibles\/","title":{"rendered":"GRANADA"},"content":{"rendered":"<p style=\"text-align: justify;\">MAULLIDOS INVISIBLES<\/p>\n<div style=\"text-align: justify;\">Somos tan solo un peque\u00f1o grupo de voluntarios, pero que con mucho entusiasmo luchamos por sacar a los gatos adelante y encontrarles su merecido hogar.<\/div>\n<p style=\"text-align: justify;\">Nuestro objetivo es mejorar, en la medida de nuestras posibilidades, la vida de los gatos de Granada y alrededores y hacerlos visibles a la sociedad. Para ello intentaremos rescatar a los gatos dom\u00e9sticos de las calles, acogi\u00e9ndolos, recuper\u00e1ndolos y busc\u00e1ndoles un nuevo hogar. Atenderemos a los gatos heridos. Realizaremos compa\u00f1as de castraci\u00f3n y de control de colonias, para evitar el nacimiento de m\u00e1s camadas sin suerte y conseguir que los gatos silvestres puedan vivir en la ciudad sanos y en equilibrio con los humanos. Realizaremos campa\u00f1as, actividades y charlas de concienciaci\u00f3n, para hacer la situaci\u00f3n de los gatos m\u00e1s visible, potenciar su respeto y su cuidado, dar a conocer sus necesidades y problemas, y fomentar una tenencia responsable.<\/p>\n<p>seguimientosmaullidos@gmail.com<\/p>\n<p style=\"text-align: justify;\">GRANADA<\/p>\n<a href=\"http:\/\/www.wallamascotas.com\/web3\/wallamascotas\/?filter_origen=maullidos-invisibles\" class=\"button primary is-primary is-medium\"  >\n    <span>VER MASCOTAS DE LA ASOCIACI\u00d3N<\/span>\n  <\/a>\n\n<p>&nbsp;<\/p>\n<p><a href=\"http:\/\/www.wallamascotas.com\/web3\/wp-content\/uploads\/2018\/10\/banner_publicidad_wallamascotas_no_compres-1.jpg\"><img loading=\"lazy\" decoding=\"async\" class=\"alignnone size-full wp-image-7183\" src=\"http:\/\/www.wallamascotas.com\/web3\/wp-content\/uploads\/2018\/10\/banner_publicidad_wallamascotas_no_compres-1.jpg\" alt=\"\" width=\"750\" height=\"140\" srcset=\"https:\/\/www.wallamascotas.com\/web3\/wp-content\/uploads\/2018\/10\/banner_publicidad_wallamascotas_no_compres-1.jpg 750w, https:\/\/www.wallamascotas.com\/web3\/wp-content\/uploads\/2018\/10\/banner_publicidad_wallamascotas_no_compres-1-300x56.jpg 300w, https:\/\/www.wallamascotas.com\/web3\/wp-content\/uploads\/2018\/10\/banner_publicidad_wallamascotas_no_compres-1-600x112.jpg 600w\" sizes=\"auto, (max-width: 750px) 100vw, 750px\" \/><\/a><\/p>\n<p><a href=\"http:\/\/www.wallamascotas.com\/web3\/wp-content\/uploads\/2018\/10\/banner_colabora.jpg\"><img loading=\"lazy\" decoding=\"async\" class=\"alignnone size-full wp-image-7179\" src=\"http:\/\/www.wallamascotas.com\/web3\/wp-content\/uploads\/2018\/10\/banner_colabora.jpg\" alt=\"\" width=\"750\" height=\"140\" srcset=\"https:\/\/www.wallamascotas.com\/web3\/wp-content\/uploads\/2018\/10\/banner_colabora.jpg 750w, https:\/\/www.wallamascotas.com\/web3\/wp-content\/uploads\/2018\/10\/banner_colabora-300x56.jpg 300w, https:\/\/www.wallamascotas.com\/web3\/wp-content\/uploads\/2018\/10\/banner_colabora-600x112.jpg 600w\" sizes=\"auto, (max-width: 750px) 100vw, 750px\" \/><\/a><\/p>\n","protected":false},"excerpt":{"rendered":"<p>&nbsp;<\/p>\n<p>&nbsp;<\/p>\n","protected":false},"featured_media":9232,"template":"","meta":{"_acf_changed":false},"product_brand":[],"product_cat":[1000,1798],"product_tag":[],"class_list":{"0":"post-9231","1":"product","2":"type-product","3":"status-publish","4":"has-post-thumbnail","6":"product_cat-adoptar-perro-gato-adoptar-mascota-es","7":"product_cat-asociaciones","8":"pa_origen-maullidos-invisibles","9":"pa_pais-espana","10":"pa_provincia-granada","12":"first","13":"instock","14":"taxable","15":"shipping-taxable","16":"product-type-simple"},"acf":[],"_links":{"self":[{"href":"https:\/\/www.wallamascotas.com\/web3\/wp-json\/wp\/v2\/product\/9231","targetHints":{"allow":["GET"]}}],"collection":[{"href":"https:\/\/www.wallamascotas.com\/web3\/wp-json\/wp\/v2\/product"}],"about":[{"href":"https:\/\/www.wallamascotas.com\/web3\/wp-json\/wp\/v2\/types\/product"}],"wp:featuredmedia":[{"embeddable":true,"href":"https:\/\/www.wallamascotas.com\/web3\/wp-json\/wp\/v2\/media\/9232"}],"wp:attachment":[{"href":"https:\/\/www.wallamascotas.com\/web3\/wp-json\/wp\/v2\/media?parent=9231"}],"wp:term":[{"taxonomy":"product_brand","embeddable":true,"href":"https:\/\/www.wallamascotas.com\/web3\/wp-json\/wp\/v2\/product_brand?post=9231"},{"taxonomy":"product_cat","embeddable":true,"href":"https:\/\/www.wallamascotas.com\/web3\/wp-json\/wp\/v2\/product_cat?post=9231"},{"taxonomy":"product_tag","embeddable":true,"href":"https:\/\/www.wallamascotas.com\/web3\/wp-json\/wp\/v2\/product_tag?post=9231"}],"curies":[{"name":"wp","href":"https:\/\/api.w.org\/{rel}","templated":true}]}}