{"id":9419,"date":"2019-01-24T08:43:43","date_gmt":"2019-01-24T08:43:43","guid":{"rendered":"http:\/\/www.wallamascotas.com\/web3\/?post_type=product&#038;p=9419"},"modified":"2019-03-06T18:19:36","modified_gmt":"2019-03-06T18:19:36","slug":"bola-2-meses-guadalajara","status":"publish","type":"product","link":"https:\/\/www.wallamascotas.com\/web3\/mascota\/bola-2-meses-guadalajara\/","title":{"rendered":"BOLA \u2013 2 MESES"},"content":{"rendered":"<p><a href=\"http:\/\/www.wallamascotas.com\/web3\/wp-content\/uploads\/2018\/10\/banner_publicidad_wallamascotas_colabora2-1.jpg\"><img loading=\"lazy\" decoding=\"async\" class=\"alignnone size-full wp-image-7248\" src=\"http:\/\/www.wallamascotas.com\/web3\/wp-content\/uploads\/2018\/10\/banner_publicidad_wallamascotas_colabora2-1.jpg\" alt=\"\" width=\"750\" height=\"220\" \/><\/a><\/p>\n<p><span style=\"color: #33cccc; font-size: 130%;\"><strong>ADOPTADO<\/strong><\/span><br \/>\nBOLA ES UNA CACHORRO DE MAST\u00cdN CON DOS MESES. ES MUY AMOROSO Y JUGUET\u00d3N, COMO CORRESPONDE A UN PERRO DE ESA EDAD. SE ENTREGA AL D\u00cdA A NIVEL VETERINARIO Y CON MICROCHIP. CON COMPROMISO DE CASTRACI\u00d3N. CONTRATO DE ADOPCI\u00d3N Y SEGUIMIENTO POSTERIOR POR PARTE DE LA PROTECTORA.<\/p>\n<p><a href=\"http:\/\/www.wallamascotas.com\/web3\/wp-content\/uploads\/2018\/10\/banner_publicidad_wallamascotas_no_compres-1.jpg\"><img loading=\"lazy\" decoding=\"async\" class=\"alignnone size-full wp-image-7183\" src=\"http:\/\/www.wallamascotas.com\/web3\/wp-content\/uploads\/2018\/10\/banner_publicidad_wallamascotas_no_compres-1.jpg\" alt=\"\" width=\"750\" height=\"140\" srcset=\"https:\/\/www.wallamascotas.com\/web3\/wp-content\/uploads\/2018\/10\/banner_publicidad_wallamascotas_no_compres-1.jpg 750w, https:\/\/www.wallamascotas.com\/web3\/wp-content\/uploads\/2018\/10\/banner_publicidad_wallamascotas_no_compres-1-300x56.jpg 300w, https:\/\/www.wallamascotas.com\/web3\/wp-content\/uploads\/2018\/10\/banner_publicidad_wallamascotas_no_compres-1-600x112.jpg 600w\" sizes=\"auto, (max-width: 750px) 100vw, 750px\" \/><\/a><\/p>\n<p><a href=\"http:\/\/www.wallamascotas.com\/web3\/wp-content\/uploads\/2018\/10\/banner_colabora.jpg\"><img loading=\"lazy\" decoding=\"async\" class=\"alignnone size-full wp-image-7179\" src=\"http:\/\/www.wallamascotas.com\/web3\/wp-content\/uploads\/2018\/10\/banner_colabora.jpg\" alt=\"\" width=\"750\" height=\"140\" srcset=\"https:\/\/www.wallamascotas.com\/web3\/wp-content\/uploads\/2018\/10\/banner_colabora.jpg 750w, https:\/\/www.wallamascotas.com\/web3\/wp-content\/uploads\/2018\/10\/banner_colabora-300x56.jpg 300w, https:\/\/www.wallamascotas.com\/web3\/wp-content\/uploads\/2018\/10\/banner_colabora-600x112.jpg 600w\" sizes=\"auto, (max-width: 750px) 100vw, 750px\" \/><\/a><\/p>\n<div class=\"fb-page\" data-href=\"https:\/\/www.facebook.com\/wallamascotas\" data-width=\"340\" data-hide-cover=\"false\" data-show-facepile=\"true\"><\/div>\n","protected":false},"excerpt":{"rendered":"<p style=\"text-align: justify;\"><span style=\"color: #33cccc;\"><strong>ADOPTADO.<\/strong><\/span> Muy amoroso<\/p>\n","protected":false},"featured_media":0,"template":"","meta":{"_acf_changed":false},"product_brand":[],"product_cat":[1000],"product_tag":[],"class_list":{"0":"post-9419","1":"product","2":"type-product","3":"status-publish","5":"product_cat-adoptar-perro-gato-adoptar-mascota-es","6":"pa_chip-si","7":"pa_fecha_nacimiento-2-meses","8":"pa_fecha-alta-22-01-19","9":"pa_origen-a-p-a-sonando-feliz","10":"pa_pais-espana","11":"pa_provincia-guadalajara","12":"pa_raza-mastin","13":"pa_sexo-macho","14":"pa_tamano-d","16":"first","17":"instock","18":"taxable","19":"shipping-taxable","20":"product-type-simple"},"acf":[],"_links":{"self":[{"href":"https:\/\/www.wallamascotas.com\/web3\/wp-json\/wp\/v2\/product\/9419","targetHints":{"allow":["GET"]}}],"collection":[{"href":"https:\/\/www.wallamascotas.com\/web3\/wp-json\/wp\/v2\/product"}],"about":[{"href":"https:\/\/www.wallamascotas.com\/web3\/wp-json\/wp\/v2\/types\/product"}],"wp:attachment":[{"href":"https:\/\/www.wallamascotas.com\/web3\/wp-json\/wp\/v2\/media?parent=9419"}],"wp:term":[{"taxonomy":"product_brand","embeddable":true,"href":"https:\/\/www.wallamascotas.com\/web3\/wp-json\/wp\/v2\/product_brand?post=9419"},{"taxonomy":"product_cat","embeddable":true,"href":"https:\/\/www.wallamascotas.com\/web3\/wp-json\/wp\/v2\/product_cat?post=9419"},{"taxonomy":"product_tag","embeddable":true,"href":"https:\/\/www.wallamascotas.com\/web3\/wp-json\/wp\/v2\/product_tag?post=9419"}],"curies":[{"name":"wp","href":"https:\/\/api.w.org\/{rel}","templated":true}]}}